{"id":59829,"date":"2020-10-01T12:08:47","date_gmt":"2020-10-01T12:08:47","guid":{"rendered":"https:\/\/octaedro.com\/?post_type=product&#038;p=59829"},"modified":"2022-06-13T16:16:50","modified_gmt":"2022-06-13T16:16:50","slug":"lavia-grill-i-la-defensa-de-laigua","status":"publish","type":"product","link":"https:\/\/wizardly-davinci.82-223-8-23.plesk.page\/en\/producto\/lavia-grill-i-la-defensa-de-laigua\/","title":{"rendered":"L\u2019\u00c0via Grill i la defensa de l\u2019aigua"},"content":{"rendered":"<p><strong>L\u2019\u00c0via Grill i la defensa de l\u2019aigua<\/strong>\u00a0\u00e9s una llegenda adaptada als nostres temps, inspirada en el mite ayoreo, que ens anima a lluitar per l\u2019aigua com a b\u00e9 com\u00fa. T\u2019imagines viure sense aigua? Quantes vegades al dia la utilitzes? I si l\u2019aigua cost\u00e9s molt m\u00e9s del que pots pagar? Com beuries, et dutxaries, netejaries i cuinaries? Qu\u00e8 cuinaries si no creix res sense aigua? Aquestes preguntes se les va fer la gent de Bol\u00edvia quan els van intentar robar l\u2019aigua, i aquest \u00e9s el conte de com va passar. L\u2019\u00c0via Grill \u00e9s un personatge de l\u2019orient de Bol\u00edvia que porta l\u2019aigua quan canta. I a Bol\u00edvia, entre els anys 2000 i 2003, la gent va haver de lluitar per salvar l\u2019aigua, perqu\u00e8 les grans empreses no els la prenguessin. Es van anomenar les Guerres de l\u2019Aigua.<\/p>\n<p><strong>L\u2019\u00c0via Grill i la defensa de l\u2019aigua<\/strong>\u00a0\u00e9s un conte basat en un bonic\u00a0<a href=\"https:\/\/www.youtube.com\/watch?v=AXz4XPuB_BM&amp;t=618s\">v\u00eddeo d\u2019animaci\u00f3<\/a>\u00a0que commemora les lluites per all\u00f2 que \u00e9s de totes i tots, pels nostres b\u00e9ns comuns, que ning\u00fa no ens pot treure.<\/p>\n<p>El llibre cont\u00e9 una unes reflexions finals amb l\u2019objectiu de poder dinamitzar la lectura del conte. Les criatures podran fer-se preguntes al voltant de l\u2019aigua, l\u2019\u00fas quotidi\u00e0 que fem d\u2019ella i la import\u00e0ncia que sigui un b\u00e9 com\u00fa.<\/p>\n<p>Il\u00b7lustrat per\u00a0<a href=\"https:\/\/pol-len.cat\/autoria\/denis-chapon\/\">Denins Chapon<\/a>\u00a0 amb text de Claudia Michel.<\/p>\n","protected":false},"excerpt":{"rendered":"<p><strong>L\u2019\u00c0via Grill i la defensa de l\u2019aigua<\/strong>\u00a0\u00e9s una llegenda adaptada als nostres temps, inspirada en el mite ayoreo, que ens anima a lluitar per l\u2019aigua com a b\u00e9 com\u00fa. T\u2019imagines viure sense aigua? Quantes vegades al dia la utilitzes? I si l\u2019aigua cost\u00e9s molt m\u00e9s del que pots pagar? Com beuries, et dutxaries, netejaries i cuinaries? Qu\u00e8 cuinaries si no creix res sense aigua? Aquestes preguntes se les va fer la gent de Bol\u00edvia quan els van intentar robar l\u2019aigua, i aquest \u00e9s el conte de com va passar. L\u2019\u00c0via Grill \u00e9s un personatge de l\u2019orient de Bol\u00edvia que porta l\u2019aigua quan canta. I a Bol\u00edvia, entre els anys 2000 i 2003, la gent va haver de lluitar per salvar l\u2019aigua, perqu\u00e8 les grans empreses no els la prenguessin. Es van anomenar les Guerres de l\u2019Aigua.<\/p>\n<p><strong>L\u2019\u00c0via Grill i la defensa de l\u2019aigua<\/strong>\u00a0\u00e9s un conte basat en un bonic\u00a0v\u00eddeo d\u2019animaci\u00f3\u00a0que commemora les lluites per all\u00f2 que \u00e9s de totes i tots, pels nostres b\u00e9ns comuns, que ning\u00fa no ens pot treure.<\/p>\n<p>El llibre cont\u00e9 una unes reflexions finals amb l\u2019objectiu de poder dinamitzar la lectura del conte. Les criatures podran fer-se preguntes al voltant de l\u2019aigua, l\u2019\u00fas quotidi\u00e0 que fem d\u2019ella i la import\u00e0ncia que sigui un b\u00e9 com\u00fa.<\/p>\n<p>Il\u00b7lustrat per\u00a0Denins Chapon\u00a0 amb text de <strong>Claudia Michel<\/strong>.<\/p>\n","protected":false},"featured_media":59836,"comment_status":"open","ping_status":"closed","template":"","meta":{"_et_pb_use_builder":"","_et_pb_old_content":"","_et_gb_content_width":""},"product_cat":[2614,6675],"product_tag":[2602],"edicion":[1083],"editoriales":[1162],"tienda":[],"autor_id":[22032,22033],"universidades_coeditoras":[],"palabras_clave":[],"listado_alfabetico":[],"acf":[],"_links":{"self":[{"href":"https:\/\/wizardly-davinci.82-223-8-23.plesk.page\/en\/wp-json\/wp\/v2\/product\/59829"}],"collection":[{"href":"https:\/\/wizardly-davinci.82-223-8-23.plesk.page\/en\/wp-json\/wp\/v2\/product"}],"about":[{"href":"https:\/\/wizardly-davinci.82-223-8-23.plesk.page\/en\/wp-json\/wp\/v2\/types\/product"}],"replies":[{"embeddable":true,"href":"https:\/\/wizardly-davinci.82-223-8-23.plesk.page\/en\/wp-json\/wp\/v2\/comments?post=59829"}],"wp:featuredmedia":[{"embeddable":true,"href":"https:\/\/wizardly-davinci.82-223-8-23.plesk.page\/en\/wp-json\/wp\/v2\/media\/59836"}],"wp:attachment":[{"href":"https:\/\/wizardly-davinci.82-223-8-23.plesk.page\/en\/wp-json\/wp\/v2\/media?parent=59829"}],"wp:term":[{"taxonomy":"product_cat","embeddable":true,"href":"https:\/\/wizardly-davinci.82-223-8-23.plesk.page\/en\/wp-json\/wp\/v2\/product_cat?post=59829"},{"taxonomy":"product_tag","embeddable":true,"href":"https:\/\/wizardly-davinci.82-223-8-23.plesk.page\/en\/wp-json\/wp\/v2\/product_tag?post=59829"},{"taxonomy":"edicion","embeddable":true,"href":"https:\/\/wizardly-davinci.82-223-8-23.plesk.page\/en\/wp-json\/wp\/v2\/edicion?post=59829"},{"taxonomy":"editoriales","embeddable":true,"href":"https:\/\/wizardly-davinci.82-223-8-23.plesk.page\/en\/wp-json\/wp\/v2\/editoriales?post=59829"},{"taxonomy":"tienda","embeddable":true,"href":"https:\/\/wizardly-davinci.82-223-8-23.plesk.page\/en\/wp-json\/wp\/v2\/tienda?post=59829"},{"taxonomy":"autor_id","embeddable":true,"href":"https:\/\/wizardly-davinci.82-223-8-23.plesk.page\/en\/wp-json\/wp\/v2\/autor_id?post=59829"},{"taxonomy":"universidades_coeditoras","embeddable":true,"href":"https:\/\/wizardly-davinci.82-223-8-23.plesk.page\/en\/wp-json\/wp\/v2\/universidades_coeditoras?post=59829"},{"taxonomy":"palabras_clave","embeddable":true,"href":"https:\/\/wizardly-davinci.82-223-8-23.plesk.page\/en\/wp-json\/wp\/v2\/palabras_clave?post=59829"},{"taxonomy":"listado_alfabetico","embeddable":true,"href":"https:\/\/wizardly-davinci.82-223-8-23.plesk.page\/en\/wp-json\/wp\/v2\/listado_alfabetico?post=59829"}],"curies":[{"name":"wp","href":"https:\/\/api.w.org\/{rel}","templated":true}]}}