{"id":59838,"date":"2021-11-01T12:31:46","date_gmt":"2021-11-01T12:31:46","guid":{"rendered":"https:\/\/octaedro.com\/?post_type=product&#038;p=59838"},"modified":"2022-06-13T16:41:23","modified_gmt":"2022-06-13T16:41:23","slug":"i-es-va-fer-la-llum","status":"publish","type":"product","link":"https:\/\/wizardly-davinci.82-223-8-23.plesk.page\/en\/producto\/i-es-va-fer-la-llum\/","title":{"rendered":"I es va fer la llum"},"content":{"rendered":"<p><em>I es va fer la llum. Una hist\u00f2ria sobre la pobresa energ\u00e8tica en la inf\u00e0ncia.<\/em>\u00a0Aquest conte s\u2019ha inspirat en les viv\u00e8ncies de les fam\u00edlies de l\u2019<a href=\"https:\/\/pobresaenergetica.es\/\">Alian\u00e7a contra la Pobresa Energ\u00e8tica<\/a>\u00a0i els testimonis de la inf\u00e0ncia de la Ca\u00f1ada Real, que l\u2019octubre de 2021 portava un any sense llum i \u00e9s molt valenta.<\/p>\n<p>A partir de 6 anys.<\/p>\n<p><em>I es va fer la llum<\/em>\u00a0\u00e9s un conte inspirat en les fam\u00edlies de l\u2019<a href=\"https:\/\/pobresaenergetica.es\/\">Alian\u00e7a contra la Pobresa Energ\u00e8tica<\/a>\u00a0i el testimoniatge de la inf\u00e0ncia de la Ca\u00f1ada Real, que ara fa un any que viuen sense llum. \u00c9s un conte il\u00b7lustrat per\u00a0<a href=\"https:\/\/www.instagram.com\/ivonnenavarroillustration\/\">Ivonne Navarro Varas<\/a>\u00a0que pret\u00e9n aportar un petit gra de sorra per superar aquesta injust\u00edcia de manera col\u00b7lectiva. Amb un llenguatge senzill alhora que contundent, \u00e9s el conte ideal per a que en \u00e0mbits educatius es puguin acompanyar aquestes situacions i, alhora, enfortir les xarxes de suport que volen revertir aquesta situaci\u00f3.<\/p>\n","protected":false},"excerpt":{"rendered":"<p><strong>I es va fer la llum.<\/strong> <em>Una hist\u00f2ria sobre la pobresa energ\u00e8tica en la inf\u00e0ncia<\/em>.\u00a0Aquest conte s\u2019ha inspirat en les viv\u00e8ncies de les fam\u00edlies de l\u2019<strong>Alian\u00e7a contra la Pobresa Energ\u00e8tica<\/strong>\u00a0i els testimonis de la inf\u00e0ncia de la Ca\u00f1ada Real, que l\u2019octubre de 2021 portava un any sense llum i \u00e9s molt valenta.<\/p>\n<p>A partir de 6 anys.<\/p>\n<p>I es va fer la llum\u00a0\u00e9s un conte inspirat en les fam\u00edlies de l\u2019<strong>Alian\u00e7a contra la Pobresa Energ\u00e8tica<\/strong>\u00a0i el testimoniatge de la inf\u00e0ncia de la Ca\u00f1ada Real, que ara fa un any que viuen sense llum. \u00c9s un conte il\u00b7lustrat per\u00a0<strong>Ivonne Navarro Varas<\/strong>\u00a0que pret\u00e9n aportar un petit gra de sorra per superar aquesta injust\u00edcia de manera col\u00b7lectiva. Amb un llenguatge senzill alhora que contundent, \u00e9s el conte ideal per a que en \u00e0mbits educatius es puguin acompanyar aquestes situacions i, alhora, enfortir les xarxes de suport que volen revertir aquesta situaci\u00f3.<\/p>\n","protected":false},"featured_media":59839,"comment_status":"open","ping_status":"closed","template":"","meta":{"_et_pb_use_builder":"","_et_pb_old_content":"","_et_gb_content_width":""},"product_cat":[2614,6675],"product_tag":[2602],"edicion":[1083],"editoriales":[1162],"tienda":[],"autor_id":[22035],"universidades_coeditoras":[],"palabras_clave":[],"listado_alfabetico":[],"acf":[],"_links":{"self":[{"href":"https:\/\/wizardly-davinci.82-223-8-23.plesk.page\/en\/wp-json\/wp\/v2\/product\/59838"}],"collection":[{"href":"https:\/\/wizardly-davinci.82-223-8-23.plesk.page\/en\/wp-json\/wp\/v2\/product"}],"about":[{"href":"https:\/\/wizardly-davinci.82-223-8-23.plesk.page\/en\/wp-json\/wp\/v2\/types\/product"}],"replies":[{"embeddable":true,"href":"https:\/\/wizardly-davinci.82-223-8-23.plesk.page\/en\/wp-json\/wp\/v2\/comments?post=59838"}],"wp:featuredmedia":[{"embeddable":true,"href":"https:\/\/wizardly-davinci.82-223-8-23.plesk.page\/en\/wp-json\/wp\/v2\/media\/59839"}],"wp:attachment":[{"href":"https:\/\/wizardly-davinci.82-223-8-23.plesk.page\/en\/wp-json\/wp\/v2\/media?parent=59838"}],"wp:term":[{"taxonomy":"product_cat","embeddable":true,"href":"https:\/\/wizardly-davinci.82-223-8-23.plesk.page\/en\/wp-json\/wp\/v2\/product_cat?post=59838"},{"taxonomy":"product_tag","embeddable":true,"href":"https:\/\/wizardly-davinci.82-223-8-23.plesk.page\/en\/wp-json\/wp\/v2\/product_tag?post=59838"},{"taxonomy":"edicion","embeddable":true,"href":"https:\/\/wizardly-davinci.82-223-8-23.plesk.page\/en\/wp-json\/wp\/v2\/edicion?post=59838"},{"taxonomy":"editoriales","embeddable":true,"href":"https:\/\/wizardly-davinci.82-223-8-23.plesk.page\/en\/wp-json\/wp\/v2\/editoriales?post=59838"},{"taxonomy":"tienda","embeddable":true,"href":"https:\/\/wizardly-davinci.82-223-8-23.plesk.page\/en\/wp-json\/wp\/v2\/tienda?post=59838"},{"taxonomy":"autor_id","embeddable":true,"href":"https:\/\/wizardly-davinci.82-223-8-23.plesk.page\/en\/wp-json\/wp\/v2\/autor_id?post=59838"},{"taxonomy":"universidades_coeditoras","embeddable":true,"href":"https:\/\/wizardly-davinci.82-223-8-23.plesk.page\/en\/wp-json\/wp\/v2\/universidades_coeditoras?post=59838"},{"taxonomy":"palabras_clave","embeddable":true,"href":"https:\/\/wizardly-davinci.82-223-8-23.plesk.page\/en\/wp-json\/wp\/v2\/palabras_clave?post=59838"},{"taxonomy":"listado_alfabetico","embeddable":true,"href":"https:\/\/wizardly-davinci.82-223-8-23.plesk.page\/en\/wp-json\/wp\/v2\/listado_alfabetico?post=59838"}],"curies":[{"name":"wp","href":"https:\/\/api.w.org\/{rel}","templated":true}]}}