{"id":59850,"date":"2019-11-01T12:11:35","date_gmt":"2019-11-01T12:11:35","guid":{"rendered":"https:\/\/octaedro.com\/?post_type=product&#038;p=59850"},"modified":"2022-06-13T17:23:53","modified_gmt":"2022-06-13T17:23:53","slug":"on-es-el-tiet","status":"publish","type":"product","link":"https:\/\/wizardly-davinci.82-223-8-23.plesk.page\/en\/producto\/on-es-el-tiet\/","title":{"rendered":"On \u00e9s el tiet?"},"content":{"rendered":"<p><em><strong>On \u00e9s el tiet?<\/strong><\/em>\u00a0d\u2019<a href=\"https:\/\/pol-len.cat\/autoria\/elisenda-pascual-i-marti\/\">Elisenda Pascual i Mart\u00ed<\/a>\u00a0amb il\u00b7lustracions de Gl\u00f2ria Vives Xiol<\/p>\n<p>*Aquest manual est\u00e0 escrit amb la mirada de l\u2019acompanyament respectu\u00f3s a la inf\u00e0ncia. Aquest enfoc es centra en les etapes evolutives de les criatures i en el que \u00e9s adequat en cada moment. Per a m\u00e9s informaci\u00f3 al respecte, podeu accedir a la web\u00a0<a href=\"http:\/\/www.acompanyamentfamiliar.com\/\">d\u2019Acompanyament Familiar<\/a>, projecte del qual en s\u00f3c fundadora i directora.<\/p>\n<p>\u201cLa pres\u00f3 \u00e9s un lloc molt gran on hi viuen les persones que hi busquen la LLIBERTAT, li diu la mare a l\u2019Aina quan li pregunta pel seu tiet. La petita s\u2019imagina un palau ple de meravelles. Gr\u00e0cies a les paraules de la seva mare, pot comprendre que all\u00ed dins no tot \u00e9s tant magn\u00edfic i que el tiet necessita que, des de l\u2019exterior, l\u2019ajudin a seguir cultivant dins seu la LLIBERTAT que li han pres\u201d<br \/>\n<em><strong>On \u00e9s el tiet?<\/strong><\/em>\u00a0\u00e9s un conte escrit per poder explicar a les criatures qu\u00e8 passa quan una persona propera es troba privada de llibertat a la pres\u00f3. Naix de la viv\u00e8ncia personal d\u2019haver de compartir la realitat d\u2019un empresonament pol\u00edtic a una nena de 4 anys, degut als esdeveniments que es viuen a Catalunya per la manca de llibertats democr\u00e0tiques. A trav\u00e9s de la hist\u00f2ria de l\u2019Aina, les criatures poder identificar-se amb la viv\u00e8ncia i comprendre la realitat dif\u00edcil que se\u2019ls hi intenta explicar.<\/p>\n","protected":false},"excerpt":{"rendered":"<p><strong>On \u00e9s el tiet?<\/strong>\u00a0d\u2019<strong>Elisenda Pascual i Mart\u00ed<\/strong>\u00a0amb il\u00b7lustracions de Gl\u00f2ria Vives Xiol<\/p>\n<p>*Aquest manual est\u00e0 escrit amb la mirada de l\u2019acompanyament respectu\u00f3s a la inf\u00e0ncia. Aquest enfoc es centra en les etapes evolutives de les criatures i en el que \u00e9s adequat en cada moment. Per a m\u00e9s informaci\u00f3 al respecte, podeu accedir a la web\u00a0d\u2019<strong>Acompanyament Familiar<\/strong>, projecte del qual en s\u00f3c fundadora i directora.<\/p>\n<p>\u201cLa pres\u00f3 \u00e9s un lloc molt gran on hi viuen les persones que hi busquen la LLIBERTAT, li diu la mare a l\u2019Aina quan li pregunta pel seu tiet. La petita s\u2019imagina un palau ple de meravelles. Gr\u00e0cies a les paraules de la seva mare, pot comprendre que all\u00ed dins no tot \u00e9s tant magn\u00edfic i que el tiet necessita que, des de l\u2019exterior, l\u2019ajudin a seguir cultivant dins seu la LLIBERTAT que li han pres\u201d<br \/>\n<strong>On \u00e9s el tiet?<\/strong>\u00a0\u00e9s un conte escrit per poder explicar a les criatures qu\u00e8 passa quan una persona propera es troba privada de llibertat a la pres\u00f3. Naix de la viv\u00e8ncia personal d\u2019haver de compartir la realitat d\u2019un empresonament pol\u00edtic a una nena de 4 anys, degut als esdeveniments que es viuen a Catalunya per la manca de llibertats democr\u00e0tiques. A trav\u00e9s de la hist\u00f2ria de l\u2019Aina, les criatures poder identificar-se amb la viv\u00e8ncia i comprendre la realitat dif\u00edcil que se\u2019ls hi intenta explicar.<\/p>\n","protected":false},"featured_media":59852,"comment_status":"open","ping_status":"closed","template":"","meta":{"_et_pb_use_builder":"","_et_pb_old_content":"","_et_gb_content_width":""},"product_cat":[2614,6675],"product_tag":[2602],"edicion":[1083],"editoriales":[1162],"tienda":[],"autor_id":[22048],"universidades_coeditoras":[],"palabras_clave":[],"listado_alfabetico":[],"acf":[],"_links":{"self":[{"href":"https:\/\/wizardly-davinci.82-223-8-23.plesk.page\/en\/wp-json\/wp\/v2\/product\/59850"}],"collection":[{"href":"https:\/\/wizardly-davinci.82-223-8-23.plesk.page\/en\/wp-json\/wp\/v2\/product"}],"about":[{"href":"https:\/\/wizardly-davinci.82-223-8-23.plesk.page\/en\/wp-json\/wp\/v2\/types\/product"}],"replies":[{"embeddable":true,"href":"https:\/\/wizardly-davinci.82-223-8-23.plesk.page\/en\/wp-json\/wp\/v2\/comments?post=59850"}],"wp:featuredmedia":[{"embeddable":true,"href":"https:\/\/wizardly-davinci.82-223-8-23.plesk.page\/en\/wp-json\/wp\/v2\/media\/59852"}],"wp:attachment":[{"href":"https:\/\/wizardly-davinci.82-223-8-23.plesk.page\/en\/wp-json\/wp\/v2\/media?parent=59850"}],"wp:term":[{"taxonomy":"product_cat","embeddable":true,"href":"https:\/\/wizardly-davinci.82-223-8-23.plesk.page\/en\/wp-json\/wp\/v2\/product_cat?post=59850"},{"taxonomy":"product_tag","embeddable":true,"href":"https:\/\/wizardly-davinci.82-223-8-23.plesk.page\/en\/wp-json\/wp\/v2\/product_tag?post=59850"},{"taxonomy":"edicion","embeddable":true,"href":"https:\/\/wizardly-davinci.82-223-8-23.plesk.page\/en\/wp-json\/wp\/v2\/edicion?post=59850"},{"taxonomy":"editoriales","embeddable":true,"href":"https:\/\/wizardly-davinci.82-223-8-23.plesk.page\/en\/wp-json\/wp\/v2\/editoriales?post=59850"},{"taxonomy":"tienda","embeddable":true,"href":"https:\/\/wizardly-davinci.82-223-8-23.plesk.page\/en\/wp-json\/wp\/v2\/tienda?post=59850"},{"taxonomy":"autor_id","embeddable":true,"href":"https:\/\/wizardly-davinci.82-223-8-23.plesk.page\/en\/wp-json\/wp\/v2\/autor_id?post=59850"},{"taxonomy":"universidades_coeditoras","embeddable":true,"href":"https:\/\/wizardly-davinci.82-223-8-23.plesk.page\/en\/wp-json\/wp\/v2\/universidades_coeditoras?post=59850"},{"taxonomy":"palabras_clave","embeddable":true,"href":"https:\/\/wizardly-davinci.82-223-8-23.plesk.page\/en\/wp-json\/wp\/v2\/palabras_clave?post=59850"},{"taxonomy":"listado_alfabetico","embeddable":true,"href":"https:\/\/wizardly-davinci.82-223-8-23.plesk.page\/en\/wp-json\/wp\/v2\/listado_alfabetico?post=59850"}],"curies":[{"name":"wp","href":"https:\/\/api.w.org\/{rel}","templated":true}]}}