{"id":59855,"date":"2020-02-01T14:24:55","date_gmt":"2020-02-01T13:24:55","guid":{"rendered":"https:\/\/octaedro.com\/?post_type=product&#038;p=59855"},"modified":"2022-11-02T11:25:25","modified_gmt":"2022-11-02T10:25:25","slug":"el-gripau-amb-ales","status":"publish","type":"product","link":"https:\/\/wizardly-davinci.82-223-8-23.plesk.page\/en\/producto\/el-gripau-amb-ales\/","title":{"rendered":"El Gripau amb Ales"},"content":{"rendered":"<p><strong>El Gripau amb Ales<\/strong> \u00e9s la hist\u00f2ria d\u2019un gripau ben diferent del que estem acostumades. Un gripau vegetari\u00e0, que somia amb ser un gran ballar\u00ed. Una hist\u00f2ria que ens permet parlar de la diversitat, l\u2019empatia i la cooperaci\u00f3.<br \/>\nAquest conte \u00e9s tamb\u00e9 una can\u00e7\u00f3 del disc Bitxos Raros de la Nuri Total.Un crit a la riquesa de la diversitat i un homenatge a les rareses.<\/p>\n","protected":false},"excerpt":{"rendered":"<p><strong>El Gripau amb Ales<\/strong> \u00e9s la hist\u00f2ria d\u2019un gripau ben diferent del que estem acostumades. Un gripau vegetari\u00e0, que somia amb ser un gran ballar\u00ed. Una hist\u00f2ria que ens permet parlar de la diversitat, l\u2019empatia i la cooperaci\u00f3.<br \/>\nAquest conte \u00e9s tamb\u00e9 una can\u00e7\u00f3 del disc Bitxos Raros de la Nuri Total. Un crit a la riquesa de la diversitat i un homenatge a les rareses.<\/p>\n","protected":false},"featured_media":59856,"comment_status":"open","ping_status":"closed","template":"","meta":{"_et_pb_use_builder":"","_et_pb_old_content":"","_et_gb_content_width":""},"product_cat":[2614,6675],"product_tag":[2602],"edicion":[1083],"editoriales":[1162],"tienda":[],"autor_id":[22050],"universidades_coeditoras":[],"palabras_clave":[],"listado_alfabetico":[],"acf":[],"_links":{"self":[{"href":"https:\/\/wizardly-davinci.82-223-8-23.plesk.page\/en\/wp-json\/wp\/v2\/product\/59855"}],"collection":[{"href":"https:\/\/wizardly-davinci.82-223-8-23.plesk.page\/en\/wp-json\/wp\/v2\/product"}],"about":[{"href":"https:\/\/wizardly-davinci.82-223-8-23.plesk.page\/en\/wp-json\/wp\/v2\/types\/product"}],"replies":[{"embeddable":true,"href":"https:\/\/wizardly-davinci.82-223-8-23.plesk.page\/en\/wp-json\/wp\/v2\/comments?post=59855"}],"wp:featuredmedia":[{"embeddable":true,"href":"https:\/\/wizardly-davinci.82-223-8-23.plesk.page\/en\/wp-json\/wp\/v2\/media\/59856"}],"wp:attachment":[{"href":"https:\/\/wizardly-davinci.82-223-8-23.plesk.page\/en\/wp-json\/wp\/v2\/media?parent=59855"}],"wp:term":[{"taxonomy":"product_cat","embeddable":true,"href":"https:\/\/wizardly-davinci.82-223-8-23.plesk.page\/en\/wp-json\/wp\/v2\/product_cat?post=59855"},{"taxonomy":"product_tag","embeddable":true,"href":"https:\/\/wizardly-davinci.82-223-8-23.plesk.page\/en\/wp-json\/wp\/v2\/product_tag?post=59855"},{"taxonomy":"edicion","embeddable":true,"href":"https:\/\/wizardly-davinci.82-223-8-23.plesk.page\/en\/wp-json\/wp\/v2\/edicion?post=59855"},{"taxonomy":"editoriales","embeddable":true,"href":"https:\/\/wizardly-davinci.82-223-8-23.plesk.page\/en\/wp-json\/wp\/v2\/editoriales?post=59855"},{"taxonomy":"tienda","embeddable":true,"href":"https:\/\/wizardly-davinci.82-223-8-23.plesk.page\/en\/wp-json\/wp\/v2\/tienda?post=59855"},{"taxonomy":"autor_id","embeddable":true,"href":"https:\/\/wizardly-davinci.82-223-8-23.plesk.page\/en\/wp-json\/wp\/v2\/autor_id?post=59855"},{"taxonomy":"universidades_coeditoras","embeddable":true,"href":"https:\/\/wizardly-davinci.82-223-8-23.plesk.page\/en\/wp-json\/wp\/v2\/universidades_coeditoras?post=59855"},{"taxonomy":"palabras_clave","embeddable":true,"href":"https:\/\/wizardly-davinci.82-223-8-23.plesk.page\/en\/wp-json\/wp\/v2\/palabras_clave?post=59855"},{"taxonomy":"listado_alfabetico","embeddable":true,"href":"https:\/\/wizardly-davinci.82-223-8-23.plesk.page\/en\/wp-json\/wp\/v2\/listado_alfabetico?post=59855"}],"curies":[{"name":"wp","href":"https:\/\/api.w.org\/{rel}","templated":true}]}}