{"id":59858,"date":"2016-04-01T13:40:03","date_gmt":"2016-04-01T13:40:03","guid":{"rendered":"https:\/\/octaedro.com\/?post_type=product&#038;p=59858"},"modified":"2022-06-13T17:51:48","modified_gmt":"2022-06-13T17:51:48","slug":"quan-perdem-la-por","status":"publish","type":"product","link":"https:\/\/wizardly-davinci.82-223-8-23.plesk.page\/en\/producto\/quan-perdem-la-por\/","title":{"rendered":"Quan perdem la por"},"content":{"rendered":"<p>Un\u00a0<strong>conte<\/strong>\u00a0inspirat en la lluita de la\u00a0<strong>PAH\u00a0<\/strong>que ens explica la lluita per la defensa d\u2019un habitatge digne. La seva protagonista, una nena de set anys, ens demostra que s\u00ed que es pot. \u00c9s una de les moltes hist\u00f2ries que viuen les fam\u00edlies de la Plataforma d\u2019Afectats per la Hipoteca de Barcelona (PAH). Escrit per\u00a0<a href=\"https:\/\/pol-len.cat\/autoria\/lua-todo\/\">L\u00faa Tod\u00f3<\/a>\u00a0i il\u00b7lustrat per\u00a0<a href=\"https:\/\/pol-len.cat\/autoria\/joan-turu\/\">Joan Turu<\/a>.<\/p>\n","protected":false},"excerpt":{"rendered":"<p>Un\u00a0<strong>conte<\/strong>\u00a0inspirat en la lluita de la\u00a0<strong>PAH<\/strong>\u00a0que ens explica la lluita per la defensa d\u2019un habitatge digne. La seva protagonista, una nena de set anys, ens demostra que s\u00ed que es pot. \u00c9s una de les moltes hist\u00f2ries que viuen les fam\u00edlies de la Plataforma d\u2019Afectats per la Hipoteca de Barcelona (PAH). Escrit per\u00a0<strong>L\u00faa Tod\u00f3<\/strong>\u00a0i il\u00b7lustrat per\u00a0<strong>Joan Turu<\/strong>.<\/p>\n","protected":false},"featured_media":59859,"comment_status":"open","ping_status":"closed","template":"","meta":{"_et_pb_use_builder":"","_et_pb_old_content":"","_et_gb_content_width":""},"product_cat":[2614,6675],"product_tag":[2602],"edicion":[1083],"editoriales":[1162],"tienda":[],"autor_id":[6489],"universidades_coeditoras":[],"palabras_clave":[],"listado_alfabetico":[],"acf":[],"_links":{"self":[{"href":"https:\/\/wizardly-davinci.82-223-8-23.plesk.page\/en\/wp-json\/wp\/v2\/product\/59858"}],"collection":[{"href":"https:\/\/wizardly-davinci.82-223-8-23.plesk.page\/en\/wp-json\/wp\/v2\/product"}],"about":[{"href":"https:\/\/wizardly-davinci.82-223-8-23.plesk.page\/en\/wp-json\/wp\/v2\/types\/product"}],"replies":[{"embeddable":true,"href":"https:\/\/wizardly-davinci.82-223-8-23.plesk.page\/en\/wp-json\/wp\/v2\/comments?post=59858"}],"wp:featuredmedia":[{"embeddable":true,"href":"https:\/\/wizardly-davinci.82-223-8-23.plesk.page\/en\/wp-json\/wp\/v2\/media\/59859"}],"wp:attachment":[{"href":"https:\/\/wizardly-davinci.82-223-8-23.plesk.page\/en\/wp-json\/wp\/v2\/media?parent=59858"}],"wp:term":[{"taxonomy":"product_cat","embeddable":true,"href":"https:\/\/wizardly-davinci.82-223-8-23.plesk.page\/en\/wp-json\/wp\/v2\/product_cat?post=59858"},{"taxonomy":"product_tag","embeddable":true,"href":"https:\/\/wizardly-davinci.82-223-8-23.plesk.page\/en\/wp-json\/wp\/v2\/product_tag?post=59858"},{"taxonomy":"edicion","embeddable":true,"href":"https:\/\/wizardly-davinci.82-223-8-23.plesk.page\/en\/wp-json\/wp\/v2\/edicion?post=59858"},{"taxonomy":"editoriales","embeddable":true,"href":"https:\/\/wizardly-davinci.82-223-8-23.plesk.page\/en\/wp-json\/wp\/v2\/editoriales?post=59858"},{"taxonomy":"tienda","embeddable":true,"href":"https:\/\/wizardly-davinci.82-223-8-23.plesk.page\/en\/wp-json\/wp\/v2\/tienda?post=59858"},{"taxonomy":"autor_id","embeddable":true,"href":"https:\/\/wizardly-davinci.82-223-8-23.plesk.page\/en\/wp-json\/wp\/v2\/autor_id?post=59858"},{"taxonomy":"universidades_coeditoras","embeddable":true,"href":"https:\/\/wizardly-davinci.82-223-8-23.plesk.page\/en\/wp-json\/wp\/v2\/universidades_coeditoras?post=59858"},{"taxonomy":"palabras_clave","embeddable":true,"href":"https:\/\/wizardly-davinci.82-223-8-23.plesk.page\/en\/wp-json\/wp\/v2\/palabras_clave?post=59858"},{"taxonomy":"listado_alfabetico","embeddable":true,"href":"https:\/\/wizardly-davinci.82-223-8-23.plesk.page\/en\/wp-json\/wp\/v2\/listado_alfabetico?post=59858"}],"curies":[{"name":"wp","href":"https:\/\/api.w.org\/{rel}","templated":true}]}}