{"id":59861,"date":"2018-04-01T13:53:13","date_gmt":"2018-04-01T13:53:13","guid":{"rendered":"https:\/\/octaedro.com\/?post_type=product&#038;p=59861"},"modified":"2022-06-13T18:03:03","modified_gmt":"2022-06-13T18:03:03","slug":"els-eusclaus-felicos","status":"publish","type":"product","link":"https:\/\/wizardly-davinci.82-223-8-23.plesk.page\/en\/producto\/els-eusclaus-felicos\/","title":{"rendered":"Els EUSclaus feli\u00e7os"},"content":{"rendered":"<p>Una mirada decolonial a l\u2019indeped\u00e8ncia.<br \/>\nL\u2019acci\u00f3 es desenvolupa a Intzura Haundia, una illa situada a la desembocadura d\u2019un c\u00e8ntric riu d\u2019Euskal Herria, on hem transportat els personatges de Defoe: RobinSon CruSoe s\u2019ha apoderat de l\u2019illa, i l\u2019ha rebatejat com a Faisans Island.<br \/>\nDivendres, nom proporcionat per Crusoe, fa un viatge \u00edntim des del sotmetiment total fins a l\u2019emancipaci\u00f3. Izarkin, el seu nom veritable, prov\u00e9 del verb antic izarki, \u2018cobrir les brases amb cendra per mantenir el foc viu a baixa combusti\u00f3.\u2019 A aquests hi hem sumat uns altres personatges que ens hem inventat, com ara Hazurbaltz, descendent d\u2019esclaus africans, que ajudar\u00e0 Divendres-Izarkin a prendre consci\u00e8ncia de la submissi\u00f3 patol\u00f2gica en qu\u00e8 viu sense gaireb\u00e9 adonar-se\u2019n.<br \/>\nEls EUSclaus feli\u00e7os \u00e9s una par\u00f2dia sat\u00edrica de\u00a0<a href=\"https:\/\/pol-len.cat\/autoria\/asisko-urmeneta\/\">Asisko Urmeneta<\/a>. I aquesta vegada ens hem caricaturitzat a nosaltres mateixos. Mitjan\u00e7ant la ter\u00e0pia de l\u2019humor, hem cultivat l\u2019autoestima i proposem un final feli\u00e7.<\/p>\n","protected":false},"excerpt":{"rendered":"<p>Una mirada decolonial a l\u2019indeped\u00e8ncia.<br \/>\nL\u2019acci\u00f3 es desenvolupa a Intzura Haundia, una illa situada a la desembocadura d\u2019un c\u00e8ntric riu d\u2019Euskal Herria, on hem transportat els personatges de Defoe: RobinSon CruSoe s\u2019ha apoderat de l\u2019illa, i l\u2019ha rebatejat com a Faisans Island.<br \/>\nDivendres, nom proporcionat per Crusoe, fa un viatge \u00edntim des del sotmetiment total fins a l\u2019emancipaci\u00f3. Izarkin, el seu nom veritable, prov\u00e9 del verb antic izarki, \u2018cobrir les brases amb cendra per mantenir el foc viu a baixa combusti\u00f3.\u2019 A aquests hi hem sumat uns altres personatges que ens hem inventat, com ara Hazurbaltz, descendent d\u2019esclaus africans, que ajudar\u00e0 Divendres-Izarkin a prendre consci\u00e8ncia de la submissi\u00f3 patol\u00f2gica en qu\u00e8 viu sense gaireb\u00e9 adonar-se\u2019n.<br \/>\n<strong>Els EUSclaus feli\u00e7os<\/strong> \u00e9s una par\u00f2dia sat\u00edrica de\u00a0<strong>Asisko Urmeneta<\/strong>. I aquesta vegada ens hem caricaturitzat a nosaltres mateixos. Mitjan\u00e7ant la ter\u00e0pia de l\u2019humor, hem cultivat l\u2019autoestima i proposem un final feli\u00e7.<\/p>\n","protected":false},"featured_media":59862,"comment_status":"open","ping_status":"closed","template":"","meta":{"_et_pb_use_builder":"","_et_pb_old_content":"","_et_gb_content_width":""},"product_cat":[2614,6675],"product_tag":[2602],"edicion":[1083],"editoriales":[1162],"tienda":[],"autor_id":[22052],"universidades_coeditoras":[],"palabras_clave":[],"listado_alfabetico":[],"acf":[],"_links":{"self":[{"href":"https:\/\/wizardly-davinci.82-223-8-23.plesk.page\/en\/wp-json\/wp\/v2\/product\/59861"}],"collection":[{"href":"https:\/\/wizardly-davinci.82-223-8-23.plesk.page\/en\/wp-json\/wp\/v2\/product"}],"about":[{"href":"https:\/\/wizardly-davinci.82-223-8-23.plesk.page\/en\/wp-json\/wp\/v2\/types\/product"}],"replies":[{"embeddable":true,"href":"https:\/\/wizardly-davinci.82-223-8-23.plesk.page\/en\/wp-json\/wp\/v2\/comments?post=59861"}],"wp:featuredmedia":[{"embeddable":true,"href":"https:\/\/wizardly-davinci.82-223-8-23.plesk.page\/en\/wp-json\/wp\/v2\/media\/59862"}],"wp:attachment":[{"href":"https:\/\/wizardly-davinci.82-223-8-23.plesk.page\/en\/wp-json\/wp\/v2\/media?parent=59861"}],"wp:term":[{"taxonomy":"product_cat","embeddable":true,"href":"https:\/\/wizardly-davinci.82-223-8-23.plesk.page\/en\/wp-json\/wp\/v2\/product_cat?post=59861"},{"taxonomy":"product_tag","embeddable":true,"href":"https:\/\/wizardly-davinci.82-223-8-23.plesk.page\/en\/wp-json\/wp\/v2\/product_tag?post=59861"},{"taxonomy":"edicion","embeddable":true,"href":"https:\/\/wizardly-davinci.82-223-8-23.plesk.page\/en\/wp-json\/wp\/v2\/edicion?post=59861"},{"taxonomy":"editoriales","embeddable":true,"href":"https:\/\/wizardly-davinci.82-223-8-23.plesk.page\/en\/wp-json\/wp\/v2\/editoriales?post=59861"},{"taxonomy":"tienda","embeddable":true,"href":"https:\/\/wizardly-davinci.82-223-8-23.plesk.page\/en\/wp-json\/wp\/v2\/tienda?post=59861"},{"taxonomy":"autor_id","embeddable":true,"href":"https:\/\/wizardly-davinci.82-223-8-23.plesk.page\/en\/wp-json\/wp\/v2\/autor_id?post=59861"},{"taxonomy":"universidades_coeditoras","embeddable":true,"href":"https:\/\/wizardly-davinci.82-223-8-23.plesk.page\/en\/wp-json\/wp\/v2\/universidades_coeditoras?post=59861"},{"taxonomy":"palabras_clave","embeddable":true,"href":"https:\/\/wizardly-davinci.82-223-8-23.plesk.page\/en\/wp-json\/wp\/v2\/palabras_clave?post=59861"},{"taxonomy":"listado_alfabetico","embeddable":true,"href":"https:\/\/wizardly-davinci.82-223-8-23.plesk.page\/en\/wp-json\/wp\/v2\/listado_alfabetico?post=59861"}],"curies":[{"name":"wp","href":"https:\/\/api.w.org\/{rel}","templated":true}]}}