{"id":59870,"date":"2020-12-01T14:24:48","date_gmt":"2020-12-01T14:24:48","guid":{"rendered":"https:\/\/octaedro.com\/?post_type=product&#038;p=59870"},"modified":"2022-06-13T18:33:14","modified_gmt":"2022-06-13T18:33:14","slug":"el-miedo-de-daniela","status":"publish","type":"product","link":"https:\/\/wizardly-davinci.82-223-8-23.plesk.page\/en\/producto\/el-miedo-de-daniela\/","title":{"rendered":"El miedo de Daniela"},"content":{"rendered":"<p><em>El miedo de Daniela\u00a0<\/em>nos cuenta que por la noche, Daniela sue\u00f1a y se despierta gritando. Tiene miedo de que su madre muera. Como tiene tanto miedo, duerme en la cama de la madre y del padre, y un d\u00eda oye que es la madre la que sue\u00f1a y dice \u00abmam\u00e1, mam\u00e1, mam\u00e1\u2026\u00bb. Cuando Daniela lo habla con su padre y con su madre, \u00e9sta descubre que quiz\u00e1 Daniela ha adoptado un miedo que no es suyo, que es de la madre. La mira fijamente y le explica: \u00abla mayor\u00eda de personas mueren cuando se hacen mayores. Mi madre muri\u00f3 joven y yo la echo de menos, pero es mi miedo no el tuyo\u00bb.<\/p>\n<p><em>El miedo de Daniela\u00a0<\/em>forma parte del proyecto\u00a0<a href=\"https:\/\/pol-len.cat\/llibres\/dinamicascontadas\/\"><strong>Din\u00e1micas CONTAdas<\/strong><\/a>.\u00a0<a href=\"https:\/\/pol-len.cat\/llibres\/dinamicascontadas\/\"><strong>Din\u00e1micas CONTAdas<\/strong><\/a>\u00a0son una serie de cuentos ilustrados para un p\u00fablico familiar, educativo y terap\u00e9utico. Con un lenguaje cercano a ni\u00f1as y ni\u00f1os, las\u00a0<a href=\"https:\/\/pol-len.cat\/llibres\/dinamicascontadas\/\"><strong>Din\u00e1micas CONTAdas<\/strong><\/a>\u00a0devienen una herramienta que nos permite conversar sobre aquellos aspectos de nuestras vidas que nos preocupan, y generar un espacio, un contexto y una mirada.<\/p>\n","protected":false},"excerpt":{"rendered":"<p><strong>El miedo de Daniela<\/strong>\u00a0nos cuenta que por la noche, Daniela sue\u00f1a y se despierta gritando. Tiene miedo de que su madre muera. Como tiene tanto miedo, duerme en la cama de la madre y del padre, y un d\u00eda oye que es la madre la que sue\u00f1a y dice \u00abmam\u00e1, mam\u00e1, mam\u00e1\u2026\u00bb. Cuando Daniela lo habla con su padre y con su madre, \u00e9sta descubre que quiz\u00e1 Daniela ha adoptado un miedo que no es suyo, que es de la madre. La mira fijamente y le explica: \u00abla mayor\u00eda de personas mueren cuando se hacen mayores. Mi madre muri\u00f3 joven y yo la echo de menos, pero es mi miedo no el tuyo\u00bb.<\/p>\n<p><strong>El miedo de Daniela<\/strong>\u00a0forma parte del proyecto\u00a0<em>Din\u00e1micas CONTAdas.\u00a0Din\u00e1micas CONTAdas<\/em>\u00a0son una serie de cuentos ilustrados para un p\u00fablico familiar, educativo y terap\u00e9utico. Con un lenguaje cercano a ni\u00f1as y ni\u00f1os, las<em>\u00a0Din\u00e1micas CONTAdas<\/em>\u00a0devienen una herramienta que nos permite conversar sobre aquellos aspectos de nuestras vidas que nos preocupan, y generar un espacio, un contexto y una mirada.<\/p>\n","protected":false},"featured_media":59871,"comment_status":"open","ping_status":"closed","template":"","meta":{"_et_pb_use_builder":"","_et_pb_old_content":"","_et_gb_content_width":""},"product_cat":[2614,6675],"product_tag":[2602],"edicion":[1083],"editoriales":[1162],"tienda":[],"autor_id":[22058,22057],"universidades_coeditoras":[],"palabras_clave":[],"listado_alfabetico":[],"acf":[],"_links":{"self":[{"href":"https:\/\/wizardly-davinci.82-223-8-23.plesk.page\/en\/wp-json\/wp\/v2\/product\/59870"}],"collection":[{"href":"https:\/\/wizardly-davinci.82-223-8-23.plesk.page\/en\/wp-json\/wp\/v2\/product"}],"about":[{"href":"https:\/\/wizardly-davinci.82-223-8-23.plesk.page\/en\/wp-json\/wp\/v2\/types\/product"}],"replies":[{"embeddable":true,"href":"https:\/\/wizardly-davinci.82-223-8-23.plesk.page\/en\/wp-json\/wp\/v2\/comments?post=59870"}],"wp:featuredmedia":[{"embeddable":true,"href":"https:\/\/wizardly-davinci.82-223-8-23.plesk.page\/en\/wp-json\/wp\/v2\/media\/59871"}],"wp:attachment":[{"href":"https:\/\/wizardly-davinci.82-223-8-23.plesk.page\/en\/wp-json\/wp\/v2\/media?parent=59870"}],"wp:term":[{"taxonomy":"product_cat","embeddable":true,"href":"https:\/\/wizardly-davinci.82-223-8-23.plesk.page\/en\/wp-json\/wp\/v2\/product_cat?post=59870"},{"taxonomy":"product_tag","embeddable":true,"href":"https:\/\/wizardly-davinci.82-223-8-23.plesk.page\/en\/wp-json\/wp\/v2\/product_tag?post=59870"},{"taxonomy":"edicion","embeddable":true,"href":"https:\/\/wizardly-davinci.82-223-8-23.plesk.page\/en\/wp-json\/wp\/v2\/edicion?post=59870"},{"taxonomy":"editoriales","embeddable":true,"href":"https:\/\/wizardly-davinci.82-223-8-23.plesk.page\/en\/wp-json\/wp\/v2\/editoriales?post=59870"},{"taxonomy":"tienda","embeddable":true,"href":"https:\/\/wizardly-davinci.82-223-8-23.plesk.page\/en\/wp-json\/wp\/v2\/tienda?post=59870"},{"taxonomy":"autor_id","embeddable":true,"href":"https:\/\/wizardly-davinci.82-223-8-23.plesk.page\/en\/wp-json\/wp\/v2\/autor_id?post=59870"},{"taxonomy":"universidades_coeditoras","embeddable":true,"href":"https:\/\/wizardly-davinci.82-223-8-23.plesk.page\/en\/wp-json\/wp\/v2\/universidades_coeditoras?post=59870"},{"taxonomy":"palabras_clave","embeddable":true,"href":"https:\/\/wizardly-davinci.82-223-8-23.plesk.page\/en\/wp-json\/wp\/v2\/palabras_clave?post=59870"},{"taxonomy":"listado_alfabetico","embeddable":true,"href":"https:\/\/wizardly-davinci.82-223-8-23.plesk.page\/en\/wp-json\/wp\/v2\/listado_alfabetico?post=59870"}],"curies":[{"name":"wp","href":"https:\/\/api.w.org\/{rel}","templated":true}]}}