{"id":59873,"date":"2020-12-01T14:34:47","date_gmt":"2020-12-01T14:34:47","guid":{"rendered":"https:\/\/octaedro.com\/?post_type=product&#038;p=59873"},"modified":"2022-06-13T18:41:48","modified_gmt":"2022-06-13T18:41:48","slug":"y-aqui-quien-manda","status":"publish","type":"product","link":"https:\/\/wizardly-davinci.82-223-8-23.plesk.page\/en\/producto\/y-aqui-quien-manda\/","title":{"rendered":"Y aqu\u00ed, \u00bfqui\u00e9n manda?"},"content":{"rendered":"<p><em>Y aqu\u00ed, \u00bfqui\u00e9n manda?\u00a0<\/em>nos cuenta la hist\u00f2ria de Paula, una ni\u00f1a que siempre decide lo qu\u00e9 hace y lo que hacen las personas que est\u00e1n con ella. \u00abQue madura eres!\u00bb, \u00absiempre lo tienes todo tan claro\u2026\u00bb son comentarios que escucha a menudo. Pero Paula se enfada cuando no se hace lo que ella quiere. \u00bfPor qu\u00e9 no acepta que las otras personas tambi\u00e9n propongan juegos, actividades, men\u00fas\u2026? Quiz\u00e1s a Paula se le ha cedido m\u00e1s \u2018poder\u2019 del que puede manejar. Hay cosas que una criatura no las puede decidir, no las debe decidir. Para ello est\u00e1n las personas adultas.<\/p>\n<p><em>Y aqu\u00ed, \u00bfqui\u00e9n manda?\u00a0<\/em>forma parte del proyecto\u00a0<a href=\"https:\/\/pol-len.cat\/llibres\/dinamicascontadas\/\"><strong>Din\u00e1micas CONTAdas<\/strong><\/a>.\u00a0<a href=\"https:\/\/pol-len.cat\/llibres\/dinamicascontadas\/\"><strong>Din\u00e1micas CONTAdas<\/strong><\/a>\u00a0son una serie de cuentos ilustrados para un p\u00fablico familiar, educativo y terap\u00e9utico. Con un lenguaje cercano a ni\u00f1as y ni\u00f1os, las\u00a0<a href=\"https:\/\/pol-len.cat\/llibres\/dinamicascontadas\/\"><strong>Din\u00e1micas CONTAdas<\/strong><\/a>\u00a0devienen una herramienta que nos permite conversar sobre aquellos aspectos de nuestras vidas que nos preocupan, y generar un espacio, un contexto y una mirada.<\/p>\n","protected":false},"excerpt":{"rendered":"<p><strong>Y aqu\u00ed, \u00bfqui\u00e9n manda?<\/strong>\u00a0nos cuenta la hist\u00f2ria de Paula, una ni\u00f1a que siempre decide lo qu\u00e9 hace y lo que hacen las personas que est\u00e1n con ella. \u00abQue madura eres!\u00bb, \u00absiempre lo tienes todo tan claro\u2026\u00bb son comentarios que escucha a menudo. Pero Paula se enfada cuando no se hace lo que ella quiere. \u00bfPor qu\u00e9 no acepta que las otras personas tambi\u00e9n propongan juegos, actividades, men\u00fas\u2026? Quiz\u00e1s a Paula se le ha cedido m\u00e1s \u2018poder\u2019 del que puede manejar. Hay cosas que una criatura no las puede decidir, no las debe decidir. Para ello est\u00e1n las personas adultas.<\/p>\n<p>Y aqu\u00ed, \u00bfqui\u00e9n manda?\u00a0forma parte del proyecto\u00a0<em>Din\u00e1micas CONTAdas.\u00a0Din\u00e1micas CONTAdas<\/em>\u00a0son una serie de cuentos ilustrados para un p\u00fablico familiar, educativo y terap\u00e9utico. Con un lenguaje cercano a ni\u00f1as y ni\u00f1os, las\u00a0<em>Din\u00e1micas CONTAdas<\/em>\u00a0devienen una herramienta que nos permite conversar sobre aquellos aspectos de nuestras vidas que nos preocupan, y generar un espacio, un contexto y una mirada.<\/p>\n","protected":false},"featured_media":59874,"comment_status":"open","ping_status":"closed","template":"","meta":{"_et_pb_use_builder":"","_et_pb_old_content":"","_et_gb_content_width":""},"product_cat":[2614,6675],"product_tag":[2602],"edicion":[1083],"editoriales":[1162],"tienda":[],"autor_id":[22058,22057],"universidades_coeditoras":[],"palabras_clave":[],"listado_alfabetico":[],"acf":[],"_links":{"self":[{"href":"https:\/\/wizardly-davinci.82-223-8-23.plesk.page\/en\/wp-json\/wp\/v2\/product\/59873"}],"collection":[{"href":"https:\/\/wizardly-davinci.82-223-8-23.plesk.page\/en\/wp-json\/wp\/v2\/product"}],"about":[{"href":"https:\/\/wizardly-davinci.82-223-8-23.plesk.page\/en\/wp-json\/wp\/v2\/types\/product"}],"replies":[{"embeddable":true,"href":"https:\/\/wizardly-davinci.82-223-8-23.plesk.page\/en\/wp-json\/wp\/v2\/comments?post=59873"}],"wp:featuredmedia":[{"embeddable":true,"href":"https:\/\/wizardly-davinci.82-223-8-23.plesk.page\/en\/wp-json\/wp\/v2\/media\/59874"}],"wp:attachment":[{"href":"https:\/\/wizardly-davinci.82-223-8-23.plesk.page\/en\/wp-json\/wp\/v2\/media?parent=59873"}],"wp:term":[{"taxonomy":"product_cat","embeddable":true,"href":"https:\/\/wizardly-davinci.82-223-8-23.plesk.page\/en\/wp-json\/wp\/v2\/product_cat?post=59873"},{"taxonomy":"product_tag","embeddable":true,"href":"https:\/\/wizardly-davinci.82-223-8-23.plesk.page\/en\/wp-json\/wp\/v2\/product_tag?post=59873"},{"taxonomy":"edicion","embeddable":true,"href":"https:\/\/wizardly-davinci.82-223-8-23.plesk.page\/en\/wp-json\/wp\/v2\/edicion?post=59873"},{"taxonomy":"editoriales","embeddable":true,"href":"https:\/\/wizardly-davinci.82-223-8-23.plesk.page\/en\/wp-json\/wp\/v2\/editoriales?post=59873"},{"taxonomy":"tienda","embeddable":true,"href":"https:\/\/wizardly-davinci.82-223-8-23.plesk.page\/en\/wp-json\/wp\/v2\/tienda?post=59873"},{"taxonomy":"autor_id","embeddable":true,"href":"https:\/\/wizardly-davinci.82-223-8-23.plesk.page\/en\/wp-json\/wp\/v2\/autor_id?post=59873"},{"taxonomy":"universidades_coeditoras","embeddable":true,"href":"https:\/\/wizardly-davinci.82-223-8-23.plesk.page\/en\/wp-json\/wp\/v2\/universidades_coeditoras?post=59873"},{"taxonomy":"palabras_clave","embeddable":true,"href":"https:\/\/wizardly-davinci.82-223-8-23.plesk.page\/en\/wp-json\/wp\/v2\/palabras_clave?post=59873"},{"taxonomy":"listado_alfabetico","embeddable":true,"href":"https:\/\/wizardly-davinci.82-223-8-23.plesk.page\/en\/wp-json\/wp\/v2\/listado_alfabetico?post=59873"}],"curies":[{"name":"wp","href":"https:\/\/api.w.org\/{rel}","templated":true}]}}