{"id":59877,"date":"2014-08-01T14:06:21","date_gmt":"2014-08-01T14:06:21","guid":{"rendered":"https:\/\/octaedro.com\/?post_type=product&#038;p=59877"},"modified":"2022-06-13T19:14:06","modified_gmt":"2022-06-13T19:14:06","slug":"manual-del-bon-passejant","status":"publish","type":"product","link":"https:\/\/wizardly-davinci.82-223-8-23.plesk.page\/en\/producto\/manual-del-bon-passejant\/","title":{"rendered":"Manual del bon passejant"},"content":{"rendered":"<p>El Manual del bon passejant, de Raimon Juventeny, \u00e9s una cr\u00edtica necess\u00e0ria a aquesta tend\u00e8ncia correcamins. \u00c9s un cant breu i enginy\u00f3s a la joia d\u2019una bona passejada. [Fragment del pr\u00f2leg de Carl Honor\u00e9, periodista canadenc, autor del llibre Elogio de la lentitud i promotor de l\u2019Slow movement].<\/p>\n<p>En tant sols vint punts, exposats de forma breu i clara, el Manual del bon passejant orienta a qui el llegeixi sobre les passes a seguir per a gaudir d\u2019una activitat sana: passejar per plaer. Sense presses, quan plagui, aturant-se\u2026el bon passejant \u201csempre dorm b\u00e9\u201d. Aquest \u00e9s un petit gran llibre per a redescobrir all\u00f2 veritablement important: somriure, observar la natura, escoltar qu\u00e8 passa al nostre voltant, pensar, reposar\u2026 El m\u00e8rit de l\u2019autor, Raimon Juventeny, rau en haver-ho plasmat d\u2019una manera gr\u00e0fica, senzilla, i brillant.<\/p>\n","protected":false},"excerpt":{"rendered":"<p>El Manual del bon passejant, de Raimon Juventeny, \u00e9s una cr\u00edtica necess\u00e0ria a aquesta tend\u00e8ncia correcamins. \u00c9s un cant breu i enginy\u00f3s a la joia d\u2019una bona passejada. [Fragment del pr\u00f2leg de Carl Honor\u00e9, periodista canadenc, autor del llibre Elogio de la lentitud i promotor de l\u2019Slow movement].<\/p>\n<p>En tant sols vint punts, exposats de forma breu i clara, el Manual del bon passejant orienta a qui el llegeixi sobre les passes a seguir per a gaudir d\u2019una activitat sana: passejar per plaer. Sense presses, quan plagui, aturant-se\u2026el bon passejant \u201csempre dorm b\u00e9\u201d. Aquest \u00e9s un petit gran llibre per a redescobrir all\u00f2 veritablement important: somriure, observar la natura, escoltar qu\u00e8 passa al nostre voltant, pensar, reposar\u2026 El m\u00e8rit de l\u2019autor, Raimon Juventeny, rau en haver-ho plasmat d\u2019una manera gr\u00e0fica, senzilla, i brillant.<\/p>\n","protected":false},"featured_media":59878,"comment_status":"open","ping_status":"closed","template":"","meta":{"_et_pb_use_builder":"","_et_pb_old_content":"","_et_gb_content_width":""},"product_cat":[2614,6675],"product_tag":[2602],"edicion":[1083],"editoriales":[1162],"tienda":[],"autor_id":[22062],"universidades_coeditoras":[],"palabras_clave":[],"listado_alfabetico":[],"acf":[],"_links":{"self":[{"href":"https:\/\/wizardly-davinci.82-223-8-23.plesk.page\/en\/wp-json\/wp\/v2\/product\/59877"}],"collection":[{"href":"https:\/\/wizardly-davinci.82-223-8-23.plesk.page\/en\/wp-json\/wp\/v2\/product"}],"about":[{"href":"https:\/\/wizardly-davinci.82-223-8-23.plesk.page\/en\/wp-json\/wp\/v2\/types\/product"}],"replies":[{"embeddable":true,"href":"https:\/\/wizardly-davinci.82-223-8-23.plesk.page\/en\/wp-json\/wp\/v2\/comments?post=59877"}],"wp:featuredmedia":[{"embeddable":true,"href":"https:\/\/wizardly-davinci.82-223-8-23.plesk.page\/en\/wp-json\/wp\/v2\/media\/59878"}],"wp:attachment":[{"href":"https:\/\/wizardly-davinci.82-223-8-23.plesk.page\/en\/wp-json\/wp\/v2\/media?parent=59877"}],"wp:term":[{"taxonomy":"product_cat","embeddable":true,"href":"https:\/\/wizardly-davinci.82-223-8-23.plesk.page\/en\/wp-json\/wp\/v2\/product_cat?post=59877"},{"taxonomy":"product_tag","embeddable":true,"href":"https:\/\/wizardly-davinci.82-223-8-23.plesk.page\/en\/wp-json\/wp\/v2\/product_tag?post=59877"},{"taxonomy":"edicion","embeddable":true,"href":"https:\/\/wizardly-davinci.82-223-8-23.plesk.page\/en\/wp-json\/wp\/v2\/edicion?post=59877"},{"taxonomy":"editoriales","embeddable":true,"href":"https:\/\/wizardly-davinci.82-223-8-23.plesk.page\/en\/wp-json\/wp\/v2\/editoriales?post=59877"},{"taxonomy":"tienda","embeddable":true,"href":"https:\/\/wizardly-davinci.82-223-8-23.plesk.page\/en\/wp-json\/wp\/v2\/tienda?post=59877"},{"taxonomy":"autor_id","embeddable":true,"href":"https:\/\/wizardly-davinci.82-223-8-23.plesk.page\/en\/wp-json\/wp\/v2\/autor_id?post=59877"},{"taxonomy":"universidades_coeditoras","embeddable":true,"href":"https:\/\/wizardly-davinci.82-223-8-23.plesk.page\/en\/wp-json\/wp\/v2\/universidades_coeditoras?post=59877"},{"taxonomy":"palabras_clave","embeddable":true,"href":"https:\/\/wizardly-davinci.82-223-8-23.plesk.page\/en\/wp-json\/wp\/v2\/palabras_clave?post=59877"},{"taxonomy":"listado_alfabetico","embeddable":true,"href":"https:\/\/wizardly-davinci.82-223-8-23.plesk.page\/en\/wp-json\/wp\/v2\/listado_alfabetico?post=59877"}],"curies":[{"name":"wp","href":"https:\/\/api.w.org\/{rel}","templated":true}]}}