{"id":59883,"date":"2018-10-01T14:25:11","date_gmt":"2018-10-01T14:25:11","guid":{"rendered":"https:\/\/octaedro.com\/?post_type=product&#038;p=59883"},"modified":"2022-06-13T22:35:01","modified_gmt":"2022-06-13T22:35:01","slug":"ciutats","status":"publish","type":"product","link":"https:\/\/wizardly-davinci.82-223-8-23.plesk.page\/en\/producto\/ciutats\/","title":{"rendered":"Ciutats"},"content":{"rendered":"<p><b><i>Ciutats<\/i><\/b>\u00a0\u00e9s el cinqu\u00e8 Dossier CR\u00cdTIC. Una revista de 148 p\u00e0gines que analitza els problemes i els reptes de les ciutats del futur. Coordinada per Sergi Picazo, periodista de\u00a0<a href=\"http:\/\/www.elcritic.cat\/\">Cr\u00edtic<\/a>, permet aprofundir, a trav\u00e9s de reportatges, entrevistes i articles d\u2019opini\u00f3, en els nous fen\u00f2mens urbans, com ara els problemes relacionats amb l\u2019habitatge, el medi ambient, la desigualtat econ\u00f2mica o l\u2019acc\u00e9s a la tecnologia.<\/p>\n","protected":false},"excerpt":{"rendered":"<p><strong>Ciutats<\/strong>\u00a0\u00e9s el cinqu\u00e8 Dossier CR\u00cdTIC. Una revista de 148 p\u00e0gines que analitza els problemes i els reptes de les ciutats del futur. Coordinada per Sergi Picazo, periodista de\u00a0<strong>Cr\u00edtic<\/strong>, permet aprofundir, a trav\u00e9s de reportatges, entrevistes i articles d\u2019opini\u00f3, en els nous fen\u00f2mens urbans, com ara els problemes relacionats amb l\u2019habitatge, el medi ambient, la desigualtat econ\u00f2mica o l\u2019acc\u00e9s a la tecnologia.<\/p>\n","protected":false},"featured_media":59884,"comment_status":"open","ping_status":"closed","template":"","meta":{"_et_pb_use_builder":"","_et_pb_old_content":"","_et_gb_content_width":""},"product_cat":[2614,6675],"product_tag":[2602],"edicion":[1083],"editoriales":[1162],"tienda":[],"autor_id":[5083],"universidades_coeditoras":[],"palabras_clave":[],"listado_alfabetico":[],"acf":[],"_links":{"self":[{"href":"https:\/\/wizardly-davinci.82-223-8-23.plesk.page\/en\/wp-json\/wp\/v2\/product\/59883"}],"collection":[{"href":"https:\/\/wizardly-davinci.82-223-8-23.plesk.page\/en\/wp-json\/wp\/v2\/product"}],"about":[{"href":"https:\/\/wizardly-davinci.82-223-8-23.plesk.page\/en\/wp-json\/wp\/v2\/types\/product"}],"replies":[{"embeddable":true,"href":"https:\/\/wizardly-davinci.82-223-8-23.plesk.page\/en\/wp-json\/wp\/v2\/comments?post=59883"}],"wp:featuredmedia":[{"embeddable":true,"href":"https:\/\/wizardly-davinci.82-223-8-23.plesk.page\/en\/wp-json\/wp\/v2\/media\/59884"}],"wp:attachment":[{"href":"https:\/\/wizardly-davinci.82-223-8-23.plesk.page\/en\/wp-json\/wp\/v2\/media?parent=59883"}],"wp:term":[{"taxonomy":"product_cat","embeddable":true,"href":"https:\/\/wizardly-davinci.82-223-8-23.plesk.page\/en\/wp-json\/wp\/v2\/product_cat?post=59883"},{"taxonomy":"product_tag","embeddable":true,"href":"https:\/\/wizardly-davinci.82-223-8-23.plesk.page\/en\/wp-json\/wp\/v2\/product_tag?post=59883"},{"taxonomy":"edicion","embeddable":true,"href":"https:\/\/wizardly-davinci.82-223-8-23.plesk.page\/en\/wp-json\/wp\/v2\/edicion?post=59883"},{"taxonomy":"editoriales","embeddable":true,"href":"https:\/\/wizardly-davinci.82-223-8-23.plesk.page\/en\/wp-json\/wp\/v2\/editoriales?post=59883"},{"taxonomy":"tienda","embeddable":true,"href":"https:\/\/wizardly-davinci.82-223-8-23.plesk.page\/en\/wp-json\/wp\/v2\/tienda?post=59883"},{"taxonomy":"autor_id","embeddable":true,"href":"https:\/\/wizardly-davinci.82-223-8-23.plesk.page\/en\/wp-json\/wp\/v2\/autor_id?post=59883"},{"taxonomy":"universidades_coeditoras","embeddable":true,"href":"https:\/\/wizardly-davinci.82-223-8-23.plesk.page\/en\/wp-json\/wp\/v2\/universidades_coeditoras?post=59883"},{"taxonomy":"palabras_clave","embeddable":true,"href":"https:\/\/wizardly-davinci.82-223-8-23.plesk.page\/en\/wp-json\/wp\/v2\/palabras_clave?post=59883"},{"taxonomy":"listado_alfabetico","embeddable":true,"href":"https:\/\/wizardly-davinci.82-223-8-23.plesk.page\/en\/wp-json\/wp\/v2\/listado_alfabetico?post=59883"}],"curies":[{"name":"wp","href":"https:\/\/api.w.org\/{rel}","templated":true}]}}