{"id":59886,"date":"2017-09-01T14:31:36","date_gmt":"2017-09-01T14:31:36","guid":{"rendered":"https:\/\/octaedro.com\/?post_type=product&#038;p=59886"},"modified":"2022-06-13T22:43:33","modified_gmt":"2022-06-13T22:43:33","slug":"cacahuatl","status":"publish","type":"product","link":"https:\/\/wizardly-davinci.82-223-8-23.plesk.page\/en\/producto\/cacahuatl\/","title":{"rendered":"Cac\u00e1huatl"},"content":{"rendered":"<p>Cac\u00e1huatl \u00e9s un llibre de poesia, poesia inspirada en les diferentets xocolates que fa en\u00a0<a href=\"https:\/\/pol-len.cat\/autoria\/lluis-riera\/\">Llu\u00eds Riera Call\u00eds<\/a>, autor dels poemes,\u00a0<a href=\"http:\/\/cacaupastisseria.com\/pastisseria\/\">pastisser<\/a>\u00a0de cinquena generaci\u00f3, especialitzat en xocolata. Pol\u00edticament comprom\u00e8s, lletraferit po\u00e8ticament, rapsode i escriptor.<\/p>\n<p>Les fotografies\u00a0 de Cac\u00e1huatl s\u00f3n d\u2019en Pol Vila i Oll\u00e9. Participa en el moviment art\u00edsticopol\u00edtic (fotoprotesta), i es destaca per treballar l\u2019obra fotogr\u00e0fica com a conjunt d\u2019imatges que supera la individualitat.<\/p>\n","protected":false},"excerpt":{"rendered":"<p><strong>Cac\u00e1huatl<\/strong> \u00e9s un llibre de poesia, poesia inspirada en les diferentets xocolates que fa en\u00a0<strong>Llu\u00eds Riera Call\u00eds<\/strong>, autor dels poemes,\u00a0pastisser\u00a0de cinquena generaci\u00f3, especialitzat en xocolata. Pol\u00edticament comprom\u00e8s, lletraferit po\u00e8ticament, rapsode i escriptor.<\/p>\n<p>Les fotografies\u00a0 de Cac\u00e1huatl s\u00f3n d\u2019en Pol Vila i Oll\u00e9. Participa en el moviment art\u00edsticopol\u00edtic (fotoprotesta), i es destaca per treballar l\u2019obra fotogr\u00e0fica com a conjunt d\u2019imatges que supera la individualitat.<\/p>\n","protected":false},"featured_media":59887,"comment_status":"open","ping_status":"closed","template":"","meta":{"_et_pb_use_builder":"","_et_pb_old_content":"","_et_gb_content_width":""},"product_cat":[2614,6675],"product_tag":[2602],"edicion":[1083],"editoriales":[1162],"tienda":[],"autor_id":[22064],"universidades_coeditoras":[],"palabras_clave":[],"listado_alfabetico":[],"acf":[],"_links":{"self":[{"href":"https:\/\/wizardly-davinci.82-223-8-23.plesk.page\/en\/wp-json\/wp\/v2\/product\/59886"}],"collection":[{"href":"https:\/\/wizardly-davinci.82-223-8-23.plesk.page\/en\/wp-json\/wp\/v2\/product"}],"about":[{"href":"https:\/\/wizardly-davinci.82-223-8-23.plesk.page\/en\/wp-json\/wp\/v2\/types\/product"}],"replies":[{"embeddable":true,"href":"https:\/\/wizardly-davinci.82-223-8-23.plesk.page\/en\/wp-json\/wp\/v2\/comments?post=59886"}],"wp:featuredmedia":[{"embeddable":true,"href":"https:\/\/wizardly-davinci.82-223-8-23.plesk.page\/en\/wp-json\/wp\/v2\/media\/59887"}],"wp:attachment":[{"href":"https:\/\/wizardly-davinci.82-223-8-23.plesk.page\/en\/wp-json\/wp\/v2\/media?parent=59886"}],"wp:term":[{"taxonomy":"product_cat","embeddable":true,"href":"https:\/\/wizardly-davinci.82-223-8-23.plesk.page\/en\/wp-json\/wp\/v2\/product_cat?post=59886"},{"taxonomy":"product_tag","embeddable":true,"href":"https:\/\/wizardly-davinci.82-223-8-23.plesk.page\/en\/wp-json\/wp\/v2\/product_tag?post=59886"},{"taxonomy":"edicion","embeddable":true,"href":"https:\/\/wizardly-davinci.82-223-8-23.plesk.page\/en\/wp-json\/wp\/v2\/edicion?post=59886"},{"taxonomy":"editoriales","embeddable":true,"href":"https:\/\/wizardly-davinci.82-223-8-23.plesk.page\/en\/wp-json\/wp\/v2\/editoriales?post=59886"},{"taxonomy":"tienda","embeddable":true,"href":"https:\/\/wizardly-davinci.82-223-8-23.plesk.page\/en\/wp-json\/wp\/v2\/tienda?post=59886"},{"taxonomy":"autor_id","embeddable":true,"href":"https:\/\/wizardly-davinci.82-223-8-23.plesk.page\/en\/wp-json\/wp\/v2\/autor_id?post=59886"},{"taxonomy":"universidades_coeditoras","embeddable":true,"href":"https:\/\/wizardly-davinci.82-223-8-23.plesk.page\/en\/wp-json\/wp\/v2\/universidades_coeditoras?post=59886"},{"taxonomy":"palabras_clave","embeddable":true,"href":"https:\/\/wizardly-davinci.82-223-8-23.plesk.page\/en\/wp-json\/wp\/v2\/palabras_clave?post=59886"},{"taxonomy":"listado_alfabetico","embeddable":true,"href":"https:\/\/wizardly-davinci.82-223-8-23.plesk.page\/en\/wp-json\/wp\/v2\/listado_alfabetico?post=59886"}],"curies":[{"name":"wp","href":"https:\/\/api.w.org\/{rel}","templated":true}]}}