{"id":59889,"date":"2016-11-01T14:40:57","date_gmt":"2016-11-01T14:40:57","guid":{"rendered":"https:\/\/octaedro.com\/?post_type=product&#038;p=59889"},"modified":"2022-06-13T22:58:36","modified_gmt":"2022-06-13T22:58:36","slug":"la-ciutat-de-les-fogueres","status":"publish","type":"product","link":"https:\/\/wizardly-davinci.82-223-8-23.plesk.page\/en\/producto\/la-ciutat-de-les-fogueres\/","title":{"rendered":"La ciutat de les fogueres"},"content":{"rendered":"<p>La ciutat de les fogueres \u00e9s una reconstrucci\u00f3, a partir de la mem\u00f2ria col\u00b7lectiva, d\u2019una generaci\u00f3 que el<br \/>\npropi carrer va ensenyar i fer cr\u00e9ixer. Els diferents testimonis que l\u2019han fet possible, s\u00f3n, inevitablement,<br \/>\nuna impugnaci\u00f3 a un present que nega el carrer a la canalla. Les diferents veus recollides a continuaci\u00f3<br \/>\nhan estat confiades a un equip de 13 persones que es va dedicar a reconstruir l\u2019antiga celebraci\u00f3 de<br \/>\nles fogueres de Sant Joan a Barcelona. En aquest moment, es va fer evident que les viv\u00e8ncies al carrer<br \/>\ndescrites pels diferents testimonis, anaven molt m\u00e9s enll\u00e0 de la nit del 23 de juny.<\/p>\n","protected":false},"excerpt":{"rendered":"<p><strong>La ciutat de les fogueres<\/strong> \u00e9s una reconstrucci\u00f3, a partir de la mem\u00f2ria col\u00b7lectiva, d\u2019una generaci\u00f3 que el propi carrer va ensenyar i fer cr\u00e9ixer. Els diferents testimonis que l\u2019han fet possible, s\u00f3n, inevitablement, una impugnaci\u00f3 a un present que nega el carrer a la canalla. Les diferents veus recollides a continuaci\u00f3 han estat confiades a un equip de 13 persones que es va dedicar a reconstruir l\u2019antiga celebraci\u00f3 de les fogueres de Sant Joan a Barcelona. En aquest moment, es va fer evident que les viv\u00e8ncies al carrer descrites pels diferents testimonis, anaven molt m\u00e9s enll\u00e0 de la nit del 23 de juny.<\/p>\n","protected":false},"featured_media":59890,"comment_status":"open","ping_status":"closed","template":"","meta":{"_et_pb_use_builder":"","_et_pb_old_content":"","_et_gb_content_width":""},"product_cat":[2614,6675],"product_tag":[2602],"edicion":[1083],"editoriales":[1162],"tienda":[],"autor_id":[22067,22068],"universidades_coeditoras":[],"palabras_clave":[],"listado_alfabetico":[],"acf":[],"_links":{"self":[{"href":"https:\/\/wizardly-davinci.82-223-8-23.plesk.page\/en\/wp-json\/wp\/v2\/product\/59889"}],"collection":[{"href":"https:\/\/wizardly-davinci.82-223-8-23.plesk.page\/en\/wp-json\/wp\/v2\/product"}],"about":[{"href":"https:\/\/wizardly-davinci.82-223-8-23.plesk.page\/en\/wp-json\/wp\/v2\/types\/product"}],"replies":[{"embeddable":true,"href":"https:\/\/wizardly-davinci.82-223-8-23.plesk.page\/en\/wp-json\/wp\/v2\/comments?post=59889"}],"wp:featuredmedia":[{"embeddable":true,"href":"https:\/\/wizardly-davinci.82-223-8-23.plesk.page\/en\/wp-json\/wp\/v2\/media\/59890"}],"wp:attachment":[{"href":"https:\/\/wizardly-davinci.82-223-8-23.plesk.page\/en\/wp-json\/wp\/v2\/media?parent=59889"}],"wp:term":[{"taxonomy":"product_cat","embeddable":true,"href":"https:\/\/wizardly-davinci.82-223-8-23.plesk.page\/en\/wp-json\/wp\/v2\/product_cat?post=59889"},{"taxonomy":"product_tag","embeddable":true,"href":"https:\/\/wizardly-davinci.82-223-8-23.plesk.page\/en\/wp-json\/wp\/v2\/product_tag?post=59889"},{"taxonomy":"edicion","embeddable":true,"href":"https:\/\/wizardly-davinci.82-223-8-23.plesk.page\/en\/wp-json\/wp\/v2\/edicion?post=59889"},{"taxonomy":"editoriales","embeddable":true,"href":"https:\/\/wizardly-davinci.82-223-8-23.plesk.page\/en\/wp-json\/wp\/v2\/editoriales?post=59889"},{"taxonomy":"tienda","embeddable":true,"href":"https:\/\/wizardly-davinci.82-223-8-23.plesk.page\/en\/wp-json\/wp\/v2\/tienda?post=59889"},{"taxonomy":"autor_id","embeddable":true,"href":"https:\/\/wizardly-davinci.82-223-8-23.plesk.page\/en\/wp-json\/wp\/v2\/autor_id?post=59889"},{"taxonomy":"universidades_coeditoras","embeddable":true,"href":"https:\/\/wizardly-davinci.82-223-8-23.plesk.page\/en\/wp-json\/wp\/v2\/universidades_coeditoras?post=59889"},{"taxonomy":"palabras_clave","embeddable":true,"href":"https:\/\/wizardly-davinci.82-223-8-23.plesk.page\/en\/wp-json\/wp\/v2\/palabras_clave?post=59889"},{"taxonomy":"listado_alfabetico","embeddable":true,"href":"https:\/\/wizardly-davinci.82-223-8-23.plesk.page\/en\/wp-json\/wp\/v2\/listado_alfabetico?post=59889"}],"curies":[{"name":"wp","href":"https:\/\/api.w.org\/{rel}","templated":true}]}}