{"id":59895,"date":"2021-11-01T14:02:42","date_gmt":"2021-11-01T14:02:42","guid":{"rendered":"https:\/\/octaedro.com\/?post_type=product&#038;p=59895"},"modified":"2022-06-13T23:14:11","modified_gmt":"2022-06-13T23:14:11","slug":"emergencia","status":"publish","type":"product","link":"https:\/\/wizardly-davinci.82-223-8-23.plesk.page\/en\/producto\/emergencia\/","title":{"rendered":"Emerg\u00e8ncia"},"content":{"rendered":"<p>\u2018<a href=\"https:\/\/www.elcritic.cat\/sobre-critic\/novetats\/emergencia-de-que-va-la-nova-revista-de-critic-108711\" target=\"_blank\" rel=\"noopener noreferrer\">Emerg\u00e8ncia<\/a>\u2019 \u00e9s el vuit\u00e8 Dossier CR\u00cdTIC, una revista de 140 p\u00e0gines que analitza\u00a0<strong>la situaci\u00f3 de crisi ecol\u00f2gica que viu el m\u00f3n i com podem combatre-la des de la nostra vida quotidiana<\/strong>. No nom\u00e9s s\u2019explica la magnitud de la trag\u00e8dia que ens cau al damunt, sin\u00f3 que tamb\u00e9 s\u2019ofereixen propostes i camins, que ja fa anys que plantegen els experts o els moviments socials, per intentar revertir-la. Dirigida per\u00a0<strong>Manel Riu<\/strong>\u00a0i\u00a0<strong>Sergi Picazo<\/strong>, compta amb el suport econ\u00f2mic i l\u2019assessorament de continguts especial de l\u2019<a href=\"https:\/\/observatoridesc.org\/\"><strong>Observatori DESC<\/strong><\/a>. Els principals protagonistes de la revista \u2018Emerg\u00e8ncia\u2019 s\u00f3n\u00a0<strong>Jorge Riechmann<\/strong>,\u00a0<strong>Raquel Rosnik<\/strong>\u00a0i<strong>\u00a0Joan Mart\u00ednez Alier<\/strong>, entrevistats a fons. Pel que fa a les opinions, s\u2019hi inclouen les d\u2019<strong>Alfons P\u00e9rez<\/strong>,\u00a0<strong>Irene Escorihuela<\/strong>,\u00a0<strong>Joaquim Sempere<\/strong>,\u00a0<strong>Salvador Rueda<\/strong>,\u00a0<strong>Gemma Carb\u00f3<\/strong>,\u00a0<strong>Joan Buades<\/strong>,\u00a0<strong>Vanesa Freixa<\/strong>,\u00a0<strong>Joan Herrera<\/strong>\u00a0i\u00a0<strong>Anna P\u00e9rez Catal\u00e0.\u00a0<\/strong>Els autors dels principals reportatges informatius s\u00f3n\u00a0<strong>Sergi Picazo<\/strong>,\u00a0<strong>Laura Aznar<\/strong>,\u00a0<strong>Manel Riu<\/strong>,<strong>\u00a0Laia Soldevila<\/strong>\u00a0i\u00a0<strong>Rafa Burgos.\u00a0<\/strong>Tamb\u00e9 s\u2019hi pot llegir un estudi, titulat \u2018El trencaclosques de la transici\u00f3 energ\u00e8tica\u2019, elaborat per\u00a0<strong>Cl\u00e0udia Cust\u00f2dio<\/strong>\u00a0i\u00a0<strong>Irene Escorihuela<\/strong>, de l\u2019<strong>Observatori DESC.\u00a0<\/strong><\/p>\n","protected":false},"excerpt":{"rendered":"<p>\u2018<strong>Emerg\u00e8ncia<\/strong>\u2019 \u00e9s el vuit\u00e8 Dossier CR\u00cdTIC, una revista de 140 p\u00e0gines que analitza\u00a0<strong>la situaci\u00f3 de crisi ecol\u00f2gica que viu el m\u00f3n i com podem combatre-la des de la nostra vida quotidiana<\/strong>. No nom\u00e9s s\u2019explica la magnitud de la trag\u00e8dia que ens cau al damunt, sin\u00f3 que tamb\u00e9 s\u2019ofereixen propostes i camins, que ja fa anys que plantegen els experts o els moviments socials, per intentar revertir-la. Dirigida per\u00a0<strong>Manel Riu<\/strong>\u00a0i\u00a0<strong>Sergi Picazo<\/strong>, compta amb el suport econ\u00f2mic i l\u2019assessorament de continguts especial de <strong>l\u2019Observatori DESC<\/strong>. Els principals protagonistes de la revista \u2018Emerg\u00e8ncia\u2019 s\u00f3n\u00a0<strong>Jorge Riechmann,\u00a0Raquel Rosnik\u00a0i\u00a0Joan Mart\u00ednez Alier<\/strong>, entrevistats a fons. Pel que fa a les opinions, s\u2019hi inclouen les d\u2019<strong>Alfons P\u00e9rez,\u00a0Irene Escorihuela,\u00a0Joaquim Sempere,\u00a0Salvador Rueda,\u00a0Gemma Carb\u00f3,\u00a0Joan Buades,\u00a0Vanesa Freixa,\u00a0Joan Herrera\u00a0i\u00a0Anna P\u00e9rez Catal\u00e0<\/strong>.\u00a0Els autors dels principals reportatges informatius s\u00f3n\u00a0<strong>Sergi Picazo,\u00a0Laura Aznar,\u00a0Manel Riu,\u00a0Laia Soldevila\u00a0i\u00a0Rafa Burgos<\/strong>.\u00a0Tamb\u00e9 s\u2019hi pot llegir un estudi, titulat \u2018El trencaclosques de la transici\u00f3 energ\u00e8tica\u2019, elaborat per\u00a0<strong>Cl\u00e0udia Cust\u00f2dio\u00a0i\u00a0Irene Escorihuela<\/strong>, de l\u2019<strong>Observatori DESC<\/strong>.\u00a0<\/p>\n","protected":false},"featured_media":59896,"comment_status":"open","ping_status":"closed","template":"","meta":{"_et_pb_use_builder":"","_et_pb_old_content":"","_et_gb_content_width":""},"product_cat":[2614,6675],"product_tag":[2602],"edicion":[1083],"editoriales":[1162],"tienda":[],"autor_id":[5083],"universidades_coeditoras":[],"palabras_clave":[],"listado_alfabetico":[],"acf":[],"_links":{"self":[{"href":"https:\/\/wizardly-davinci.82-223-8-23.plesk.page\/en\/wp-json\/wp\/v2\/product\/59895"}],"collection":[{"href":"https:\/\/wizardly-davinci.82-223-8-23.plesk.page\/en\/wp-json\/wp\/v2\/product"}],"about":[{"href":"https:\/\/wizardly-davinci.82-223-8-23.plesk.page\/en\/wp-json\/wp\/v2\/types\/product"}],"replies":[{"embeddable":true,"href":"https:\/\/wizardly-davinci.82-223-8-23.plesk.page\/en\/wp-json\/wp\/v2\/comments?post=59895"}],"wp:featuredmedia":[{"embeddable":true,"href":"https:\/\/wizardly-davinci.82-223-8-23.plesk.page\/en\/wp-json\/wp\/v2\/media\/59896"}],"wp:attachment":[{"href":"https:\/\/wizardly-davinci.82-223-8-23.plesk.page\/en\/wp-json\/wp\/v2\/media?parent=59895"}],"wp:term":[{"taxonomy":"product_cat","embeddable":true,"href":"https:\/\/wizardly-davinci.82-223-8-23.plesk.page\/en\/wp-json\/wp\/v2\/product_cat?post=59895"},{"taxonomy":"product_tag","embeddable":true,"href":"https:\/\/wizardly-davinci.82-223-8-23.plesk.page\/en\/wp-json\/wp\/v2\/product_tag?post=59895"},{"taxonomy":"edicion","embeddable":true,"href":"https:\/\/wizardly-davinci.82-223-8-23.plesk.page\/en\/wp-json\/wp\/v2\/edicion?post=59895"},{"taxonomy":"editoriales","embeddable":true,"href":"https:\/\/wizardly-davinci.82-223-8-23.plesk.page\/en\/wp-json\/wp\/v2\/editoriales?post=59895"},{"taxonomy":"tienda","embeddable":true,"href":"https:\/\/wizardly-davinci.82-223-8-23.plesk.page\/en\/wp-json\/wp\/v2\/tienda?post=59895"},{"taxonomy":"autor_id","embeddable":true,"href":"https:\/\/wizardly-davinci.82-223-8-23.plesk.page\/en\/wp-json\/wp\/v2\/autor_id?post=59895"},{"taxonomy":"universidades_coeditoras","embeddable":true,"href":"https:\/\/wizardly-davinci.82-223-8-23.plesk.page\/en\/wp-json\/wp\/v2\/universidades_coeditoras?post=59895"},{"taxonomy":"palabras_clave","embeddable":true,"href":"https:\/\/wizardly-davinci.82-223-8-23.plesk.page\/en\/wp-json\/wp\/v2\/palabras_clave?post=59895"},{"taxonomy":"listado_alfabetico","embeddable":true,"href":"https:\/\/wizardly-davinci.82-223-8-23.plesk.page\/en\/wp-json\/wp\/v2\/listado_alfabetico?post=59895"}],"curies":[{"name":"wp","href":"https:\/\/api.w.org\/{rel}","templated":true}]}}