{"id":60004,"date":"2022-03-23T14:21:51","date_gmt":"2022-03-23T13:21:51","guid":{"rendered":"https:\/\/octaedro.com\/?post_type=product&#038;p=60004"},"modified":"2022-11-02T11:12:13","modified_gmt":"2022-11-02T10:12:13","slug":"educacio-feminista","status":"publish","type":"product","link":"https:\/\/wizardly-davinci.82-223-8-23.plesk.page\/en\/producto\/educacio-feminista\/","title":{"rendered":"Educaci\u00f3 Feminista"},"content":{"rendered":"<p><strong>Educaci\u00f3 feminista<\/strong> \u00e9s una obra col\u00b7lectiva on es tracten, des d\u2019una perspectiva feminista, de pensament cr\u00edtic i de comprom\u00eds \u00e8tic, eixos fonamentals capa\u00e7os de donar resposta a alguns dels reptes m\u00e9s importants que afronten actualment els centres educatius.<br \/>\nCom treballem l\u2019educaci\u00f3 sexual a cada per\u00edode del desenvolupament? Quin \u00fas, inclusiu o excloent, fem de la llengua? Des d\u2019on treballem les ci\u00e8ncies naturals i les ci\u00e8ncies socials? Qu\u00e8 diuen les fam\u00edlies? Des d\u2019on parlem? Quin \u00e9s el nostre lloc d\u2019enunciaci\u00f3? D\u2019on venim i cap on anem, educativament parlant? El llibre aporta refer\u00e8ncies des de la mirada de mestres i professores, i tamb\u00e9 de mares, on s\u2019entreteixeixen teoria i pr\u00e0ctica, des d\u2019un altre imaginari simb\u00f2lic.<\/p>\n<p>L\u2019obra reuneix els sabers de moltes professionals que han dedicat i dediquen la seva vida a posar en pr\u00e0ctica una altra educaci\u00f3, amb propostes que trenquen amb un sistema can\u00f2nic r\u00edgid i perpetuador de desigualtats. Les seves p\u00e0gines respiren cr\u00edtica, possibilitat i desig amb la mirada posada en un m\u00f3n millor que \u00e9s, ni m\u00e9s ni menys, el somni feminista.<\/p>\n","protected":false},"excerpt":{"rendered":"<p>Educaci\u00f3 feminista \u00e9s una obra col\u00b7lectiva on es tracten, des d\u2019una perspectiva feminista, de pensament cr\u00edtic i de comprom\u00eds \u00e8tic, eixos fonamentals capa\u00e7os de donar resposta a alguns dels reptes m\u00e9s importants que afronten actualment els centres educatius. Com treballem l\u2019educaci\u00f3 sexual a cada per\u00edode del desenvolupament? Quin \u00fas, inclusiu o excloent, fem de la [&#8230;]<\/p>\n","protected":false},"featured_media":60007,"comment_status":"open","ping_status":"closed","template":"","meta":{"_et_pb_use_builder":"","_et_pb_old_content":"","_et_gb_content_width":""},"product_cat":[2614,1508,6675,1502],"product_tag":[2602],"edicion":[1083],"editoriales":[1163],"tienda":[],"autor_id":[5083],"universidades_coeditoras":[],"palabras_clave":[],"listado_alfabetico":[],"acf":[],"_links":{"self":[{"href":"https:\/\/wizardly-davinci.82-223-8-23.plesk.page\/en\/wp-json\/wp\/v2\/product\/60004"}],"collection":[{"href":"https:\/\/wizardly-davinci.82-223-8-23.plesk.page\/en\/wp-json\/wp\/v2\/product"}],"about":[{"href":"https:\/\/wizardly-davinci.82-223-8-23.plesk.page\/en\/wp-json\/wp\/v2\/types\/product"}],"replies":[{"embeddable":true,"href":"https:\/\/wizardly-davinci.82-223-8-23.plesk.page\/en\/wp-json\/wp\/v2\/comments?post=60004"}],"wp:featuredmedia":[{"embeddable":true,"href":"https:\/\/wizardly-davinci.82-223-8-23.plesk.page\/en\/wp-json\/wp\/v2\/media\/60007"}],"wp:attachment":[{"href":"https:\/\/wizardly-davinci.82-223-8-23.plesk.page\/en\/wp-json\/wp\/v2\/media?parent=60004"}],"wp:term":[{"taxonomy":"product_cat","embeddable":true,"href":"https:\/\/wizardly-davinci.82-223-8-23.plesk.page\/en\/wp-json\/wp\/v2\/product_cat?post=60004"},{"taxonomy":"product_tag","embeddable":true,"href":"https:\/\/wizardly-davinci.82-223-8-23.plesk.page\/en\/wp-json\/wp\/v2\/product_tag?post=60004"},{"taxonomy":"edicion","embeddable":true,"href":"https:\/\/wizardly-davinci.82-223-8-23.plesk.page\/en\/wp-json\/wp\/v2\/edicion?post=60004"},{"taxonomy":"editoriales","embeddable":true,"href":"https:\/\/wizardly-davinci.82-223-8-23.plesk.page\/en\/wp-json\/wp\/v2\/editoriales?post=60004"},{"taxonomy":"tienda","embeddable":true,"href":"https:\/\/wizardly-davinci.82-223-8-23.plesk.page\/en\/wp-json\/wp\/v2\/tienda?post=60004"},{"taxonomy":"autor_id","embeddable":true,"href":"https:\/\/wizardly-davinci.82-223-8-23.plesk.page\/en\/wp-json\/wp\/v2\/autor_id?post=60004"},{"taxonomy":"universidades_coeditoras","embeddable":true,"href":"https:\/\/wizardly-davinci.82-223-8-23.plesk.page\/en\/wp-json\/wp\/v2\/universidades_coeditoras?post=60004"},{"taxonomy":"palabras_clave","embeddable":true,"href":"https:\/\/wizardly-davinci.82-223-8-23.plesk.page\/en\/wp-json\/wp\/v2\/palabras_clave?post=60004"},{"taxonomy":"listado_alfabetico","embeddable":true,"href":"https:\/\/wizardly-davinci.82-223-8-23.plesk.page\/en\/wp-json\/wp\/v2\/listado_alfabetico?post=60004"}],"curies":[{"name":"wp","href":"https:\/\/api.w.org\/{rel}","templated":true}]}}