{"id":60027,"date":"2007-12-23T12:36:37","date_gmt":"2007-12-23T12:36:37","guid":{"rendered":"https:\/\/octaedro.com\/?post_type=product&#038;p=60027"},"modified":"2022-09-23T19:35:55","modified_gmt":"2022-09-23T17:35:55","slug":"albums-i-altres-lectures","status":"publish","type":"product","link":"https:\/\/wizardly-davinci.82-223-8-23.plesk.page\/en\/producto\/albums-i-altres-lectures\/","title":{"rendered":"\u00c0lbums i altres lectures"},"content":{"rendered":"<p>Immersos com estem en la societat de la comunicaci\u00f3 i la cultura de la imatge, aprendre a llegir, aprendre a imaginar, s\u00f3n dues fites molt importants de la pedagogia actual. Per\u00f2 hi ha tantes menes de lectures! L\u2019activitat lectora es desenvolupa en tantes direccions!<\/p>\n<p>En aquest estudi, resum de la seva tesi doctoral, l\u2019autora se centra en l\u2019an\u00e0lisi dels tres llenguatges primordials -l\u2019oral, el textual i el visual- que conflueixen en la literatura infantil, i m\u00e9s espec\u00edficament en l\u2019\u00e0lbum il\u00b7lustrat. L\u2019\u00e0lbum \u00e9s un llibre compost indistintament, per\u00f2 no pas arbitr\u00e0riament, d\u2019imatges i mots, perqu\u00e8 aquests dos suports comunicatius, copsats en tota la seva dimensi\u00f3 cognitiva, atorguen als lectors no solament una visi\u00f3 persp\u00edcua del m\u00f3n que ens envolta, sin\u00f3 tamb\u00e9 el desenvolupament d\u2019una molt necess\u00e0ria pedagogia de l\u2019imaginari, pr\u00f2pia de l\u2019era postmoderna.<\/p>\n","protected":false},"excerpt":{"rendered":"<p>Immersos com estem en la societat de la comunicaci\u00f3 i la cultura de la imatge, aprendre a llegir, aprendre a imaginar, s\u00f3n dues fites molt importants de la pedagogia actual. Per\u00f2 hi ha tantes menes de lectures! L\u2019activitat lectora es desenvolupa en tantes direccions!<br \/>\nEn aquest estudi, resum de la seva tesi doctoral, l\u2019autora se centra en l\u2019an\u00e0lisi dels tres llenguatges primordials -l\u2019oral, el textual i el visual- que conflueixen en la literatura infantil, i m\u00e9s espec\u00edficament en l\u2019\u00e0lbum il\u00b7lustrat. L\u2019\u00e0lbum \u00e9s un llibre compost indistintament, per\u00f2 no pas arbitr\u00e0riament, d\u2019imatges i mots, perqu\u00e8 aquests dos suports comunicatius, copsats en tota la seva dimensi\u00f3 cognitiva, atorguen als lectors no solament una visi\u00f3 persp\u00edcua del m\u00f3n que ens envolta, sin\u00f3 tamb\u00e9 el desenvolupament d\u2019una molt necess\u00e0ria pedagogia de l\u2019imaginari, pr\u00f2pia de l\u2019era postmoderna.<\/p>\n","protected":false},"featured_media":60030,"comment_status":"open","ping_status":"closed","template":"","meta":{"_et_pb_use_builder":"","_et_pb_old_content":"","_et_gb_content_width":""},"product_cat":[2614,1508,6675,1502],"product_tag":[2602],"edicion":[1083],"editoriales":[1163],"tienda":[],"autor_id":[5391],"universidades_coeditoras":[],"palabras_clave":[],"listado_alfabetico":[],"acf":[],"_links":{"self":[{"href":"https:\/\/wizardly-davinci.82-223-8-23.plesk.page\/en\/wp-json\/wp\/v2\/product\/60027"}],"collection":[{"href":"https:\/\/wizardly-davinci.82-223-8-23.plesk.page\/en\/wp-json\/wp\/v2\/product"}],"about":[{"href":"https:\/\/wizardly-davinci.82-223-8-23.plesk.page\/en\/wp-json\/wp\/v2\/types\/product"}],"replies":[{"embeddable":true,"href":"https:\/\/wizardly-davinci.82-223-8-23.plesk.page\/en\/wp-json\/wp\/v2\/comments?post=60027"}],"wp:featuredmedia":[{"embeddable":true,"href":"https:\/\/wizardly-davinci.82-223-8-23.plesk.page\/en\/wp-json\/wp\/v2\/media\/60030"}],"wp:attachment":[{"href":"https:\/\/wizardly-davinci.82-223-8-23.plesk.page\/en\/wp-json\/wp\/v2\/media?parent=60027"}],"wp:term":[{"taxonomy":"product_cat","embeddable":true,"href":"https:\/\/wizardly-davinci.82-223-8-23.plesk.page\/en\/wp-json\/wp\/v2\/product_cat?post=60027"},{"taxonomy":"product_tag","embeddable":true,"href":"https:\/\/wizardly-davinci.82-223-8-23.plesk.page\/en\/wp-json\/wp\/v2\/product_tag?post=60027"},{"taxonomy":"edicion","embeddable":true,"href":"https:\/\/wizardly-davinci.82-223-8-23.plesk.page\/en\/wp-json\/wp\/v2\/edicion?post=60027"},{"taxonomy":"editoriales","embeddable":true,"href":"https:\/\/wizardly-davinci.82-223-8-23.plesk.page\/en\/wp-json\/wp\/v2\/editoriales?post=60027"},{"taxonomy":"tienda","embeddable":true,"href":"https:\/\/wizardly-davinci.82-223-8-23.plesk.page\/en\/wp-json\/wp\/v2\/tienda?post=60027"},{"taxonomy":"autor_id","embeddable":true,"href":"https:\/\/wizardly-davinci.82-223-8-23.plesk.page\/en\/wp-json\/wp\/v2\/autor_id?post=60027"},{"taxonomy":"universidades_coeditoras","embeddable":true,"href":"https:\/\/wizardly-davinci.82-223-8-23.plesk.page\/en\/wp-json\/wp\/v2\/universidades_coeditoras?post=60027"},{"taxonomy":"palabras_clave","embeddable":true,"href":"https:\/\/wizardly-davinci.82-223-8-23.plesk.page\/en\/wp-json\/wp\/v2\/palabras_clave?post=60027"},{"taxonomy":"listado_alfabetico","embeddable":true,"href":"https:\/\/wizardly-davinci.82-223-8-23.plesk.page\/en\/wp-json\/wp\/v2\/listado_alfabetico?post=60027"}],"curies":[{"name":"wp","href":"https:\/\/api.w.org\/{rel}","templated":true}]}}