{"id":60032,"date":"2021-12-23T12:50:00","date_gmt":"2021-12-23T12:50:00","guid":{"rendered":"https:\/\/octaedro.com\/?post_type=product&#038;p=60032"},"modified":"2022-09-23T14:48:49","modified_gmt":"2022-09-23T12:48:49","slug":"la-colla-del-besos","status":"publish","type":"product","link":"https:\/\/wizardly-davinci.82-223-8-23.plesk.page\/en\/producto\/la-colla-del-besos\/","title":{"rendered":"La colla del Bes\u00f2s"},"content":{"rendered":"<p>Aquest llibre recull records del que va significar l\u2019experi\u00e8ncia de treball de <strong>\u00abla colla del Bes\u00f2s\u00bb<\/strong>, un grup de professores que, entre els anys 1967 i 1972, encara en ple franquisme, vam compartir doc\u00e8ncia a les filials de l\u2019Institut Maragall i a l\u2019Escola de Formaci\u00f3 Professional del barri del Bes\u00f2s. Antics alumnes han volgut explicar tamb\u00e9 el que va representar per a ells.<\/p>\n<p>En aquell moment nosaltres ten\u00edem una nul\u00b7la formaci\u00f3 did\u00e0ctica, per\u00f2 est\u00e0vem conven\u00e7udes que davant de cada entrebanc i dificultat hav\u00edem de trobar un cam\u00ed per superar-ho. A partir de la din\u00e0mica quotidiana amb les nostres alumnes, de compartir la lectura de llibres, de participar en activitats de formaci\u00f3 a l\u2019Associaci\u00f3 de Mestres Rosa Sensat i, molt especialment, de les discussions en les moltes reunions que f\u00e8iem, vam anar desenvolupant la nostra capacitaci\u00f3 com a docents.<\/p>\n<p>Van ser uns anys apassionants de reflexi\u00f3 i d\u2019acci\u00f3 que ens van deixar una forta empremta, i guardem aquell record com una etapa molt preuada del nostre recorregut professional i tamb\u00e9 personal. Ens vam comprometre amb la innovaci\u00f3 did\u00e0ctica, i amb el comprom\u00eds social i pol\u00edtic, i vam implicar-nos en la lluita per aconseguir drets laborals, un ensenyament mixt, la presa de decisions participada, el dret de les noies a tenir les mateixes opcions de vida que els nois i una escola p\u00fablica per a tothom.<\/p>\n<p>Volem compartir aquests records i reflexions amb aquells docents que segueixen treballant per donar la millor resposta possible a les necessitats dels nois i noies d\u2019avui.<\/p>\n","protected":false},"excerpt":{"rendered":"<p>Aquest llibre recull records del que va significar l\u2019experi\u00e8ncia de treball de \u00abla colla del Bes\u00f2s\u00bb, un grup de professores que, entre els anys 1967 i 1972, encara en ple franquisme, vam compartir doc\u00e8ncia a les filials de l\u2019Institut Maragall i a l\u2019Escola de Formaci\u00f3 Professional del barri del Bes\u00f2s. Antics alumnes han volgut explicar tamb\u00e9 el que va representar per a ells.<\/p>\n<p>En aquell moment nosaltres ten\u00edem una nul\u00b7la formaci\u00f3 did\u00e0ctica, per\u00f2 est\u00e0vem conven\u00e7udes que davant de cada entrebanc i dificultat hav\u00edem de trobar un cam\u00ed per superar-ho. A partir de la din\u00e0mica quotidiana amb les nostres alumnes, de compartir la lectura de llibres, de participar en activitats de formaci\u00f3 a l\u2019Associaci\u00f3 de Mestres Rosa Sensat i, molt especialment, de les discussions en les moltes reunions que f\u00e8iem, vam anar desenvolupant la nostra capacitaci\u00f3 com a docents.<br \/>\nVan ser uns anys apassionants de reflexi\u00f3 i d\u2019acci\u00f3 que ens van deixar una forta empremta, i guardem aquell record com una etapa molt preuada del nostre recorregut professional i tamb\u00e9 personal. Ens vam comprometre amb la innovaci\u00f3 did\u00e0ctica, i amb el comprom\u00eds social i pol\u00edtic, i vam implicar-nos en la lluita per aconseguir drets laborals, un ensenyament mixt, la presa de decisions participada, el dret de les noies a tenir les mateixes opcions de vida que els nois i una escola p\u00fablica per a tothom.<br \/>\nVolem compartir aquests records i reflexions amb aquells docents que segueixen treballant per donar la millor resposta possible a les necessitats dels nois i noies d\u2019avui.<\/p>\n","protected":false},"featured_media":60033,"comment_status":"open","ping_status":"closed","template":"","meta":{"_et_pb_use_builder":"","_et_pb_old_content":"","_et_gb_content_width":""},"product_cat":[2614,1508,6675,1502],"product_tag":[2602],"edicion":[1083],"editoriales":[1163],"tienda":[],"autor_id":[22256,22257,6360],"universidades_coeditoras":[],"palabras_clave":[],"listado_alfabetico":[],"acf":[],"_links":{"self":[{"href":"https:\/\/wizardly-davinci.82-223-8-23.plesk.page\/en\/wp-json\/wp\/v2\/product\/60032"}],"collection":[{"href":"https:\/\/wizardly-davinci.82-223-8-23.plesk.page\/en\/wp-json\/wp\/v2\/product"}],"about":[{"href":"https:\/\/wizardly-davinci.82-223-8-23.plesk.page\/en\/wp-json\/wp\/v2\/types\/product"}],"replies":[{"embeddable":true,"href":"https:\/\/wizardly-davinci.82-223-8-23.plesk.page\/en\/wp-json\/wp\/v2\/comments?post=60032"}],"wp:featuredmedia":[{"embeddable":true,"href":"https:\/\/wizardly-davinci.82-223-8-23.plesk.page\/en\/wp-json\/wp\/v2\/media\/60033"}],"wp:attachment":[{"href":"https:\/\/wizardly-davinci.82-223-8-23.plesk.page\/en\/wp-json\/wp\/v2\/media?parent=60032"}],"wp:term":[{"taxonomy":"product_cat","embeddable":true,"href":"https:\/\/wizardly-davinci.82-223-8-23.plesk.page\/en\/wp-json\/wp\/v2\/product_cat?post=60032"},{"taxonomy":"product_tag","embeddable":true,"href":"https:\/\/wizardly-davinci.82-223-8-23.plesk.page\/en\/wp-json\/wp\/v2\/product_tag?post=60032"},{"taxonomy":"edicion","embeddable":true,"href":"https:\/\/wizardly-davinci.82-223-8-23.plesk.page\/en\/wp-json\/wp\/v2\/edicion?post=60032"},{"taxonomy":"editoriales","embeddable":true,"href":"https:\/\/wizardly-davinci.82-223-8-23.plesk.page\/en\/wp-json\/wp\/v2\/editoriales?post=60032"},{"taxonomy":"tienda","embeddable":true,"href":"https:\/\/wizardly-davinci.82-223-8-23.plesk.page\/en\/wp-json\/wp\/v2\/tienda?post=60032"},{"taxonomy":"autor_id","embeddable":true,"href":"https:\/\/wizardly-davinci.82-223-8-23.plesk.page\/en\/wp-json\/wp\/v2\/autor_id?post=60032"},{"taxonomy":"universidades_coeditoras","embeddable":true,"href":"https:\/\/wizardly-davinci.82-223-8-23.plesk.page\/en\/wp-json\/wp\/v2\/universidades_coeditoras?post=60032"},{"taxonomy":"palabras_clave","embeddable":true,"href":"https:\/\/wizardly-davinci.82-223-8-23.plesk.page\/en\/wp-json\/wp\/v2\/palabras_clave?post=60032"},{"taxonomy":"listado_alfabetico","embeddable":true,"href":"https:\/\/wizardly-davinci.82-223-8-23.plesk.page\/en\/wp-json\/wp\/v2\/listado_alfabetico?post=60032"}],"curies":[{"name":"wp","href":"https:\/\/api.w.org\/{rel}","templated":true}]}}