{"id":60035,"date":"2006-10-23T15:08:07","date_gmt":"2006-10-23T13:08:07","guid":{"rendered":"https:\/\/octaedro.com\/?post_type=product&#038;p=60035"},"modified":"2022-11-02T10:56:45","modified_gmt":"2022-11-02T09:56:45","slug":"tot-per-amor","status":"publish","type":"product","link":"https:\/\/wizardly-davinci.82-223-8-23.plesk.page\/en\/producto\/tot-per-amor\/","title":{"rendered":"Tot per amor?"},"content":{"rendered":"<p>Tot per amor? \u00e9s una hist\u00f2ria d\u2019amor a l\u2019educaci\u00f3 com a motor i combustible de vida, i tamb\u00e9 la constataci\u00f3 que es pot estimar i cr\u00e9ixer alhora, amar sense perdre el vol i ampliar el territori. El territori del llibre est\u00e0 format pels relats i les valoracions dels alumnes que han passat per les classes d\u2019educaci\u00f3 afectiva i sexual de Rosa Sanchis, per les seues discussions i per un saber te\u00f2ric fruit de quinze anys d\u2019estudi i treball a peu de classe.<br \/>\nL\u2019aparent senzillesa de l\u2019obra \u00e9s una virtut que no amaga l\u2019exacta radiografia de la manipulaci\u00f3 moral que el patriarcat ha com\u00e8s amb les persones, en especial amb les dones, personatges secundaris en la pel\u00b7l\u00edcula de la vida. Per\u00f2 la c\u00e0mera que la professora ha instal\u00b7lat a l\u2019aula es gira ac\u00ed cap a la viol\u00e8ncia exercida contra elles, i mostra clarament com la llavor dels principis patriarcals arrela en les creences i sentiments dels joves.<br \/>\nAmor i dolor han anat massa temps de la m\u00e0; llibres com aquest s\u00f3n necessaris perqu\u00e8 ofereixen als adolescents -i tamb\u00e9 als adults- diferents eines que q\u00fcestionen una educaci\u00f3 massa restrictiva. Documents per a recuperar la capacitat per a explorar i crear plaer en les relacions afectivosexuals i el temps per a pensar i perdre\u2019s en la fantasia.<\/p>\n","protected":false},"excerpt":{"rendered":"<p>Tot per amor? \u00e9s una hist\u00f2ria d\u2019amor a l\u2019educaci\u00f3 com a motor i combustible de vida, i tamb\u00e9 la constataci\u00f3 que es pot estimar i cr\u00e9ixer alhora, amar sense perdre el vol i ampliar el territori. El territori del llibre est\u00e0 format pels relats i les valoracions dels alumnes que han passat per les classes [&#8230;]<\/p>\n","protected":false},"featured_media":60036,"comment_status":"open","ping_status":"closed","template":"","meta":{"_et_pb_use_builder":"","_et_pb_old_content":"","_et_gb_content_width":""},"product_cat":[2614,1508,6675,1502],"product_tag":[2602],"edicion":[1083],"editoriales":[1163],"tienda":[],"autor_id":[22263],"universidades_coeditoras":[],"palabras_clave":[],"listado_alfabetico":[],"acf":[],"_links":{"self":[{"href":"https:\/\/wizardly-davinci.82-223-8-23.plesk.page\/en\/wp-json\/wp\/v2\/product\/60035"}],"collection":[{"href":"https:\/\/wizardly-davinci.82-223-8-23.plesk.page\/en\/wp-json\/wp\/v2\/product"}],"about":[{"href":"https:\/\/wizardly-davinci.82-223-8-23.plesk.page\/en\/wp-json\/wp\/v2\/types\/product"}],"replies":[{"embeddable":true,"href":"https:\/\/wizardly-davinci.82-223-8-23.plesk.page\/en\/wp-json\/wp\/v2\/comments?post=60035"}],"wp:featuredmedia":[{"embeddable":true,"href":"https:\/\/wizardly-davinci.82-223-8-23.plesk.page\/en\/wp-json\/wp\/v2\/media\/60036"}],"wp:attachment":[{"href":"https:\/\/wizardly-davinci.82-223-8-23.plesk.page\/en\/wp-json\/wp\/v2\/media?parent=60035"}],"wp:term":[{"taxonomy":"product_cat","embeddable":true,"href":"https:\/\/wizardly-davinci.82-223-8-23.plesk.page\/en\/wp-json\/wp\/v2\/product_cat?post=60035"},{"taxonomy":"product_tag","embeddable":true,"href":"https:\/\/wizardly-davinci.82-223-8-23.plesk.page\/en\/wp-json\/wp\/v2\/product_tag?post=60035"},{"taxonomy":"edicion","embeddable":true,"href":"https:\/\/wizardly-davinci.82-223-8-23.plesk.page\/en\/wp-json\/wp\/v2\/edicion?post=60035"},{"taxonomy":"editoriales","embeddable":true,"href":"https:\/\/wizardly-davinci.82-223-8-23.plesk.page\/en\/wp-json\/wp\/v2\/editoriales?post=60035"},{"taxonomy":"tienda","embeddable":true,"href":"https:\/\/wizardly-davinci.82-223-8-23.plesk.page\/en\/wp-json\/wp\/v2\/tienda?post=60035"},{"taxonomy":"autor_id","embeddable":true,"href":"https:\/\/wizardly-davinci.82-223-8-23.plesk.page\/en\/wp-json\/wp\/v2\/autor_id?post=60035"},{"taxonomy":"universidades_coeditoras","embeddable":true,"href":"https:\/\/wizardly-davinci.82-223-8-23.plesk.page\/en\/wp-json\/wp\/v2\/universidades_coeditoras?post=60035"},{"taxonomy":"palabras_clave","embeddable":true,"href":"https:\/\/wizardly-davinci.82-223-8-23.plesk.page\/en\/wp-json\/wp\/v2\/palabras_clave?post=60035"},{"taxonomy":"listado_alfabetico","embeddable":true,"href":"https:\/\/wizardly-davinci.82-223-8-23.plesk.page\/en\/wp-json\/wp\/v2\/listado_alfabetico?post=60035"}],"curies":[{"name":"wp","href":"https:\/\/api.w.org\/{rel}","templated":true}]}}