{"id":60050,"date":"2017-03-23T13:45:18","date_gmt":"2017-03-23T13:45:18","guid":{"rendered":"https:\/\/octaedro.com\/?post_type=product&#038;p=60050"},"modified":"2022-09-23T14:50:39","modified_gmt":"2022-09-23T12:50:39","slug":"escoles-inclusives-escoles-de-futur","status":"publish","type":"product","link":"https:\/\/wizardly-davinci.82-223-8-23.plesk.page\/en\/producto\/escoles-inclusives-escoles-de-futur\/","title":{"rendered":"Escoles inclusives, escoles de futur"},"content":{"rendered":"<p>Aquest \u00e9s un treball que demostra, amb arguments s\u00f2lids i amb eines i estrat\u00e8gies espec\u00edfiques i efectives que l\u2019escola inclusiva a Catalunya \u00e9s possible i necess\u00e0ria. A trav\u00e9s dels seus onze cap\u00edtols fa una mirada cr\u00edtica al que s\u2019ha fet fins ara, desmunta els mites i les fal\u00b7lacies m\u00e9s habituals a prop\u00f2sit de l\u2019escolaritzaci\u00f3 en escoles ordin\u00e0ries dels infants i joves amb alguna discapacitat i desf\u00e0 les barreres actitudinals i formatives que al\u00b7leguen alguns docents. Perqu\u00e8 per a Efr\u00e8n Carbonell l\u2019escola inclusiva \u00e9s sin\u00f2nim d\u2019escola innovadora i d\u2019escola de qualitat per a tothom. Aquest \u00e9s un desafiament que avui estem en condicions de guanyar.<\/p>\n","protected":false},"excerpt":{"rendered":"<p>Aquest \u00e9s un treball que demostra, amb arguments s\u00f2lids i amb eines i estrat\u00e8gies espec\u00edfiques i efectives que l\u2019escola inclusiva a Catalunya \u00e9s possible i necess\u00e0ria. A trav\u00e9s dels seus onze cap\u00edtols fa una mirada cr\u00edtica al que s\u2019ha fet fins ara, desmunta els mites i les fal\u00b7lacies m\u00e9s habituals a prop\u00f2sit de l\u2019escolaritzaci\u00f3 en escoles ordin\u00e0ries dels infants i joves amb alguna discapacitat i desf\u00e0 les barreres actitudinals i formatives que al\u00b7leguen alguns docents. Perqu\u00e8 per a Efr\u00e8n Carbonell l\u2019escola inclusiva \u00e9s sin\u00f2nim d\u2019escola innovadora i d\u2019escola de qualitat per a tothom. Aquest \u00e9s un desafiament que avui estem en condicions de guanyar.<\/p>\n","protected":false},"featured_media":60053,"comment_status":"open","ping_status":"closed","template":"","meta":{"_et_pb_use_builder":"","_et_pb_old_content":"","_et_gb_content_width":""},"product_cat":[2614,1508,6675,1502],"product_tag":[2602],"edicion":[1083],"editoriales":[1163],"tienda":[],"autor_id":[22278],"universidades_coeditoras":[],"palabras_clave":[],"listado_alfabetico":[],"acf":[],"_links":{"self":[{"href":"https:\/\/wizardly-davinci.82-223-8-23.plesk.page\/en\/wp-json\/wp\/v2\/product\/60050"}],"collection":[{"href":"https:\/\/wizardly-davinci.82-223-8-23.plesk.page\/en\/wp-json\/wp\/v2\/product"}],"about":[{"href":"https:\/\/wizardly-davinci.82-223-8-23.plesk.page\/en\/wp-json\/wp\/v2\/types\/product"}],"replies":[{"embeddable":true,"href":"https:\/\/wizardly-davinci.82-223-8-23.plesk.page\/en\/wp-json\/wp\/v2\/comments?post=60050"}],"wp:featuredmedia":[{"embeddable":true,"href":"https:\/\/wizardly-davinci.82-223-8-23.plesk.page\/en\/wp-json\/wp\/v2\/media\/60053"}],"wp:attachment":[{"href":"https:\/\/wizardly-davinci.82-223-8-23.plesk.page\/en\/wp-json\/wp\/v2\/media?parent=60050"}],"wp:term":[{"taxonomy":"product_cat","embeddable":true,"href":"https:\/\/wizardly-davinci.82-223-8-23.plesk.page\/en\/wp-json\/wp\/v2\/product_cat?post=60050"},{"taxonomy":"product_tag","embeddable":true,"href":"https:\/\/wizardly-davinci.82-223-8-23.plesk.page\/en\/wp-json\/wp\/v2\/product_tag?post=60050"},{"taxonomy":"edicion","embeddable":true,"href":"https:\/\/wizardly-davinci.82-223-8-23.plesk.page\/en\/wp-json\/wp\/v2\/edicion?post=60050"},{"taxonomy":"editoriales","embeddable":true,"href":"https:\/\/wizardly-davinci.82-223-8-23.plesk.page\/en\/wp-json\/wp\/v2\/editoriales?post=60050"},{"taxonomy":"tienda","embeddable":true,"href":"https:\/\/wizardly-davinci.82-223-8-23.plesk.page\/en\/wp-json\/wp\/v2\/tienda?post=60050"},{"taxonomy":"autor_id","embeddable":true,"href":"https:\/\/wizardly-davinci.82-223-8-23.plesk.page\/en\/wp-json\/wp\/v2\/autor_id?post=60050"},{"taxonomy":"universidades_coeditoras","embeddable":true,"href":"https:\/\/wizardly-davinci.82-223-8-23.plesk.page\/en\/wp-json\/wp\/v2\/universidades_coeditoras?post=60050"},{"taxonomy":"palabras_clave","embeddable":true,"href":"https:\/\/wizardly-davinci.82-223-8-23.plesk.page\/en\/wp-json\/wp\/v2\/palabras_clave?post=60050"},{"taxonomy":"listado_alfabetico","embeddable":true,"href":"https:\/\/wizardly-davinci.82-223-8-23.plesk.page\/en\/wp-json\/wp\/v2\/listado_alfabetico?post=60050"}],"curies":[{"name":"wp","href":"https:\/\/api.w.org\/{rel}","templated":true}]}}