{"id":60055,"date":"2021-03-23T13:58:07","date_gmt":"2021-03-23T13:58:07","guid":{"rendered":"https:\/\/octaedro.com\/?post_type=product&#038;p=60055"},"modified":"2022-09-23T14:57:48","modified_gmt":"2022-09-23T12:57:48","slug":"en-col%c2%b7laboracio-petits-grans-projectes","status":"publish","type":"product","link":"https:\/\/wizardly-davinci.82-223-8-23.plesk.page\/en\/producto\/en-col%c2%b7laboracio-petits-grans-projectes\/","title":{"rendered":"En col\u00b7laboraci\u00f3, petits grans projectes"},"content":{"rendered":"<p>Aquest \u00e9s el quart llibre que la col\u00b7lecci\u00f3 Temes d\u2019Inf\u00e0ncia edita i publica de la mestra S\u00edlvia Majoral. Seguint la seva l\u00ednia entusiasta tornem a recon\u00e8ixer la seva defensa als projectes d\u2019aprenentatge des de la percepci\u00f3 global que els infants tenen en contacte amb l\u2019entorn, i no des de la fragmentaci\u00f3 i parcel\u00b7laci\u00f3 del coneixement.<br \/>\nEl llibre mostra com l\u2019autora promou un constant, i alhora pausat, di\u00e0leg creatiu i did\u00e0ctic dels infants amb el m\u00f3n que els \u00e9s proper. Perqu\u00e8 la cerca i exploraci\u00f3 del potencial dels infants s\u2019ha de fer sense pressa, sense amo\u00efnar-se, avan\u00e7ant segons la cad\u00e8ncia del dia a dia.<\/p>\n","protected":false},"excerpt":{"rendered":"<p>Aquest \u00e9s el quart llibre que la col\u00b7lecci\u00f3 Temes d\u2019Inf\u00e0ncia edita i publica de la mestra S\u00edlvia Majoral. Seguint la seva l\u00ednia entusiasta tornem a recon\u00e8ixer la seva defensa als projectes d\u2019aprenentatge des de la percepci\u00f3 global que els infants tenen en contacte amb l\u2019entorn, i no des de la fragmentaci\u00f3 i parcel\u00b7laci\u00f3 del coneixement.<br \/>\nEl llibre mostra com l\u2019autora promou un constant, i alhora pausat, di\u00e0leg creatiu i did\u00e0ctic dels infants amb el m\u00f3n que els \u00e9s proper. Perqu\u00e8 la cerca i exploraci\u00f3 del potencial dels infants s\u2019ha de fer sense pressa, sense amo\u00efnar-se, avan\u00e7ant segons la cad\u00e8ncia del dia a dia.<\/p>\n","protected":false},"featured_media":60056,"comment_status":"open","ping_status":"closed","template":"","meta":{"_et_pb_use_builder":"","_et_pb_old_content":"","_et_gb_content_width":""},"product_cat":[2614,1508,6675,1502],"product_tag":[2602],"edicion":[1083],"editoriales":[1163],"tienda":[],"autor_id":[5879],"universidades_coeditoras":[],"palabras_clave":[],"listado_alfabetico":[],"acf":[],"_links":{"self":[{"href":"https:\/\/wizardly-davinci.82-223-8-23.plesk.page\/en\/wp-json\/wp\/v2\/product\/60055"}],"collection":[{"href":"https:\/\/wizardly-davinci.82-223-8-23.plesk.page\/en\/wp-json\/wp\/v2\/product"}],"about":[{"href":"https:\/\/wizardly-davinci.82-223-8-23.plesk.page\/en\/wp-json\/wp\/v2\/types\/product"}],"replies":[{"embeddable":true,"href":"https:\/\/wizardly-davinci.82-223-8-23.plesk.page\/en\/wp-json\/wp\/v2\/comments?post=60055"}],"wp:featuredmedia":[{"embeddable":true,"href":"https:\/\/wizardly-davinci.82-223-8-23.plesk.page\/en\/wp-json\/wp\/v2\/media\/60056"}],"wp:attachment":[{"href":"https:\/\/wizardly-davinci.82-223-8-23.plesk.page\/en\/wp-json\/wp\/v2\/media?parent=60055"}],"wp:term":[{"taxonomy":"product_cat","embeddable":true,"href":"https:\/\/wizardly-davinci.82-223-8-23.plesk.page\/en\/wp-json\/wp\/v2\/product_cat?post=60055"},{"taxonomy":"product_tag","embeddable":true,"href":"https:\/\/wizardly-davinci.82-223-8-23.plesk.page\/en\/wp-json\/wp\/v2\/product_tag?post=60055"},{"taxonomy":"edicion","embeddable":true,"href":"https:\/\/wizardly-davinci.82-223-8-23.plesk.page\/en\/wp-json\/wp\/v2\/edicion?post=60055"},{"taxonomy":"editoriales","embeddable":true,"href":"https:\/\/wizardly-davinci.82-223-8-23.plesk.page\/en\/wp-json\/wp\/v2\/editoriales?post=60055"},{"taxonomy":"tienda","embeddable":true,"href":"https:\/\/wizardly-davinci.82-223-8-23.plesk.page\/en\/wp-json\/wp\/v2\/tienda?post=60055"},{"taxonomy":"autor_id","embeddable":true,"href":"https:\/\/wizardly-davinci.82-223-8-23.plesk.page\/en\/wp-json\/wp\/v2\/autor_id?post=60055"},{"taxonomy":"universidades_coeditoras","embeddable":true,"href":"https:\/\/wizardly-davinci.82-223-8-23.plesk.page\/en\/wp-json\/wp\/v2\/universidades_coeditoras?post=60055"},{"taxonomy":"palabras_clave","embeddable":true,"href":"https:\/\/wizardly-davinci.82-223-8-23.plesk.page\/en\/wp-json\/wp\/v2\/palabras_clave?post=60055"},{"taxonomy":"listado_alfabetico","embeddable":true,"href":"https:\/\/wizardly-davinci.82-223-8-23.plesk.page\/en\/wp-json\/wp\/v2\/listado_alfabetico?post=60055"}],"curies":[{"name":"wp","href":"https:\/\/api.w.org\/{rel}","templated":true}]}}