{"id":60058,"date":"2018-06-23T16:08:45","date_gmt":"2018-06-23T14:08:45","guid":{"rendered":"https:\/\/octaedro.com\/?post_type=product&#038;p=60058"},"modified":"2022-11-02T10:34:48","modified_gmt":"2022-11-02T09:34:48","slug":"lofici-de-mestre","status":"publish","type":"product","link":"https:\/\/wizardly-davinci.82-223-8-23.plesk.page\/en\/producto\/lofici-de-mestre\/","title":{"rendered":"L\u2019ofici de mestre"},"content":{"rendered":"<p><strong>L\u2019ofici de mestre<\/strong> ens mostra l\u2019experi\u00e8ncia d\u2019aprenentatge d\u2019un mestre d\u2019escola que, en constatar la manca d\u2019inter\u00e8s del seu alumnat i la migradesa dels seus recursos professionals, a causa de la deficient formaci\u00f3 rebuda, decid\u00ed cercar per pr\u00f2pia iniciativa la soluci\u00f3 als seus problemes professionals.<br \/>\nDespr\u00e9s d\u2019un per\u00edode d\u2019inquietud, lectures i coneixement de diverses experi\u00e8ncies alternatives a l\u2019escola tradicional, descobr\u00ed la pedagogia Freinet i qued\u00e0 sedu\u00eft per les seves t\u00e8cniques de treball, que han obert l\u2019escola a la vida i han donat sentit a la seva professi\u00f3.<br \/>\nL\u2019ofici de mestre \u00e9s un recorregut exhaustiu per la seva experi\u00e8ncia professional, per\u00f2 tamb\u00e9 una reflexi\u00f3 rigorosa i profunda entorn de q\u00fcestions pedag\u00f2giques ben vives i una reivindicaci\u00f3 d\u2019un patrimoni pedag\u00f2gic massa oblidat pels mestres d\u2019avui.<\/p>\n","protected":false},"excerpt":{"rendered":"<p><strong>L\u2019ofici de mestre<\/strong> ens mostra l\u2019experi\u00e8ncia d\u2019aprenentatge d\u2019un mestre d\u2019escola que, en constatar la manca d\u2019inter\u00e8s del seu alumnat i la migradesa dels seus recursos professionals, a causa de la deficient formaci\u00f3 rebuda, decid\u00ed cercar per pr\u00f2pia iniciativa la soluci\u00f3 als seus problemes professionals.<br \/>\nDespr\u00e9s d\u2019un per\u00edode d\u2019inquietud, lectures i coneixement de diverses experi\u00e8ncies alternatives a l\u2019escola tradicional, descobr\u00ed la pedagogia Freinet i qued\u00e0 sedu\u00eft per les seves t\u00e8cniques de treball, que han obert l\u2019escola a la vida i han donat sentit a la seva professi\u00f3.<br \/>\nL\u2019ofici de mestre \u00e9s un recorregut exhaustiu per la seva experi\u00e8ncia professional, per\u00f2 tamb\u00e9 una reflexi\u00f3 rigorosa i profunda entorn de q\u00fcestions pedag\u00f2giques ben vives i una reivindicaci\u00f3 d\u2019un patrimoni pedag\u00f2gic massa oblidat pels mestres d\u2019avui.<\/p>\n","protected":false},"featured_media":60062,"comment_status":"open","ping_status":"closed","template":"","meta":{"_et_pb_use_builder":"","_et_pb_old_content":"","_et_gb_content_width":""},"product_cat":[2614,1508,6675,1502],"product_tag":[2602],"edicion":[1083],"editoriales":[1163],"tienda":[],"autor_id":[5576],"universidades_coeditoras":[],"palabras_clave":[],"listado_alfabetico":[],"acf":[],"_links":{"self":[{"href":"https:\/\/wizardly-davinci.82-223-8-23.plesk.page\/en\/wp-json\/wp\/v2\/product\/60058"}],"collection":[{"href":"https:\/\/wizardly-davinci.82-223-8-23.plesk.page\/en\/wp-json\/wp\/v2\/product"}],"about":[{"href":"https:\/\/wizardly-davinci.82-223-8-23.plesk.page\/en\/wp-json\/wp\/v2\/types\/product"}],"replies":[{"embeddable":true,"href":"https:\/\/wizardly-davinci.82-223-8-23.plesk.page\/en\/wp-json\/wp\/v2\/comments?post=60058"}],"wp:featuredmedia":[{"embeddable":true,"href":"https:\/\/wizardly-davinci.82-223-8-23.plesk.page\/en\/wp-json\/wp\/v2\/media\/60062"}],"wp:attachment":[{"href":"https:\/\/wizardly-davinci.82-223-8-23.plesk.page\/en\/wp-json\/wp\/v2\/media?parent=60058"}],"wp:term":[{"taxonomy":"product_cat","embeddable":true,"href":"https:\/\/wizardly-davinci.82-223-8-23.plesk.page\/en\/wp-json\/wp\/v2\/product_cat?post=60058"},{"taxonomy":"product_tag","embeddable":true,"href":"https:\/\/wizardly-davinci.82-223-8-23.plesk.page\/en\/wp-json\/wp\/v2\/product_tag?post=60058"},{"taxonomy":"edicion","embeddable":true,"href":"https:\/\/wizardly-davinci.82-223-8-23.plesk.page\/en\/wp-json\/wp\/v2\/edicion?post=60058"},{"taxonomy":"editoriales","embeddable":true,"href":"https:\/\/wizardly-davinci.82-223-8-23.plesk.page\/en\/wp-json\/wp\/v2\/editoriales?post=60058"},{"taxonomy":"tienda","embeddable":true,"href":"https:\/\/wizardly-davinci.82-223-8-23.plesk.page\/en\/wp-json\/wp\/v2\/tienda?post=60058"},{"taxonomy":"autor_id","embeddable":true,"href":"https:\/\/wizardly-davinci.82-223-8-23.plesk.page\/en\/wp-json\/wp\/v2\/autor_id?post=60058"},{"taxonomy":"universidades_coeditoras","embeddable":true,"href":"https:\/\/wizardly-davinci.82-223-8-23.plesk.page\/en\/wp-json\/wp\/v2\/universidades_coeditoras?post=60058"},{"taxonomy":"palabras_clave","embeddable":true,"href":"https:\/\/wizardly-davinci.82-223-8-23.plesk.page\/en\/wp-json\/wp\/v2\/palabras_clave?post=60058"},{"taxonomy":"listado_alfabetico","embeddable":true,"href":"https:\/\/wizardly-davinci.82-223-8-23.plesk.page\/en\/wp-json\/wp\/v2\/listado_alfabetico?post=60058"}],"curies":[{"name":"wp","href":"https:\/\/api.w.org\/{rel}","templated":true}]}}