{"id":60095,"date":"2012-06-28T11:35:50","date_gmt":"2012-06-28T11:35:50","guid":{"rendered":"https:\/\/octaedro.com\/?post_type=product&#038;p=60095"},"modified":"2022-09-23T19:41:37","modified_gmt":"2022-09-23T17:41:37","slug":"connectat-per-aprendre","status":"publish","type":"product","link":"https:\/\/wizardly-davinci.82-223-8-23.plesk.page\/en\/producto\/connectat-per-aprendre\/","title":{"rendered":"Connecta\u2019t per aprendre"},"content":{"rendered":"<p>En aquest llibre es presenten els marcs de refer\u00e8ncia que serveixen per desenvolupar activitats interessants i innovadores amb l\u2019ajuda de les TIC (tecnologies de la informaci\u00f3 i de la comunicaci\u00f3). Es faciliten recursos, experi\u00e8ncies i propostes per aprofitar tot aquest potencial al ritme de cadasc\u00fa. D\u2019una banda, les TIC permeten personalitzar els aprenentatges, i de l\u2019altra, aprendre socialment. S\u2019adre\u00e7a als docents i a tota persona interessada en l\u2019aprenentatge, el coneixement, la identitat, la col\u00b7laboraci\u00f3 i les noves tecnologies.<\/p>\n","protected":false},"excerpt":{"rendered":"<p>En aquest llibre es presenten els marcs de refer\u00e8ncia que serveixen per desenvolupar activitats interessants i innovadores amb l\u2019ajuda de les TIC (tecnologies de la informaci\u00f3 i de la comunicaci\u00f3). Es faciliten recursos, experi\u00e8ncies i propostes per aprofitar tot aquest potencial al ritme de cadasc\u00fa. D\u2019una banda, les TIC permeten personalitzar els aprenentatges, i de l\u2019altra, aprendre socialment. S\u2019adre\u00e7a als docents i a tota persona interessada en l\u2019aprenentatge, el coneixement, la identitat, la col\u00b7laboraci\u00f3 i les noves tecnologies.<\/p>\n","protected":false},"featured_media":60097,"comment_status":"open","ping_status":"closed","template":"","meta":{"_et_pb_use_builder":"","_et_pb_old_content":"","_et_gb_content_width":""},"product_cat":[2614,1508,6675,1502],"product_tag":[2602],"edicion":[1083],"editoriales":[1163],"tienda":[],"autor_id":[22288],"universidades_coeditoras":[],"palabras_clave":[],"listado_alfabetico":[],"acf":[],"_links":{"self":[{"href":"https:\/\/wizardly-davinci.82-223-8-23.plesk.page\/en\/wp-json\/wp\/v2\/product\/60095"}],"collection":[{"href":"https:\/\/wizardly-davinci.82-223-8-23.plesk.page\/en\/wp-json\/wp\/v2\/product"}],"about":[{"href":"https:\/\/wizardly-davinci.82-223-8-23.plesk.page\/en\/wp-json\/wp\/v2\/types\/product"}],"replies":[{"embeddable":true,"href":"https:\/\/wizardly-davinci.82-223-8-23.plesk.page\/en\/wp-json\/wp\/v2\/comments?post=60095"}],"wp:featuredmedia":[{"embeddable":true,"href":"https:\/\/wizardly-davinci.82-223-8-23.plesk.page\/en\/wp-json\/wp\/v2\/media\/60097"}],"wp:attachment":[{"href":"https:\/\/wizardly-davinci.82-223-8-23.plesk.page\/en\/wp-json\/wp\/v2\/media?parent=60095"}],"wp:term":[{"taxonomy":"product_cat","embeddable":true,"href":"https:\/\/wizardly-davinci.82-223-8-23.plesk.page\/en\/wp-json\/wp\/v2\/product_cat?post=60095"},{"taxonomy":"product_tag","embeddable":true,"href":"https:\/\/wizardly-davinci.82-223-8-23.plesk.page\/en\/wp-json\/wp\/v2\/product_tag?post=60095"},{"taxonomy":"edicion","embeddable":true,"href":"https:\/\/wizardly-davinci.82-223-8-23.plesk.page\/en\/wp-json\/wp\/v2\/edicion?post=60095"},{"taxonomy":"editoriales","embeddable":true,"href":"https:\/\/wizardly-davinci.82-223-8-23.plesk.page\/en\/wp-json\/wp\/v2\/editoriales?post=60095"},{"taxonomy":"tienda","embeddable":true,"href":"https:\/\/wizardly-davinci.82-223-8-23.plesk.page\/en\/wp-json\/wp\/v2\/tienda?post=60095"},{"taxonomy":"autor_id","embeddable":true,"href":"https:\/\/wizardly-davinci.82-223-8-23.plesk.page\/en\/wp-json\/wp\/v2\/autor_id?post=60095"},{"taxonomy":"universidades_coeditoras","embeddable":true,"href":"https:\/\/wizardly-davinci.82-223-8-23.plesk.page\/en\/wp-json\/wp\/v2\/universidades_coeditoras?post=60095"},{"taxonomy":"palabras_clave","embeddable":true,"href":"https:\/\/wizardly-davinci.82-223-8-23.plesk.page\/en\/wp-json\/wp\/v2\/palabras_clave?post=60095"},{"taxonomy":"listado_alfabetico","embeddable":true,"href":"https:\/\/wizardly-davinci.82-223-8-23.plesk.page\/en\/wp-json\/wp\/v2\/listado_alfabetico?post=60095"}],"curies":[{"name":"wp","href":"https:\/\/api.w.org\/{rel}","templated":true}]}}