{"id":60102,"date":"2010-12-28T12:08:29","date_gmt":"2010-12-28T12:08:29","guid":{"rendered":"https:\/\/octaedro.com\/?post_type=product&#038;p=60102"},"modified":"2022-09-23T19:38:11","modified_gmt":"2022-09-23T17:38:11","slug":"el-teatre-en-leducacio","status":"publish","type":"product","link":"https:\/\/wizardly-davinci.82-223-8-23.plesk.page\/en\/producto\/el-teatre-en-leducacio\/","title":{"rendered":"El teatre en l\u2019educaci\u00f3"},"content":{"rendered":"<p>El dossier que teniu a les mans neix de la pr\u00e0ctica teatral de molts anys a escoles, instituts i grups de teatre. Temps enrere potser no l\u2019hauria gosat escriure\u2019l, perqu\u00e8 el meu ofici neix d\u2019un aprenentatge constant on al qual cada dia s\u2019hi afegeixen idees i experi\u00e8ncies noves. No fa gaire una mestra em va dir: -\u201cI per qu\u00e8 no repetim les obres de l\u2019any passat?\u201d. Bon D\u00e9u! Mai no he repetit una obra en un centre i mai no ho far\u00e9, perqu\u00e8 crec que el teatre s\u2019ha de reescriure cada curs, cercant un nou impuls imaginatiu al servei dels grups que hi van passant. Aquest dossier \u00e9s la l\u2019ordenaci\u00f3 de la meva manera d\u2019entendre i el fer teatre i de fer teatre perqu\u00e8 sigui utilitzat per els qui s\u2019endinsen en aquesta aventura creativa tant apassionant. Feu-ne us \u00fas d\u2019all\u00f2 que m\u00e9s us convingui i no renuncieu a crear el vostre propi m\u00e8tode per a fer del teatre la millor eina d\u2019aprenentatge que us pugueu imaginar<\/p>\n","protected":false},"excerpt":{"rendered":"<p>El dossier que teniu a les mans neix de la pr\u00e0ctica teatral de molts anys a escoles, instituts i grups de teatre. Temps enrere potser no l\u2019hauria gosat escriure\u2019l, perqu\u00e8 el meu ofici neix d\u2019un aprenentatge constant on al qual cada dia s\u2019hi afegeixen idees i experi\u00e8ncies noves. No fa gaire una mestra em va dir: -\u201cI per qu\u00e8 no repetim les obres de l\u2019any passat?\u201d. Bon D\u00e9u! Mai no he repetit una obra en un centre i mai no ho far\u00e9, perqu\u00e8 crec que el teatre s\u2019ha de reescriure cada curs, cercant un nou impuls imaginatiu al servei dels grups que hi van passant. Aquest dossier \u00e9s la l\u2019ordenaci\u00f3 de la meva manera d\u2019entendre i el fer teatre i de fer teatre perqu\u00e8 sigui utilitzat per els qui s\u2019endinsen en aquesta aventura creativa tant apassionant. Feu-ne us \u00fas d\u2019all\u00f2 que m\u00e9s us convingui i no renuncieu a crear el vostre propi m\u00e8tode per a fer del teatre la millor eina d\u2019aprenentatge que us pugueu imaginar<\/p>\n","protected":false},"featured_media":60103,"comment_status":"open","ping_status":"closed","template":"","meta":{"_et_pb_use_builder":"","_et_pb_old_content":"","_et_gb_content_width":""},"product_cat":[2614,1508,6675,1502],"product_tag":[2602],"edicion":[1083],"editoriales":[1163],"tienda":[],"autor_id":[22298],"universidades_coeditoras":[],"palabras_clave":[],"listado_alfabetico":[],"acf":[],"_links":{"self":[{"href":"https:\/\/wizardly-davinci.82-223-8-23.plesk.page\/en\/wp-json\/wp\/v2\/product\/60102"}],"collection":[{"href":"https:\/\/wizardly-davinci.82-223-8-23.plesk.page\/en\/wp-json\/wp\/v2\/product"}],"about":[{"href":"https:\/\/wizardly-davinci.82-223-8-23.plesk.page\/en\/wp-json\/wp\/v2\/types\/product"}],"replies":[{"embeddable":true,"href":"https:\/\/wizardly-davinci.82-223-8-23.plesk.page\/en\/wp-json\/wp\/v2\/comments?post=60102"}],"wp:featuredmedia":[{"embeddable":true,"href":"https:\/\/wizardly-davinci.82-223-8-23.plesk.page\/en\/wp-json\/wp\/v2\/media\/60103"}],"wp:attachment":[{"href":"https:\/\/wizardly-davinci.82-223-8-23.plesk.page\/en\/wp-json\/wp\/v2\/media?parent=60102"}],"wp:term":[{"taxonomy":"product_cat","embeddable":true,"href":"https:\/\/wizardly-davinci.82-223-8-23.plesk.page\/en\/wp-json\/wp\/v2\/product_cat?post=60102"},{"taxonomy":"product_tag","embeddable":true,"href":"https:\/\/wizardly-davinci.82-223-8-23.plesk.page\/en\/wp-json\/wp\/v2\/product_tag?post=60102"},{"taxonomy":"edicion","embeddable":true,"href":"https:\/\/wizardly-davinci.82-223-8-23.plesk.page\/en\/wp-json\/wp\/v2\/edicion?post=60102"},{"taxonomy":"editoriales","embeddable":true,"href":"https:\/\/wizardly-davinci.82-223-8-23.plesk.page\/en\/wp-json\/wp\/v2\/editoriales?post=60102"},{"taxonomy":"tienda","embeddable":true,"href":"https:\/\/wizardly-davinci.82-223-8-23.plesk.page\/en\/wp-json\/wp\/v2\/tienda?post=60102"},{"taxonomy":"autor_id","embeddable":true,"href":"https:\/\/wizardly-davinci.82-223-8-23.plesk.page\/en\/wp-json\/wp\/v2\/autor_id?post=60102"},{"taxonomy":"universidades_coeditoras","embeddable":true,"href":"https:\/\/wizardly-davinci.82-223-8-23.plesk.page\/en\/wp-json\/wp\/v2\/universidades_coeditoras?post=60102"},{"taxonomy":"palabras_clave","embeddable":true,"href":"https:\/\/wizardly-davinci.82-223-8-23.plesk.page\/en\/wp-json\/wp\/v2\/palabras_clave?post=60102"},{"taxonomy":"listado_alfabetico","embeddable":true,"href":"https:\/\/wizardly-davinci.82-223-8-23.plesk.page\/en\/wp-json\/wp\/v2\/listado_alfabetico?post=60102"}],"curies":[{"name":"wp","href":"https:\/\/api.w.org\/{rel}","templated":true}]}}