{"id":60111,"date":"2022-01-29T13:52:52","date_gmt":"2022-01-29T12:52:52","guid":{"rendered":"https:\/\/octaedro.com\/?post_type=product&#038;p=60111"},"modified":"2022-11-02T10:34:53","modified_gmt":"2022-11-02T09:34:53","slug":"todo-no-ha-salido-bien","status":"publish","type":"product","link":"https:\/\/wizardly-davinci.82-223-8-23.plesk.page\/en\/producto\/todo-no-ha-salido-bien\/","title":{"rendered":"Todo (no) ha salido bien"},"content":{"rendered":"<p><strong>Todo (no) ha salido bien.<\/strong>\u00a0 Analiza la gesti\u00f3n pand\u00e9mica desde una perspectiva estructural y en particular, desde los derechos humanos, la perspectiva de g\u00e9nero y la justicia social, reflexionando sobre cuestiones como, por ejemplo, qu\u00e9 es la salud, cu\u00e1l debe ser el papel del estado o qu\u00e9 alternativas exist\u00edan. Sin entrar en el debate de la evidencia cient\u00edfica, su autora,\u00a0<a href=\"https:\/\/pol-len.cat\/autoria\/marta-busquets-gallego\/\">Marta Busquets,<\/a>\u00a0se ubica en las coordenadas de lo social, en el contexto espa\u00f1ol. En este libro no encontrar\u00e9is nada que pretenda ser una verdad absoluta o una respuesta definitiva,\u00a0 sino elementos para la reflexi\u00f3n.<\/p>\n","protected":false},"excerpt":{"rendered":"<p><strong>Todo (no) ha salido bien<\/strong>.\u00a0 Analiza la gesti\u00f3n pand\u00e9mica desde una perspectiva estructural y en particular, desde los derechos humanos, la perspectiva de g\u00e9nero y la justicia social, reflexionando sobre cuestiones como, por ejemplo, qu\u00e9 es la salud, cu\u00e1l debe ser el papel del estado o qu\u00e9 alternativas exist\u00edan. Sin entrar en el debate de la evidencia cient\u00edfica, su autora,<strong>\u00a0Marta Busquets<\/strong>,\u00a0se ubica en las coordenadas de lo social, en el contexto espa\u00f1ol. En este libro no encontrar\u00e9is nada que pretenda ser una verdad absoluta o una respuesta definitiva, sino elementos para la reflexi\u00f3n.<\/p>\n","protected":false},"featured_media":60113,"comment_status":"open","ping_status":"closed","template":"","meta":{"_et_pb_use_builder":"","_et_pb_old_content":"","_et_gb_content_width":""},"product_cat":[2614,6675],"product_tag":[2602],"edicion":[1083],"editoriales":[1162],"tienda":[],"autor_id":[21726],"universidades_coeditoras":[],"palabras_clave":[],"listado_alfabetico":[],"acf":[],"_links":{"self":[{"href":"https:\/\/wizardly-davinci.82-223-8-23.plesk.page\/en\/wp-json\/wp\/v2\/product\/60111"}],"collection":[{"href":"https:\/\/wizardly-davinci.82-223-8-23.plesk.page\/en\/wp-json\/wp\/v2\/product"}],"about":[{"href":"https:\/\/wizardly-davinci.82-223-8-23.plesk.page\/en\/wp-json\/wp\/v2\/types\/product"}],"replies":[{"embeddable":true,"href":"https:\/\/wizardly-davinci.82-223-8-23.plesk.page\/en\/wp-json\/wp\/v2\/comments?post=60111"}],"wp:featuredmedia":[{"embeddable":true,"href":"https:\/\/wizardly-davinci.82-223-8-23.plesk.page\/en\/wp-json\/wp\/v2\/media\/60113"}],"wp:attachment":[{"href":"https:\/\/wizardly-davinci.82-223-8-23.plesk.page\/en\/wp-json\/wp\/v2\/media?parent=60111"}],"wp:term":[{"taxonomy":"product_cat","embeddable":true,"href":"https:\/\/wizardly-davinci.82-223-8-23.plesk.page\/en\/wp-json\/wp\/v2\/product_cat?post=60111"},{"taxonomy":"product_tag","embeddable":true,"href":"https:\/\/wizardly-davinci.82-223-8-23.plesk.page\/en\/wp-json\/wp\/v2\/product_tag?post=60111"},{"taxonomy":"edicion","embeddable":true,"href":"https:\/\/wizardly-davinci.82-223-8-23.plesk.page\/en\/wp-json\/wp\/v2\/edicion?post=60111"},{"taxonomy":"editoriales","embeddable":true,"href":"https:\/\/wizardly-davinci.82-223-8-23.plesk.page\/en\/wp-json\/wp\/v2\/editoriales?post=60111"},{"taxonomy":"tienda","embeddable":true,"href":"https:\/\/wizardly-davinci.82-223-8-23.plesk.page\/en\/wp-json\/wp\/v2\/tienda?post=60111"},{"taxonomy":"autor_id","embeddable":true,"href":"https:\/\/wizardly-davinci.82-223-8-23.plesk.page\/en\/wp-json\/wp\/v2\/autor_id?post=60111"},{"taxonomy":"universidades_coeditoras","embeddable":true,"href":"https:\/\/wizardly-davinci.82-223-8-23.plesk.page\/en\/wp-json\/wp\/v2\/universidades_coeditoras?post=60111"},{"taxonomy":"palabras_clave","embeddable":true,"href":"https:\/\/wizardly-davinci.82-223-8-23.plesk.page\/en\/wp-json\/wp\/v2\/palabras_clave?post=60111"},{"taxonomy":"listado_alfabetico","embeddable":true,"href":"https:\/\/wizardly-davinci.82-223-8-23.plesk.page\/en\/wp-json\/wp\/v2\/listado_alfabetico?post=60111"}],"curies":[{"name":"wp","href":"https:\/\/api.w.org\/{rel}","templated":true}]}}