{"id":60115,"date":"2021-01-29T13:14:02","date_gmt":"2021-01-29T13:14:02","guid":{"rendered":"https:\/\/octaedro.com\/?post_type=product&#038;p=60115"},"modified":"2022-06-29T13:24:59","modified_gmt":"2022-06-29T13:24:59","slug":"baye-fall","status":"publish","type":"product","link":"https:\/\/wizardly-davinci.82-223-8-23.plesk.page\/en\/producto\/baye-fall\/","title":{"rendered":"Baye Fall"},"content":{"rendered":"<p><em>Baye Fall. Expressions de l\u2019islam senegal\u00e8s a Barcelona\u00a0<\/em>\u00e9s una etnografia que segueix el cam\u00ed i actualitza un seguit de recerques antropol\u00f2giques sobre estructures i pr\u00e0ctiques organitzatives vinculades a una branca de l\u2019islam senegal\u00e8s present a Catalunya. M\u00e9s enll\u00e0 de centrar-se en les pr\u00e0ctiques religioses d\u2019aquesta comunitat, aquesta recerca s\u2019endinsa en les vicissituds a les quals s\u2019enfronten en el seu dia a dia alguns col\u00b7lectius amb bagatge migratori, especialment a Barcelona.<\/p>\n","protected":false},"excerpt":{"rendered":"<p><strong>Baye Fall.<\/strong> Expressions de l\u2019islam senegal\u00e8s a Barcelona\u00a0\u00e9s una etnografia que segueix el cam\u00ed i actualitza un seguit de recerques antropol\u00f2giques sobre estructures i pr\u00e0ctiques organitzatives vinculades a una branca de l\u2019islam senegal\u00e8s present a Catalunya. M\u00e9s enll\u00e0 de centrar-se en les pr\u00e0ctiques religioses d\u2019aquesta comunitat, aquesta recerca s\u2019endinsa en les vicissituds a les quals s\u2019enfronten en el seu dia a dia alguns col\u00b7lectius amb bagatge migratori, especialment a Barcelona.<\/p>\n","protected":false},"featured_media":60116,"comment_status":"open","ping_status":"closed","template":"","meta":{"_et_pb_use_builder":"","_et_pb_old_content":"","_et_gb_content_width":""},"product_cat":[2614,6675],"product_tag":[2602],"edicion":[1083],"editoriales":[1162],"tienda":[],"autor_id":[22318,22317,22316],"universidades_coeditoras":[],"palabras_clave":[],"listado_alfabetico":[],"acf":[],"_links":{"self":[{"href":"https:\/\/wizardly-davinci.82-223-8-23.plesk.page\/en\/wp-json\/wp\/v2\/product\/60115"}],"collection":[{"href":"https:\/\/wizardly-davinci.82-223-8-23.plesk.page\/en\/wp-json\/wp\/v2\/product"}],"about":[{"href":"https:\/\/wizardly-davinci.82-223-8-23.plesk.page\/en\/wp-json\/wp\/v2\/types\/product"}],"replies":[{"embeddable":true,"href":"https:\/\/wizardly-davinci.82-223-8-23.plesk.page\/en\/wp-json\/wp\/v2\/comments?post=60115"}],"wp:featuredmedia":[{"embeddable":true,"href":"https:\/\/wizardly-davinci.82-223-8-23.plesk.page\/en\/wp-json\/wp\/v2\/media\/60116"}],"wp:attachment":[{"href":"https:\/\/wizardly-davinci.82-223-8-23.plesk.page\/en\/wp-json\/wp\/v2\/media?parent=60115"}],"wp:term":[{"taxonomy":"product_cat","embeddable":true,"href":"https:\/\/wizardly-davinci.82-223-8-23.plesk.page\/en\/wp-json\/wp\/v2\/product_cat?post=60115"},{"taxonomy":"product_tag","embeddable":true,"href":"https:\/\/wizardly-davinci.82-223-8-23.plesk.page\/en\/wp-json\/wp\/v2\/product_tag?post=60115"},{"taxonomy":"edicion","embeddable":true,"href":"https:\/\/wizardly-davinci.82-223-8-23.plesk.page\/en\/wp-json\/wp\/v2\/edicion?post=60115"},{"taxonomy":"editoriales","embeddable":true,"href":"https:\/\/wizardly-davinci.82-223-8-23.plesk.page\/en\/wp-json\/wp\/v2\/editoriales?post=60115"},{"taxonomy":"tienda","embeddable":true,"href":"https:\/\/wizardly-davinci.82-223-8-23.plesk.page\/en\/wp-json\/wp\/v2\/tienda?post=60115"},{"taxonomy":"autor_id","embeddable":true,"href":"https:\/\/wizardly-davinci.82-223-8-23.plesk.page\/en\/wp-json\/wp\/v2\/autor_id?post=60115"},{"taxonomy":"universidades_coeditoras","embeddable":true,"href":"https:\/\/wizardly-davinci.82-223-8-23.plesk.page\/en\/wp-json\/wp\/v2\/universidades_coeditoras?post=60115"},{"taxonomy":"palabras_clave","embeddable":true,"href":"https:\/\/wizardly-davinci.82-223-8-23.plesk.page\/en\/wp-json\/wp\/v2\/palabras_clave?post=60115"},{"taxonomy":"listado_alfabetico","embeddable":true,"href":"https:\/\/wizardly-davinci.82-223-8-23.plesk.page\/en\/wp-json\/wp\/v2\/listado_alfabetico?post=60115"}],"curies":[{"name":"wp","href":"https:\/\/api.w.org\/{rel}","templated":true}]}}