{"id":60120,"date":"2021-01-29T13:32:20","date_gmt":"2021-01-29T13:32:20","guid":{"rendered":"https:\/\/octaedro.com\/?post_type=product&#038;p=60120"},"modified":"2022-06-29T13:46:27","modified_gmt":"2022-06-29T13:46:27","slug":"lescola-expandida","status":"publish","type":"product","link":"https:\/\/wizardly-davinci.82-223-8-23.plesk.page\/en\/producto\/lescola-expandida\/","title":{"rendered":"L\u2019escola expandida."},"content":{"rendered":"<p><em>L\u2019escola expandida. Repensem els espais d\u2019aprenentatge.<\/em>\u00a0Fa molt que l\u2019Escola est\u00e0 al centre d\u2019un debat que crida a la necessitat de canvis i l\u2019exig\u00e8ncia de repensar els espais d\u2019aprenentatge. L\u2019emerg\u00e8ncia sanit\u00e0ria i clim\u00e0tica ens obliga a reconsiderar prioritats, com ara la relaci\u00f3 entre l\u2019escola, el territori i la comunitat.<\/p>\n","protected":false},"excerpt":{"rendered":"<p><strong>L\u2019escola expandida<\/strong>. <strong>Repensem els espais d\u2019aprenentatge<\/strong>.\u00a0Fa molt que l\u2019Escola est\u00e0 al centre d\u2019un debat que crida a la necessitat de canvis i l\u2019exig\u00e8ncia de repensar els espais d\u2019aprenentatge. L\u2019emerg\u00e8ncia sanit\u00e0ria i clim\u00e0tica ens obliga a reconsiderar prioritats, com ara la relaci\u00f3 entre l\u2019escola, el territori i la comunitat.<\/p>\n","protected":false},"featured_media":60123,"comment_status":"open","ping_status":"closed","template":"","meta":{"_et_pb_use_builder":"","_et_pb_old_content":"","_et_gb_content_width":""},"product_cat":[1512],"product_tag":[2602],"edicion":[1083],"editoriales":[1162],"tienda":[],"autor_id":[22328,22326,22327],"universidades_coeditoras":[],"palabras_clave":[],"listado_alfabetico":[],"acf":[],"_links":{"self":[{"href":"https:\/\/wizardly-davinci.82-223-8-23.plesk.page\/en\/wp-json\/wp\/v2\/product\/60120"}],"collection":[{"href":"https:\/\/wizardly-davinci.82-223-8-23.plesk.page\/en\/wp-json\/wp\/v2\/product"}],"about":[{"href":"https:\/\/wizardly-davinci.82-223-8-23.plesk.page\/en\/wp-json\/wp\/v2\/types\/product"}],"replies":[{"embeddable":true,"href":"https:\/\/wizardly-davinci.82-223-8-23.plesk.page\/en\/wp-json\/wp\/v2\/comments?post=60120"}],"wp:featuredmedia":[{"embeddable":true,"href":"https:\/\/wizardly-davinci.82-223-8-23.plesk.page\/en\/wp-json\/wp\/v2\/media\/60123"}],"wp:attachment":[{"href":"https:\/\/wizardly-davinci.82-223-8-23.plesk.page\/en\/wp-json\/wp\/v2\/media?parent=60120"}],"wp:term":[{"taxonomy":"product_cat","embeddable":true,"href":"https:\/\/wizardly-davinci.82-223-8-23.plesk.page\/en\/wp-json\/wp\/v2\/product_cat?post=60120"},{"taxonomy":"product_tag","embeddable":true,"href":"https:\/\/wizardly-davinci.82-223-8-23.plesk.page\/en\/wp-json\/wp\/v2\/product_tag?post=60120"},{"taxonomy":"edicion","embeddable":true,"href":"https:\/\/wizardly-davinci.82-223-8-23.plesk.page\/en\/wp-json\/wp\/v2\/edicion?post=60120"},{"taxonomy":"editoriales","embeddable":true,"href":"https:\/\/wizardly-davinci.82-223-8-23.plesk.page\/en\/wp-json\/wp\/v2\/editoriales?post=60120"},{"taxonomy":"tienda","embeddable":true,"href":"https:\/\/wizardly-davinci.82-223-8-23.plesk.page\/en\/wp-json\/wp\/v2\/tienda?post=60120"},{"taxonomy":"autor_id","embeddable":true,"href":"https:\/\/wizardly-davinci.82-223-8-23.plesk.page\/en\/wp-json\/wp\/v2\/autor_id?post=60120"},{"taxonomy":"universidades_coeditoras","embeddable":true,"href":"https:\/\/wizardly-davinci.82-223-8-23.plesk.page\/en\/wp-json\/wp\/v2\/universidades_coeditoras?post=60120"},{"taxonomy":"palabras_clave","embeddable":true,"href":"https:\/\/wizardly-davinci.82-223-8-23.plesk.page\/en\/wp-json\/wp\/v2\/palabras_clave?post=60120"},{"taxonomy":"listado_alfabetico","embeddable":true,"href":"https:\/\/wizardly-davinci.82-223-8-23.plesk.page\/en\/wp-json\/wp\/v2\/listado_alfabetico?post=60120"}],"curies":[{"name":"wp","href":"https:\/\/api.w.org\/{rel}","templated":true}]}}