{"id":60209,"date":"2022-07-08T12:22:36","date_gmt":"2022-07-08T10:22:36","guid":{"rendered":"https:\/\/octaedro.com\/?post_type=product&#038;p=60209"},"modified":"2023-03-09T13:42:07","modified_gmt":"2023-03-09T12:42:07","slug":"empezar-con-buen-pie","status":"publish","type":"product","link":"https:\/\/wizardly-davinci.82-223-8-23.plesk.page\/en\/producto\/empezar-con-buen-pie\/","title":{"rendered":"Empezar con buen pie"},"content":{"rendered":"<p>\u00bfC\u00f3mo se aprende a ense\u00f1ar? La respuesta a esta sencilla pregunta nos dice mucho de la forma como una sociedad, una profesi\u00f3n o cualquier persona entiende la educaci\u00f3n y su funci\u00f3n. En demasiados pa\u00edses, la respuesta a la cuesti\u00f3n ha sido (y lamentablemente sigue siendo): se aprende a ense\u00f1ar ense\u00f1ando. Sin embargo, un n\u00famero cada vez m\u00e1s creciente de pa\u00edses han admitido la necesidad de cuidar al docente que empieza. En algunos casos, debido a las altas tasas de abandono de la docencia en los primeros a\u00f1os y, en otros, por un claro compromiso con la calidad educativa.<\/p>\n<p>D\u00e9cadas de investigaciones han mostrado que los primeros a\u00f1os como docente son intensos tanto en el aspecto profesional como personal. Estr\u00e9s, insatisfacciones, inseguridades\u2026 afectan a los docentes que empiezan a ense\u00f1ar. Podr\u00edamos considerarlo como algo normal en el inicio de cualquier ejercicio profesional, puesto que as\u00ed ha sido durante mucho tiempo. Pero olvidar\u00edamos que los efectos de estas tensiones no recaen solo en los docentes que se inician en su labor. Los damnificados son el alumnado de esos docentes principiantes. Para ayudar a los docentes noveles a afrontar estos problemas y a aprender el lenguaje de la pr\u00e1ctica, los sistemas educativos han establecido lo que se ha denominado programas de inducci\u00f3n a la ense\u00f1anza. Estos programas representan una respuesta adecuada a las necesidades de los docentes de nuevo ingreso.<\/p>\n<p>Este libro se centra en presentar una conceptualizaci\u00f3n del periodo de inducci\u00f3n a la docencia y, especialmente, en describir ejemplos de programas de inducci\u00f3n que se vienen desarrollando con \u00e9xito en algunos pa\u00edses de nuestro entorno.<\/p>\n","protected":false},"excerpt":{"rendered":"<p>\u00bfC\u00f3mo se aprende a ense\u00f1ar? La respuesta a esta sencilla pregunta nos dice mucho de la forma como una sociedad, una profesi\u00f3n o cualquier persona entiende la educaci\u00f3n y su funci\u00f3n. En demasiados pa\u00edses, la respuesta a la cuesti\u00f3n ha sido (y lamentablemente sigue siendo): se aprende a ense\u00f1ar ense\u00f1ando. Sin embargo, un n\u00famero cada vez m\u00e1s creciente de pa\u00edses han admitido la necesidad de cuidar al docente que empieza. En algunos casos, debido a las altas tasas de abandono de la docencia en los primeros a\u00f1os y, en otros, por un claro compromiso con la calidad educativa.<\/p>\n<p>D\u00e9cadas de investigaciones han mostrado que los primeros a\u00f1os como docente son intensos tanto en el aspecto profesional como personal. Estr\u00e9s, insatisfacciones, inseguridades\u2026 afectan a los docentes que empiezan a ense\u00f1ar. Podr\u00edamos considerarlo como algo normal en el inicio de cualquier ejercicio profesional, puesto que as\u00ed ha sido durante mucho tiempo. Pero olvidar\u00edamos que los efectos de estas tensiones no recaen solo en los docentes que se inician en su labor. Los damnificados son el alumnado de esos docentes principiantes. Para ayudar a los docentes noveles a afrontar estos problemas y a aprender el lenguaje de la pr\u00e1ctica, los sistemas educativos han establecido lo que se ha denominado programas de inducci\u00f3n a la ense\u00f1anza. Estos programas representan una respuesta adecuada a las necesidades de los docentes de nuevo ingreso.<\/p>\n<p>Este libro se centra en presentar una conceptualizaci\u00f3n del periodo de inducci\u00f3n a la docencia y, especialmente, en describir ejemplos de programas de inducci\u00f3n que se vienen desarrollando con \u00e9xito en algunos pa\u00edses de nuestro entorno.<\/p>\n","protected":false},"featured_media":60210,"comment_status":"open","ping_status":"closed","template":"","meta":{"_et_pb_use_builder":"","_et_pb_old_content":"","_et_gb_content_width":""},"product_cat":[2606,2873,6673],"product_tag":[7559],"edicion":[1084],"editoriales":[1160],"tienda":[],"autor_id":[22363,22361],"universidades_coeditoras":[],"palabras_clave":[],"listado_alfabetico":[],"acf":[],"_links":{"self":[{"href":"https:\/\/wizardly-davinci.82-223-8-23.plesk.page\/en\/wp-json\/wp\/v2\/product\/60209"}],"collection":[{"href":"https:\/\/wizardly-davinci.82-223-8-23.plesk.page\/en\/wp-json\/wp\/v2\/product"}],"about":[{"href":"https:\/\/wizardly-davinci.82-223-8-23.plesk.page\/en\/wp-json\/wp\/v2\/types\/product"}],"replies":[{"embeddable":true,"href":"https:\/\/wizardly-davinci.82-223-8-23.plesk.page\/en\/wp-json\/wp\/v2\/comments?post=60209"}],"wp:featuredmedia":[{"embeddable":true,"href":"https:\/\/wizardly-davinci.82-223-8-23.plesk.page\/en\/wp-json\/wp\/v2\/media\/60210"}],"wp:attachment":[{"href":"https:\/\/wizardly-davinci.82-223-8-23.plesk.page\/en\/wp-json\/wp\/v2\/media?parent=60209"}],"wp:term":[{"taxonomy":"product_cat","embeddable":true,"href":"https:\/\/wizardly-davinci.82-223-8-23.plesk.page\/en\/wp-json\/wp\/v2\/product_cat?post=60209"},{"taxonomy":"product_tag","embeddable":true,"href":"https:\/\/wizardly-davinci.82-223-8-23.plesk.page\/en\/wp-json\/wp\/v2\/product_tag?post=60209"},{"taxonomy":"edicion","embeddable":true,"href":"https:\/\/wizardly-davinci.82-223-8-23.plesk.page\/en\/wp-json\/wp\/v2\/edicion?post=60209"},{"taxonomy":"editoriales","embeddable":true,"href":"https:\/\/wizardly-davinci.82-223-8-23.plesk.page\/en\/wp-json\/wp\/v2\/editoriales?post=60209"},{"taxonomy":"tienda","embeddable":true,"href":"https:\/\/wizardly-davinci.82-223-8-23.plesk.page\/en\/wp-json\/wp\/v2\/tienda?post=60209"},{"taxonomy":"autor_id","embeddable":true,"href":"https:\/\/wizardly-davinci.82-223-8-23.plesk.page\/en\/wp-json\/wp\/v2\/autor_id?post=60209"},{"taxonomy":"universidades_coeditoras","embeddable":true,"href":"https:\/\/wizardly-davinci.82-223-8-23.plesk.page\/en\/wp-json\/wp\/v2\/universidades_coeditoras?post=60209"},{"taxonomy":"palabras_clave","embeddable":true,"href":"https:\/\/wizardly-davinci.82-223-8-23.plesk.page\/en\/wp-json\/wp\/v2\/palabras_clave?post=60209"},{"taxonomy":"listado_alfabetico","embeddable":true,"href":"https:\/\/wizardly-davinci.82-223-8-23.plesk.page\/en\/wp-json\/wp\/v2\/listado_alfabetico?post=60209"}],"curies":[{"name":"wp","href":"https:\/\/api.w.org\/{rel}","templated":true}]}}