{"id":60336,"date":"2022-07-08T17:54:56","date_gmt":"2022-07-08T15:54:56","guid":{"rendered":"https:\/\/octaedro.com\/?post_type=product&#038;p=60336"},"modified":"2023-03-09T13:36:34","modified_gmt":"2023-03-09T12:36:34","slug":"investigacion-desarrollo-tecnologico-e-innovacion-en-la-educacion-universitaria","status":"publish","type":"product","link":"https:\/\/wizardly-davinci.82-223-8-23.plesk.page\/en\/producto\/investigacion-desarrollo-tecnologico-e-innovacion-en-la-educacion-universitaria\/","title":{"rendered":"Investigaci\u00f3n, desarrollo tecnol\u00f3gico e innovaci\u00f3n en la educaci\u00f3n universitaria"},"content":{"rendered":"<p>La investigaci\u00f3n, el desarrollo tecnol\u00f3gico y la innovaci\u00f3n en la educaci\u00f3n universitaria son ejes fundamentales que cada vez deber\u00edan tener mayor protagonismo para los docentes universitarios, as\u00ed como estar enmarcados en la formaci\u00f3n integral.<\/p>\n<p>La importancia de la investigaci\u00f3n cient\u00edfica por parte de los docentes universitarios tiene que estar ligada directamente al proceso de un desarrollo y una innovaci\u00f3n que permita formar profesionales de alta calidad cient\u00edfica y human\u00edstica, comprometidos con el desarrollo de la sociedad a la que pertenecen. Esto exige promover procesos de transformaci\u00f3n curricular basados en el direccionamiento estrat\u00e9gico en la organizaci\u00f3n curricular y la planificaci\u00f3n del aprendizaje.<\/p>\n<p>La sociedad actual requiere m\u00e1s que nunca el desarrollo de t\u00e9cnicas, ciencia, educaci\u00f3n y cultura a fin de que nos desenvolvamos en un mundo globalizado, competitivo y desarrollado. El presente libro es el producto de una serie de trabajos de investigaci\u00f3n que resume diferentes experiencias de trabajo de expertos docentes e investigadores iberoamericanos, cuyo prop\u00f3sito es compartir sus experiencias y pr\u00e1cticas exitosas y, de este modo, contribuir al desarrollo de conocimientos, habilidades y actitudes de los docentes y los estudiantes de la educaci\u00f3n universitaria.<\/p>\n","protected":false},"excerpt":{"rendered":"<p>La investigaci\u00f3n, el desarrollo tecnol\u00f3gico y la innovaci\u00f3n en la educaci\u00f3n universitaria son ejes fundamentales que cada vez deber\u00edan tener mayor protagonismo para los docentes universitarios, as\u00ed como estar enmarcados en la formaci\u00f3n integral.<\/p>\n<p>La importancia de la investigaci\u00f3n cient\u00edfica por parte de los docentes universitarios tiene que estar ligada directamente al proceso de un desarrollo y una innovaci\u00f3n que permita formar profesionales de alta calidad cient\u00edfica y human\u00edstica, comprometidos con el desarrollo de la sociedad a la que pertenecen. Esto exige promover procesos de transformaci\u00f3n curricular basados en el direccionamiento estrat\u00e9gico en la organizaci\u00f3n curricular y la planificaci\u00f3n del aprendizaje.<\/p>\n<p>La sociedad actual requiere m\u00e1s que nunca el desarrollo de t\u00e9cnicas, ciencia, educaci\u00f3n y cultura a fin de que nos desenvolvamos en un mundo globalizado, competitivo y desarrollado. El presente libro es el producto de una serie de trabajos de investigaci\u00f3n que resume diferentes experiencias de trabajo de expertos docentes e investigadores iberoamericanos, cuyo prop\u00f3sito es compartir sus experiencias y pr\u00e1cticas exitosas y, de este modo, contribuir al desarrollo de conocimientos, habilidades y actitudes de los docentes y los estudiantes de la educaci\u00f3n universitaria.<\/p>\n","protected":false},"featured_media":60337,"comment_status":"open","ping_status":"closed","template":"","meta":{"_et_pb_use_builder":"","_et_pb_old_content":"","_et_gb_content_width":""},"product_cat":[2606,2873,6673],"product_tag":[7559],"edicion":[1084],"editoriales":[1160],"tienda":[],"autor_id":[10914,22468,22473,11329,22470],"universidades_coeditoras":[],"palabras_clave":[],"listado_alfabetico":[],"acf":[],"_links":{"self":[{"href":"https:\/\/wizardly-davinci.82-223-8-23.plesk.page\/en\/wp-json\/wp\/v2\/product\/60336"}],"collection":[{"href":"https:\/\/wizardly-davinci.82-223-8-23.plesk.page\/en\/wp-json\/wp\/v2\/product"}],"about":[{"href":"https:\/\/wizardly-davinci.82-223-8-23.plesk.page\/en\/wp-json\/wp\/v2\/types\/product"}],"replies":[{"embeddable":true,"href":"https:\/\/wizardly-davinci.82-223-8-23.plesk.page\/en\/wp-json\/wp\/v2\/comments?post=60336"}],"wp:featuredmedia":[{"embeddable":true,"href":"https:\/\/wizardly-davinci.82-223-8-23.plesk.page\/en\/wp-json\/wp\/v2\/media\/60337"}],"wp:attachment":[{"href":"https:\/\/wizardly-davinci.82-223-8-23.plesk.page\/en\/wp-json\/wp\/v2\/media?parent=60336"}],"wp:term":[{"taxonomy":"product_cat","embeddable":true,"href":"https:\/\/wizardly-davinci.82-223-8-23.plesk.page\/en\/wp-json\/wp\/v2\/product_cat?post=60336"},{"taxonomy":"product_tag","embeddable":true,"href":"https:\/\/wizardly-davinci.82-223-8-23.plesk.page\/en\/wp-json\/wp\/v2\/product_tag?post=60336"},{"taxonomy":"edicion","embeddable":true,"href":"https:\/\/wizardly-davinci.82-223-8-23.plesk.page\/en\/wp-json\/wp\/v2\/edicion?post=60336"},{"taxonomy":"editoriales","embeddable":true,"href":"https:\/\/wizardly-davinci.82-223-8-23.plesk.page\/en\/wp-json\/wp\/v2\/editoriales?post=60336"},{"taxonomy":"tienda","embeddable":true,"href":"https:\/\/wizardly-davinci.82-223-8-23.plesk.page\/en\/wp-json\/wp\/v2\/tienda?post=60336"},{"taxonomy":"autor_id","embeddable":true,"href":"https:\/\/wizardly-davinci.82-223-8-23.plesk.page\/en\/wp-json\/wp\/v2\/autor_id?post=60336"},{"taxonomy":"universidades_coeditoras","embeddable":true,"href":"https:\/\/wizardly-davinci.82-223-8-23.plesk.page\/en\/wp-json\/wp\/v2\/universidades_coeditoras?post=60336"},{"taxonomy":"palabras_clave","embeddable":true,"href":"https:\/\/wizardly-davinci.82-223-8-23.plesk.page\/en\/wp-json\/wp\/v2\/palabras_clave?post=60336"},{"taxonomy":"listado_alfabetico","embeddable":true,"href":"https:\/\/wizardly-davinci.82-223-8-23.plesk.page\/en\/wp-json\/wp\/v2\/listado_alfabetico?post=60336"}],"curies":[{"name":"wp","href":"https:\/\/api.w.org\/{rel}","templated":true}]}}