{"id":60397,"date":"2022-07-08T17:32:13","date_gmt":"2022-07-08T15:32:13","guid":{"rendered":"https:\/\/octaedro.com\/?post_type=product&#038;p=60397"},"modified":"2022-10-27T13:32:28","modified_gmt":"2022-10-27T11:32:28","slug":"propuestas-innovadoras-sobre-diversos-aspectos-de-las-ciencias-sociales","status":"publish","type":"product","link":"https:\/\/wizardly-davinci.82-223-8-23.plesk.page\/en\/producto\/propuestas-innovadoras-sobre-diversos-aspectos-de-las-ciencias-sociales\/","title":{"rendered":"Propuestas innovadoras sobre diversos aspectos de las ciencias sociales"},"content":{"rendered":"<p>La presente obra ha sido coordinada por profesores y profesoras de la universidad de Almer\u00eda. Se recogen nutridas, exhaustivas y diversas reflexiones sobre distintas propuestas innovadoras que se est\u00e1n llevando a cabo en los m\u00faltiples campos de las ciencias sociales, especialmente en educaci\u00f3n y psicolog\u00eda.<\/p>\n<p>Hoy en d\u00eda, el concepto de innovaci\u00f3n social no solo ata\u00f1e a las organizaciones sin \u00e1nimo de lucro que tradicionalmente luchan en pro de satisfacer las necesidades actuales en la sociedad, sino que este t\u00e9rmino ha adquirido una importancia significativa en todos los \u00e1mbitos, y de ah\u00ed que los aspectos sociales hayan alcanzado una gran repercusi\u00f3n para la sociedad actual y futura, base del enfoque de este libro, para dar al lector la oportunidad de consultar, descubrir y reflexionar sobre el tema.<\/p>\n<p>Las investigaciones y estudios recopilados son fruto del esfuerzo de los autores que, con af\u00e1n de transmitir sus indagaciones, los han plasmado en esta obra empleando marcos te\u00f3ricos, an\u00e1lisis de pr\u00e1cticas pedag\u00f3gicas y experiencias innovadoras, siempre con la finalidad de responder a las diversas cuestiones que se catalogan como grandes interrogantes sociales.<\/p>\n<p>La sociedad actual es compleja y proliferan situaciones, problem\u00e1ticas y retos muy diversos, algunos de los cuales son abordados y puestos a disposici\u00f3n del lector en los cap\u00edtulos que conforman esta obra, que constituyen un sugestivo y actualizado recorrido sobre las acciones innovadoras heterog\u00e9neas que se llevan a cabo en torno a las preocupaciones sociales y que, al mismo tiempo, proponen propuestas y soluciones.<\/p>\n","protected":false},"excerpt":{"rendered":"<p>La presente obra ha sido coordinada por profesores y profesoras de la universidad de Almer\u00eda. Se recogen nutridas, exhaustivas y diversas reflexiones sobre distintas propuestas innovadoras que se est\u00e1n llevando a cabo en los m\u00faltiples campos de las ciencias sociales, especialmente en educaci\u00f3n y psicolog\u00eda.<\/p>\n<p>Hoy en d\u00eda, el concepto de innovaci\u00f3n social no solo ata\u00f1e a las organizaciones sin \u00e1nimo de lucro que tradicionalmente luchan en pro de satisfacer las necesidades actuales en la sociedad, sino que este t\u00e9rmino ha adquirido una importancia significativa en todos los \u00e1mbitos, y de ah\u00ed que los aspectos sociales hayan alcanzado una gran repercusi\u00f3n para la sociedad actual y futura, base del enfoque de este libro, para dar al lector la oportunidad de consultar, descubrir y reflexionar sobre el tema.<\/p>\n<p>Las investigaciones y estudios recopilados son fruto del esfuerzo de los autores que, con af\u00e1n de transmitir sus indagaciones, los han plasmado en esta obra empleando marcos te\u00f3ricos, an\u00e1lisis de pr\u00e1cticas pedag\u00f3gicas y experiencias innovadoras, siempre con la finalidad de responder a las diversas cuestiones que se catalogan como grandes interrogantes sociales.<\/p>\n<p>La sociedad actual es compleja y proliferan situaciones, problem\u00e1ticas y retos muy diversos, algunos de los cuales son abordados y puestos a disposici\u00f3n del lector en los cap\u00edtulos que conforman esta obra, que constituyen un sugestivo y actualizado recorrido sobre las acciones innovadoras heterog\u00e9neas que se llevan a cabo en torno a las preocupaciones sociales y que, al mismo tiempo, proponen propuestas y soluciones.<\/p>\n","protected":false},"featured_media":60398,"comment_status":"open","ping_status":"closed","template":"","meta":{"_et_pb_use_builder":"","_et_pb_old_content":"","_et_gb_content_width":""},"product_cat":[2606,2873,6673],"product_tag":[7559],"edicion":[1084],"editoriales":[1160],"tienda":[],"autor_id":[22523,22527,22516,16073,22530,22518,22533,22514],"universidades_coeditoras":[],"palabras_clave":[],"listado_alfabetico":[],"acf":[],"_links":{"self":[{"href":"https:\/\/wizardly-davinci.82-223-8-23.plesk.page\/en\/wp-json\/wp\/v2\/product\/60397"}],"collection":[{"href":"https:\/\/wizardly-davinci.82-223-8-23.plesk.page\/en\/wp-json\/wp\/v2\/product"}],"about":[{"href":"https:\/\/wizardly-davinci.82-223-8-23.plesk.page\/en\/wp-json\/wp\/v2\/types\/product"}],"replies":[{"embeddable":true,"href":"https:\/\/wizardly-davinci.82-223-8-23.plesk.page\/en\/wp-json\/wp\/v2\/comments?post=60397"}],"wp:featuredmedia":[{"embeddable":true,"href":"https:\/\/wizardly-davinci.82-223-8-23.plesk.page\/en\/wp-json\/wp\/v2\/media\/60398"}],"wp:attachment":[{"href":"https:\/\/wizardly-davinci.82-223-8-23.plesk.page\/en\/wp-json\/wp\/v2\/media?parent=60397"}],"wp:term":[{"taxonomy":"product_cat","embeddable":true,"href":"https:\/\/wizardly-davinci.82-223-8-23.plesk.page\/en\/wp-json\/wp\/v2\/product_cat?post=60397"},{"taxonomy":"product_tag","embeddable":true,"href":"https:\/\/wizardly-davinci.82-223-8-23.plesk.page\/en\/wp-json\/wp\/v2\/product_tag?post=60397"},{"taxonomy":"edicion","embeddable":true,"href":"https:\/\/wizardly-davinci.82-223-8-23.plesk.page\/en\/wp-json\/wp\/v2\/edicion?post=60397"},{"taxonomy":"editoriales","embeddable":true,"href":"https:\/\/wizardly-davinci.82-223-8-23.plesk.page\/en\/wp-json\/wp\/v2\/editoriales?post=60397"},{"taxonomy":"tienda","embeddable":true,"href":"https:\/\/wizardly-davinci.82-223-8-23.plesk.page\/en\/wp-json\/wp\/v2\/tienda?post=60397"},{"taxonomy":"autor_id","embeddable":true,"href":"https:\/\/wizardly-davinci.82-223-8-23.plesk.page\/en\/wp-json\/wp\/v2\/autor_id?post=60397"},{"taxonomy":"universidades_coeditoras","embeddable":true,"href":"https:\/\/wizardly-davinci.82-223-8-23.plesk.page\/en\/wp-json\/wp\/v2\/universidades_coeditoras?post=60397"},{"taxonomy":"palabras_clave","embeddable":true,"href":"https:\/\/wizardly-davinci.82-223-8-23.plesk.page\/en\/wp-json\/wp\/v2\/palabras_clave?post=60397"},{"taxonomy":"listado_alfabetico","embeddable":true,"href":"https:\/\/wizardly-davinci.82-223-8-23.plesk.page\/en\/wp-json\/wp\/v2\/listado_alfabetico?post=60397"}],"curies":[{"name":"wp","href":"https:\/\/api.w.org\/{rel}","templated":true}]}}