{"id":60414,"date":"2022-09-20T16:05:36","date_gmt":"2022-09-20T14:05:36","guid":{"rendered":"https:\/\/octaedro.com\/?post_type=product&#038;p=60414"},"modified":"2023-03-07T16:47:33","modified_gmt":"2023-03-07T15:47:33","slug":"sordoceguera-evaluacion-e-intervencion-en-el-ambito-socioeducativo-y-familiar","status":"publish","type":"product","link":"https:\/\/wizardly-davinci.82-223-8-23.plesk.page\/en\/producto\/sordoceguera-evaluacion-e-intervencion-en-el-ambito-socioeducativo-y-familiar\/","title":{"rendered":"Sordoceguera: evaluaci\u00f3n e intervenci\u00f3n en el \u00e1mbito socioeducativo y familiar"},"content":{"rendered":"<p>Este libro pretende dar visibilidad a la sordoceguera, la gran desconocida de las discapacidades sensoriales, adem\u00e1s de exponer las necesidades de estas personas desde un enfoque psicoeducativo y familiar. En el primero de sus cinco cap\u00edtulos, se aborda la conceptualizaci\u00f3n de la discapacidad, su clasificaci\u00f3n y los factores que determinan sus necesidades psicoeducativas. El segundo describe los sistemas de comunicaci\u00f3n y recursos utilizados por las personas sordociegas. El tercero explica el enfoque de atenci\u00f3n temprana del beb\u00e9 sordociego, su evaluaci\u00f3n y los programas de estimulaci\u00f3n. El cuarto analiza el proceso de inclusi\u00f3n del alumnado sordociego y, en el \u00faltimo, se ahonda en el asesoramiento e intervenci\u00f3n con las familias.<\/p>\n<p>Esta obra, recomendada para profesionales del \u00e1mbito educativo (profesores, orientadores, maestros de audici\u00f3n y lenguaje, etc.) y sanitario (logopedas, psic\u00f3logos, etc.), expone los aspectos m\u00e1s actuales y novedosos para el abordaje e intervenci\u00f3n en sordoceguera, y su lectura aporta una nueva visi\u00f3n de las posibilidades psicoeducativas de un colectivo que, ante todo, requiere de profesionales que den una respuesta ajustada a sus caracter\u00edsticas y necesidades.<\/p>\n","protected":false},"excerpt":{"rendered":"<p>Este libro pretende dar visibilidad a la sordoceguera, la gran desconocida de las discapacidades sensoriales, adem\u00e1s de exponer las necesidades de estas personas desde un enfoque psicoeducativo y familiar. En el primero de sus cinco cap\u00edtulos, se aborda la conceptualizaci\u00f3n de la discapacidad, su clasificaci\u00f3n y los factores que determinan sus necesidades psicoeducativas. El segundo describe los sistemas de comunicaci\u00f3n y recursos utilizados por las personas sordociegas. El tercero explica el enfoque de atenci\u00f3n temprana del beb\u00e9 sordociego, su evaluaci\u00f3n y los programas de estimulaci\u00f3n. El cuarto analiza el proceso de inclusi\u00f3n del alumnado sordociego y, en el \u00faltimo, se ahonda en el asesoramiento e intervenci\u00f3n con las familias.<\/p>\n<p>Esta obra, recomendada para profesionales del \u00e1mbito educativo (profesores, orientadores, maestros de audici\u00f3n y lenguaje, etc.) y sanitario (logopedas, psic\u00f3logos, etc.), expone los aspectos m\u00e1s actuales y novedosos para el abordaje e intervenci\u00f3n en sordoceguera, y su lectura aporta una nueva visi\u00f3n de las posibilidades psicoeducativas de un colectivo que, ante todo, requiere de profesionales que den una respuesta ajustada a sus caracter\u00edsticas y necesidades.<\/p>\n","protected":false},"featured_media":60415,"comment_status":"open","ping_status":"closed","template":"","meta":{"_et_pb_use_builder":"","_et_pb_old_content":"","_et_gb_content_width":""},"product_cat":[2606,6674,6675],"product_tag":[2608],"edicion":[1085,1083],"editoriales":[1160],"tienda":[],"autor_id":[10531,22549,22553],"universidades_coeditoras":[],"palabras_clave":[],"listado_alfabetico":[],"acf":[],"_links":{"self":[{"href":"https:\/\/wizardly-davinci.82-223-8-23.plesk.page\/en\/wp-json\/wp\/v2\/product\/60414"}],"collection":[{"href":"https:\/\/wizardly-davinci.82-223-8-23.plesk.page\/en\/wp-json\/wp\/v2\/product"}],"about":[{"href":"https:\/\/wizardly-davinci.82-223-8-23.plesk.page\/en\/wp-json\/wp\/v2\/types\/product"}],"replies":[{"embeddable":true,"href":"https:\/\/wizardly-davinci.82-223-8-23.plesk.page\/en\/wp-json\/wp\/v2\/comments?post=60414"}],"wp:featuredmedia":[{"embeddable":true,"href":"https:\/\/wizardly-davinci.82-223-8-23.plesk.page\/en\/wp-json\/wp\/v2\/media\/60415"}],"wp:attachment":[{"href":"https:\/\/wizardly-davinci.82-223-8-23.plesk.page\/en\/wp-json\/wp\/v2\/media?parent=60414"}],"wp:term":[{"taxonomy":"product_cat","embeddable":true,"href":"https:\/\/wizardly-davinci.82-223-8-23.plesk.page\/en\/wp-json\/wp\/v2\/product_cat?post=60414"},{"taxonomy":"product_tag","embeddable":true,"href":"https:\/\/wizardly-davinci.82-223-8-23.plesk.page\/en\/wp-json\/wp\/v2\/product_tag?post=60414"},{"taxonomy":"edicion","embeddable":true,"href":"https:\/\/wizardly-davinci.82-223-8-23.plesk.page\/en\/wp-json\/wp\/v2\/edicion?post=60414"},{"taxonomy":"editoriales","embeddable":true,"href":"https:\/\/wizardly-davinci.82-223-8-23.plesk.page\/en\/wp-json\/wp\/v2\/editoriales?post=60414"},{"taxonomy":"tienda","embeddable":true,"href":"https:\/\/wizardly-davinci.82-223-8-23.plesk.page\/en\/wp-json\/wp\/v2\/tienda?post=60414"},{"taxonomy":"autor_id","embeddable":true,"href":"https:\/\/wizardly-davinci.82-223-8-23.plesk.page\/en\/wp-json\/wp\/v2\/autor_id?post=60414"},{"taxonomy":"universidades_coeditoras","embeddable":true,"href":"https:\/\/wizardly-davinci.82-223-8-23.plesk.page\/en\/wp-json\/wp\/v2\/universidades_coeditoras?post=60414"},{"taxonomy":"palabras_clave","embeddable":true,"href":"https:\/\/wizardly-davinci.82-223-8-23.plesk.page\/en\/wp-json\/wp\/v2\/palabras_clave?post=60414"},{"taxonomy":"listado_alfabetico","embeddable":true,"href":"https:\/\/wizardly-davinci.82-223-8-23.plesk.page\/en\/wp-json\/wp\/v2\/listado_alfabetico?post=60414"}],"curies":[{"name":"wp","href":"https:\/\/api.w.org\/{rel}","templated":true}]}}