{"id":60454,"date":"2022-07-28T18:55:30","date_gmt":"2022-07-28T16:55:30","guid":{"rendered":"https:\/\/octaedro.com\/?post_type=product&#038;p=60454"},"modified":"2023-05-09T18:34:03","modified_gmt":"2023-05-09T16:34:03","slug":"el-salto","status":"publish","type":"product","link":"https:\/\/wizardly-davinci.82-223-8-23.plesk.page\/en\/producto\/el-salto\/","title":{"rendered":"El salto"},"content":{"rendered":"<p>\u00bfC\u00f3mo afrontar los obst\u00e1culos de la vida? Suspender un examen, vivir una ruptura sentimental, quedarse en el paro, pasar una enfermedad, padecer la pobreza y sacar una casa adelante d\u00eda tras d\u00eda, sufrir una guerra y tener que abandonar tu casa, perder a un ser querido&#8230; La vida nos pone ante peque\u00f1as y grandes dificultades que se pueden afrontar de diferentes maneras\u2026<\/p>\n<p>El libro que tienes entre tus manos te propone \u201csaltar\u201d los obst\u00e1culos de otra manera. Inspirado en el \u201cFosbury &#8211; Flop\u201d (el salto de altura) encontramos varias met\u00e1foras para pensar la resiliencia: <strong>las vallas, el saltador, el equipo, la colchoneta, las metas, el salto, los horizontes, los aplausos\u2026<\/strong> Met\u00e1foras que nos ayudar\u00e1n a ver c\u00f3mo generar ese proceso de afrontamiento de adversidad al que llamamos <strong>resiliencia<\/strong>. Este libro quiere ser un apoyo para cualquier profesional de cualquier \u00e1mbito (educativo, sanitario, psicol\u00f3gico, deportivo, social,\u2026) as\u00ed como para todas las personas interesadas en aprender las distintas f\u00f3rmulas para generar resiliencia.<\/p>\n<p>El proyecto editorial se completa con una serie recursos audiovisuales a los que podr\u00e1s acceder a trav\u00e9s de c\u00f3digos QR y en los que podr\u00e1s encontrar experiencias de personas que han querido compartir sus \u201csaltos\u201d.<\/p>\n","protected":false},"excerpt":{"rendered":"<p>\u00bfC\u00f3mo afrontar los obst\u00e1culos de la vida? Suspender un examen, vivir una ruptura sentimental, quedarse en el paro, pasar una enfermedad, padecer la pobreza y sacar una casa adelante d\u00eda tras d\u00eda, sufrir una guerra y tener que abandonar tu casa, perder a un ser querido&#8230; La vida nos pone ante peque\u00f1as y grandes dificultades que se pueden afrontar de diferentes maneras\u2026<\/p>\n<p>El libro que tienes entre tus manos te propone \u201csaltar\u201d los obst\u00e1culos de otra manera. Inspirado en el \u201cFosbury &#8211; Flop\u201d (el salto de altura) encontramos varias met\u00e1foras para pensar la resiliencia: <strong>las vallas, el saltador, el equipo, la colchoneta, las metas, el salto, los horizontes, los aplausos\u2026<\/strong> Met\u00e1foras que nos ayudar\u00e1n a ver c\u00f3mo generar ese proceso de afrontamiento de adversidad al que llamamos <strong>resiliencia<\/strong>. Este libro quiere ser un apoyo para cualquier profesional de cualquier \u00e1mbito (educativo, sanitario, psicol\u00f3gico, deportivo, social,\u2026) as\u00ed como para todas las personas interesadas en aprender las distintas f\u00f3rmulas para generar resiliencia.<\/p>\n<p>El proyecto editorial se completa con una serie recursos audiovisuales a los que podr\u00e1s acceder a trav\u00e9s de c\u00f3digos QR y en los que podr\u00e1s encontrar experiencias de personas que han querido compartir sus \u201csaltos\u201d.<\/p>\n","protected":false},"featured_media":60455,"comment_status":"open","ping_status":"closed","template":"","meta":{"_et_pb_use_builder":"","_et_pb_old_content":"","_et_gb_content_width":""},"product_cat":[1507,1512,6675,9825],"product_tag":[2602],"edicion":[1083],"editoriales":[1156,1160],"tienda":[],"autor_id":[22563,6315,22565],"universidades_coeditoras":[],"palabras_clave":[],"listado_alfabetico":[],"acf":[],"_links":{"self":[{"href":"https:\/\/wizardly-davinci.82-223-8-23.plesk.page\/en\/wp-json\/wp\/v2\/product\/60454"}],"collection":[{"href":"https:\/\/wizardly-davinci.82-223-8-23.plesk.page\/en\/wp-json\/wp\/v2\/product"}],"about":[{"href":"https:\/\/wizardly-davinci.82-223-8-23.plesk.page\/en\/wp-json\/wp\/v2\/types\/product"}],"replies":[{"embeddable":true,"href":"https:\/\/wizardly-davinci.82-223-8-23.plesk.page\/en\/wp-json\/wp\/v2\/comments?post=60454"}],"wp:featuredmedia":[{"embeddable":true,"href":"https:\/\/wizardly-davinci.82-223-8-23.plesk.page\/en\/wp-json\/wp\/v2\/media\/60455"}],"wp:attachment":[{"href":"https:\/\/wizardly-davinci.82-223-8-23.plesk.page\/en\/wp-json\/wp\/v2\/media?parent=60454"}],"wp:term":[{"taxonomy":"product_cat","embeddable":true,"href":"https:\/\/wizardly-davinci.82-223-8-23.plesk.page\/en\/wp-json\/wp\/v2\/product_cat?post=60454"},{"taxonomy":"product_tag","embeddable":true,"href":"https:\/\/wizardly-davinci.82-223-8-23.plesk.page\/en\/wp-json\/wp\/v2\/product_tag?post=60454"},{"taxonomy":"edicion","embeddable":true,"href":"https:\/\/wizardly-davinci.82-223-8-23.plesk.page\/en\/wp-json\/wp\/v2\/edicion?post=60454"},{"taxonomy":"editoriales","embeddable":true,"href":"https:\/\/wizardly-davinci.82-223-8-23.plesk.page\/en\/wp-json\/wp\/v2\/editoriales?post=60454"},{"taxonomy":"tienda","embeddable":true,"href":"https:\/\/wizardly-davinci.82-223-8-23.plesk.page\/en\/wp-json\/wp\/v2\/tienda?post=60454"},{"taxonomy":"autor_id","embeddable":true,"href":"https:\/\/wizardly-davinci.82-223-8-23.plesk.page\/en\/wp-json\/wp\/v2\/autor_id?post=60454"},{"taxonomy":"universidades_coeditoras","embeddable":true,"href":"https:\/\/wizardly-davinci.82-223-8-23.plesk.page\/en\/wp-json\/wp\/v2\/universidades_coeditoras?post=60454"},{"taxonomy":"palabras_clave","embeddable":true,"href":"https:\/\/wizardly-davinci.82-223-8-23.plesk.page\/en\/wp-json\/wp\/v2\/palabras_clave?post=60454"},{"taxonomy":"listado_alfabetico","embeddable":true,"href":"https:\/\/wizardly-davinci.82-223-8-23.plesk.page\/en\/wp-json\/wp\/v2\/listado_alfabetico?post=60454"}],"curies":[{"name":"wp","href":"https:\/\/api.w.org\/{rel}","templated":true}]}}