{"id":60475,"date":"2022-09-20T16:03:18","date_gmt":"2022-09-20T14:03:18","guid":{"rendered":"https:\/\/octaedro.com\/?post_type=product&#038;p=60475"},"modified":"2023-02-23T18:03:23","modified_gmt":"2023-02-23T17:03:23","slug":"pedagogia-de-las-cosas","status":"publish","type":"product","link":"https:\/\/wizardly-davinci.82-223-8-23.plesk.page\/en\/producto\/pedagogia-de-las-cosas\/","title":{"rendered":"Pedagog\u00eda de las cosas"},"content":{"rendered":"<p>El mundo se compone de cosas. Ellas van construyendo nuestra identidad, nos proporcionan estabilidad y coherencia, y en ellas queda escrita nuestra historia. Nos hacen terrenales, temporales, espaciales. Las cosas, los espacios que crean, los tiempos que requieren e imponen, los sentimientos que provocan, los movimientos que incitan y permiten, las acciones que sugieren, los cuerpos y las mentes que modulan\u2026 Sin embargo, nosotros solo vemos de ellas su utilidad y su eficacia, su instrumentalidad, su capacidad t\u00e9cnica, no su potencial experiencial, mental. Les negamos el ser y el hacernos lo que fuimos y lo que somos. Mentes corp\u00f3reas. Mentes de cosas. Acaso solo cosas.<br \/>\nEl Seminario Interuniversitario de Teor\u00eda de la Educaci\u00f3n celebra su XL edici\u00f3n en la Universidad de Salamanca volviendo la mirada a ese otro papel que desempe\u00f1an en silencio las cosas en los procesos de educaci\u00f3n de los sujetos y al que ya est\u00e1n teniendo, no tan calladamente, las no-cosas en este nuestro mundo onlife.<br \/>\nNo vemos las cosas como meros instrumentos u objetos que configuran escenarios donde se hacen cosas; tampoco tenemos visi\u00f3n antropom\u00f3rfica. Las cosas son componentes imprescindibles en la constituci\u00f3n y configuraci\u00f3n del mundo que habitamos los humanos, y, por ende, cabe pensar con fundamento que conforman los cuerpos y las mentes del humano. Nos hacemos, construimos y utilizamos mutuamente. Y en ese entrelazamiento radica su potencialidad educativa abierta a nuestra capacidad pedag\u00f3gica. De nosotros depende verlas, pensarlas, tocarlas y quererlas de una u otra manera, conscientes siempre de que \u00abdurar\u00e1n m\u00e1s all\u00e1 de nuestro olvido; no sabr\u00e1n nunca que nos hemos ido\u00bb. Es nuestro presente y su futuro.<\/p>\n","protected":false},"excerpt":{"rendered":"<p>El mundo se compone de cosas. Ellas van construyendo nuestra identidad, nos proporcionan estabilidad y coherencia, y en ellas queda escrita nuestra historia. Nos hacen terrenales, temporales, espaciales. Las cosas, los espacios que crean, los tiempos que requieren e imponen, los sentimientos que provocan, los movimientos que incitan y permiten, las acciones que sugieren, los cuerpos y las mentes que modulan\u2026 Sin embargo, nosotros solo vemos de ellas su utilidad y su eficacia, su instrumentalidad, su capacidad t\u00e9cnica, no su potencial experiencial, mental. Les negamos el ser y el hacernos lo que fuimos y lo que somos. Mentes corp\u00f3reas. Mentes de cosas. Acaso solo cosas.<br \/>\nEl Seminario Interuniversitario de Teor\u00eda de la Educaci\u00f3n celebra su XL edici\u00f3n en la Universidad de Salamanca volviendo la mirada a ese otro papel que desempe\u00f1an en silencio las cosas en los procesos de educaci\u00f3n de los sujetos y al que ya est\u00e1n teniendo, no tan calladamente, las no-cosas en este nuestro mundo onlife.<br \/>\nNo vemos las cosas como meros instrumentos u objetos que configuran escenarios donde se hacen cosas; tampoco tenemos visi\u00f3n antropom\u00f3rfica. Las cosas son componentes imprescindibles en la constituci\u00f3n y configuraci\u00f3n del mundo que habitamos los humanos, y, por ende, cabe pensar con fundamento que conforman los cuerpos y las mentes del humano. Nos hacemos, construimos y utilizamos mutuamente. Y en ese entrelazamiento radica su potencialidad educativa abierta a nuestra capacidad pedag\u00f3gica. De nosotros depende verlas, pensarlas, tocarlas y quererlas de una u otra manera, conscientes siempre de que \u00abdurar\u00e1n m\u00e1s all\u00e1 de nuestro olvido; no sabr\u00e1n nunca que nos hemos ido\u00bb. Es nuestro presente y su futuro.<\/p>\n","protected":false},"featured_media":60476,"comment_status":"open","ping_status":"closed","template":"","meta":{"_et_pb_use_builder":"","_et_pb_old_content":"","_et_gb_content_width":""},"product_cat":[2606,6674,6675],"product_tag":[2608],"edicion":[1085,1083],"editoriales":[1160],"tienda":[],"autor_id":[22571],"universidades_coeditoras":[],"palabras_clave":[],"listado_alfabetico":[],"acf":[],"_links":{"self":[{"href":"https:\/\/wizardly-davinci.82-223-8-23.plesk.page\/en\/wp-json\/wp\/v2\/product\/60475"}],"collection":[{"href":"https:\/\/wizardly-davinci.82-223-8-23.plesk.page\/en\/wp-json\/wp\/v2\/product"}],"about":[{"href":"https:\/\/wizardly-davinci.82-223-8-23.plesk.page\/en\/wp-json\/wp\/v2\/types\/product"}],"replies":[{"embeddable":true,"href":"https:\/\/wizardly-davinci.82-223-8-23.plesk.page\/en\/wp-json\/wp\/v2\/comments?post=60475"}],"wp:featuredmedia":[{"embeddable":true,"href":"https:\/\/wizardly-davinci.82-223-8-23.plesk.page\/en\/wp-json\/wp\/v2\/media\/60476"}],"wp:attachment":[{"href":"https:\/\/wizardly-davinci.82-223-8-23.plesk.page\/en\/wp-json\/wp\/v2\/media?parent=60475"}],"wp:term":[{"taxonomy":"product_cat","embeddable":true,"href":"https:\/\/wizardly-davinci.82-223-8-23.plesk.page\/en\/wp-json\/wp\/v2\/product_cat?post=60475"},{"taxonomy":"product_tag","embeddable":true,"href":"https:\/\/wizardly-davinci.82-223-8-23.plesk.page\/en\/wp-json\/wp\/v2\/product_tag?post=60475"},{"taxonomy":"edicion","embeddable":true,"href":"https:\/\/wizardly-davinci.82-223-8-23.plesk.page\/en\/wp-json\/wp\/v2\/edicion?post=60475"},{"taxonomy":"editoriales","embeddable":true,"href":"https:\/\/wizardly-davinci.82-223-8-23.plesk.page\/en\/wp-json\/wp\/v2\/editoriales?post=60475"},{"taxonomy":"tienda","embeddable":true,"href":"https:\/\/wizardly-davinci.82-223-8-23.plesk.page\/en\/wp-json\/wp\/v2\/tienda?post=60475"},{"taxonomy":"autor_id","embeddable":true,"href":"https:\/\/wizardly-davinci.82-223-8-23.plesk.page\/en\/wp-json\/wp\/v2\/autor_id?post=60475"},{"taxonomy":"universidades_coeditoras","embeddable":true,"href":"https:\/\/wizardly-davinci.82-223-8-23.plesk.page\/en\/wp-json\/wp\/v2\/universidades_coeditoras?post=60475"},{"taxonomy":"palabras_clave","embeddable":true,"href":"https:\/\/wizardly-davinci.82-223-8-23.plesk.page\/en\/wp-json\/wp\/v2\/palabras_clave?post=60475"},{"taxonomy":"listado_alfabetico","embeddable":true,"href":"https:\/\/wizardly-davinci.82-223-8-23.plesk.page\/en\/wp-json\/wp\/v2\/listado_alfabetico?post=60475"}],"curies":[{"name":"wp","href":"https:\/\/api.w.org\/{rel}","templated":true}]}}