{"id":60496,"date":"2022-08-01T17:53:53","date_gmt":"2022-08-01T15:53:53","guid":{"rendered":"https:\/\/octaedro.com\/?post_type=product&#038;p=60496"},"modified":"2023-03-08T17:33:27","modified_gmt":"2023-03-08T16:33:27","slug":"saber-la-singularitat-innovacio-docent-des-dels-feminismes","status":"publish","type":"product","link":"https:\/\/wizardly-davinci.82-223-8-23.plesk.page\/en\/producto\/saber-la-singularitat-innovacio-docent-des-dels-feminismes\/","title":{"rendered":"Saber la singularitat: innovaci\u00f3 docent des dels feminismes"},"content":{"rendered":"<p>\u00abSaber la singularitat: innovaci\u00f3 docent des dels feminismes\u00bb \u00e9s el recull d\u2019experi\u00e8ncies pr\u00e0ctiques, aplicades a diverses \u00e0rees de coneixement en l\u2019ensenyament universitari, i l\u2019elaboraci\u00f3 de propostes que han dut a terme diferents docents de la Universitat de Barcelona i amb les quals proposem la transformaci\u00f3 feminista de la relaci\u00f3 entre estudiant i saber.<\/p>\n<p>La \u00absingularitat\u00bb \u00e9s l\u2019atenci\u00f3 en primera i tercera persona, entre docent i estudiant, a la mat\u00e8ria d\u2019estudi, a all\u00f2 que succeeix a l\u2019aula en el proc\u00e9s d\u2019aprenentatge, i a la relaci\u00f3 entre la universitat i les persones.<\/p>\n<p>En un context en qu\u00e8 la incorporaci\u00f3 de la transversalitat de g\u00e8nere ha de fer-se efectiva en els plans docents i en la instituci\u00f3 universit\u00e0ria, cada un d\u2019aquests cap\u00edtols aporta a satisfer les necessitats de docents de tot l\u2019\u00e0mbit universitari.<\/p>\n","protected":false},"excerpt":{"rendered":"<p>\u00abSaber la singularitat: innovaci\u00f3 docent des dels feminismes\u00bb \u00e9s el recull d\u2019experi\u00e8ncies pr\u00e0ctiques, aplicades a diverses \u00e0rees de coneixement en l\u2019ensenyament universitari, i l\u2019elaboraci\u00f3 de propostes que han dut a terme diferents docents de la Universitat de Barcelona i amb les quals proposem la transformaci\u00f3 feminista de la relaci\u00f3 entre estudiant i saber.<\/p>\n<p>La \u00absingularitat\u00bb \u00e9s l\u2019atenci\u00f3 en primera i tercera persona, entre docent i estudiant, a la mat\u00e8ria d\u2019estudi, a all\u00f2 que succeeix a l\u2019aula en el proc\u00e9s d\u2019aprenentatge, i a la relaci\u00f3 entre la universitat i les persones.<\/p>\n<p>En un context en qu\u00e8 la incorporaci\u00f3 de la transversalitat de g\u00e8nere ha de fer-se efectiva en els plans docents i en la instituci\u00f3 universit\u00e0ria, cada un d\u2019aquests cap\u00edtols aporta a satisfer les necessitats de docents de tot l\u2019\u00e0mbit universitari.<\/p>\n","protected":false},"featured_media":60499,"comment_status":"open","ping_status":"closed","template":"","meta":{"_et_pb_use_builder":"","_et_pb_old_content":"","_et_gb_content_width":""},"product_cat":[6942,2606,2873,6675,6673],"product_tag":[20577],"edicion":[1084,1083],"editoriales":[1160,8810],"tienda":[],"autor_id":[22574],"universidades_coeditoras":[],"palabras_clave":[],"listado_alfabetico":[],"acf":[],"_links":{"self":[{"href":"https:\/\/wizardly-davinci.82-223-8-23.plesk.page\/en\/wp-json\/wp\/v2\/product\/60496"}],"collection":[{"href":"https:\/\/wizardly-davinci.82-223-8-23.plesk.page\/en\/wp-json\/wp\/v2\/product"}],"about":[{"href":"https:\/\/wizardly-davinci.82-223-8-23.plesk.page\/en\/wp-json\/wp\/v2\/types\/product"}],"replies":[{"embeddable":true,"href":"https:\/\/wizardly-davinci.82-223-8-23.plesk.page\/en\/wp-json\/wp\/v2\/comments?post=60496"}],"wp:featuredmedia":[{"embeddable":true,"href":"https:\/\/wizardly-davinci.82-223-8-23.plesk.page\/en\/wp-json\/wp\/v2\/media\/60499"}],"wp:attachment":[{"href":"https:\/\/wizardly-davinci.82-223-8-23.plesk.page\/en\/wp-json\/wp\/v2\/media?parent=60496"}],"wp:term":[{"taxonomy":"product_cat","embeddable":true,"href":"https:\/\/wizardly-davinci.82-223-8-23.plesk.page\/en\/wp-json\/wp\/v2\/product_cat?post=60496"},{"taxonomy":"product_tag","embeddable":true,"href":"https:\/\/wizardly-davinci.82-223-8-23.plesk.page\/en\/wp-json\/wp\/v2\/product_tag?post=60496"},{"taxonomy":"edicion","embeddable":true,"href":"https:\/\/wizardly-davinci.82-223-8-23.plesk.page\/en\/wp-json\/wp\/v2\/edicion?post=60496"},{"taxonomy":"editoriales","embeddable":true,"href":"https:\/\/wizardly-davinci.82-223-8-23.plesk.page\/en\/wp-json\/wp\/v2\/editoriales?post=60496"},{"taxonomy":"tienda","embeddable":true,"href":"https:\/\/wizardly-davinci.82-223-8-23.plesk.page\/en\/wp-json\/wp\/v2\/tienda?post=60496"},{"taxonomy":"autor_id","embeddable":true,"href":"https:\/\/wizardly-davinci.82-223-8-23.plesk.page\/en\/wp-json\/wp\/v2\/autor_id?post=60496"},{"taxonomy":"universidades_coeditoras","embeddable":true,"href":"https:\/\/wizardly-davinci.82-223-8-23.plesk.page\/en\/wp-json\/wp\/v2\/universidades_coeditoras?post=60496"},{"taxonomy":"palabras_clave","embeddable":true,"href":"https:\/\/wizardly-davinci.82-223-8-23.plesk.page\/en\/wp-json\/wp\/v2\/palabras_clave?post=60496"},{"taxonomy":"listado_alfabetico","embeddable":true,"href":"https:\/\/wizardly-davinci.82-223-8-23.plesk.page\/en\/wp-json\/wp\/v2\/listado_alfabetico?post=60496"}],"curies":[{"name":"wp","href":"https:\/\/api.w.org\/{rel}","templated":true}]}}