{"id":60600,"date":"2022-09-21T16:30:45","date_gmt":"2022-09-21T14:30:45","guid":{"rendered":"https:\/\/octaedro.com\/?post_type=product&#038;p=60600"},"modified":"2023-02-24T18:31:12","modified_gmt":"2023-02-24T17:31:12","slug":"escribir-en-la-universidad-espanola-entre-la-realidad-y-el-deseo","status":"publish","type":"product","link":"https:\/\/wizardly-davinci.82-223-8-23.plesk.page\/en\/producto\/escribir-en-la-universidad-espanola-entre-la-realidad-y-el-deseo\/","title":{"rendered":"Escribir en la Universidad espa\u00f1ola: entre la realidad y el deseo"},"content":{"rendered":"<p>Escribir permite no solo entender y comunicar conocimiento, sino tambi\u00e9n contrastar, elaborar y organizar diferentes ideas, es decir, aprender y generar nuevo conocimiento. Sin embargo, las iniciativas dirigidas a promover que los estudiantes escriban m\u00e1s y mejor en el contexto universitario espa\u00f1ol son escasas. Este libro es el resultado de la reflexi\u00f3n y las discusiones sostenidas en el \u00faltimo seminario de la Red Ense\u00f1anza y Aprendizaje de la Escritura Acad\u00e9mica (RIEA-EA), que reuni\u00f3 a m\u00e1s de treinta investigadores espa\u00f1oles interesados en la tem\u00e1tica. Tiene por objetivo analizar cr\u00edticamente las aportaciones de la investigaci\u00f3n sobre la ense\u00f1anza de la escritura acad\u00e9mica en el contexto internacional y su desarrollo en la universidad espa\u00f1ola.<\/p>\n<p>Los diferentes cap\u00edtulos abordan aspectos tales como las relaciones entre las actividades de escritura y las de lectura, su evaluaci\u00f3n o el impacto de estas actividades en el desarrollo de la identidad de los estudiantes. Tambi\u00e9n se analizan algunas iniciativas \u00fatiles para que los estudiantes, aparte de aprender a escribir, escriban para aprender. Los autores, todos ellos docentes e investigadores, desde tradiciones conceptuales y disciplinares diversas y en el marco de l\u00edneas de investigaci\u00f3n consolidadas o emergentes, proporcionan elementos de reflexi\u00f3n para investigadores, docentes y profesionales interesados en la escritura universitaria.<\/p>\n","protected":false},"excerpt":{"rendered":"<p>Escribir permite no solo entender y comunicar conocimiento, sino tambi\u00e9n contrastar, elaborar y organizar diferentes ideas, es decir, aprender y generar nuevo conocimiento. Sin embargo, las iniciativas dirigidas a promover que los estudiantes escriban m\u00e1s y mejor en el contexto universitario espa\u00f1ol son escasas. Este libro es el resultado de la reflexi\u00f3n y las discusiones sostenidas en el \u00faltimo seminario de la Red Ense\u00f1anza y Aprendizaje de la Escritura Acad\u00e9mica (RIEA-EA), que reuni\u00f3 a m\u00e1s de treinta investigadores espa\u00f1oles interesados en la tem\u00e1tica. Tiene por objetivo analizar cr\u00edticamente las aportaciones de la investigaci\u00f3n sobre la ense\u00f1anza de la escritura acad\u00e9mica en el contexto internacional y su desarrollo en la universidad espa\u00f1ola.<\/p>\n<p>Los diferentes cap\u00edtulos abordan aspectos tales como las relaciones entre las actividades de escritura y las de lectura, su evaluaci\u00f3n o el impacto de estas actividades en el desarrollo de la identidad de los estudiantes. Tambi\u00e9n se analizan algunas iniciativas \u00fatiles para que los estudiantes, aparte de aprender a escribir, escriban para aprender. Los autores, todos ellos docentes e investigadores, desde tradiciones conceptuales y disciplinares diversas y en el marco de l\u00edneas de investigaci\u00f3n consolidadas o emergentes, proporcionan elementos de reflexi\u00f3n para investigadores, docentes y profesionales interesados en la escritura universitaria.<\/p>\n","protected":false},"featured_media":60603,"comment_status":"open","ping_status":"closed","template":"","meta":{"_et_pb_use_builder":"","_et_pb_old_content":"","_et_gb_content_width":""},"product_cat":[2606,6936,6940,6674,6675],"product_tag":[2608],"edicion":[1085,1083],"editoriales":[1160,8810],"tienda":[],"autor_id":[],"universidades_coeditoras":[],"palabras_clave":[],"listado_alfabetico":[],"acf":[],"_links":{"self":[{"href":"https:\/\/wizardly-davinci.82-223-8-23.plesk.page\/en\/wp-json\/wp\/v2\/product\/60600"}],"collection":[{"href":"https:\/\/wizardly-davinci.82-223-8-23.plesk.page\/en\/wp-json\/wp\/v2\/product"}],"about":[{"href":"https:\/\/wizardly-davinci.82-223-8-23.plesk.page\/en\/wp-json\/wp\/v2\/types\/product"}],"replies":[{"embeddable":true,"href":"https:\/\/wizardly-davinci.82-223-8-23.plesk.page\/en\/wp-json\/wp\/v2\/comments?post=60600"}],"wp:featuredmedia":[{"embeddable":true,"href":"https:\/\/wizardly-davinci.82-223-8-23.plesk.page\/en\/wp-json\/wp\/v2\/media\/60603"}],"wp:attachment":[{"href":"https:\/\/wizardly-davinci.82-223-8-23.plesk.page\/en\/wp-json\/wp\/v2\/media?parent=60600"}],"wp:term":[{"taxonomy":"product_cat","embeddable":true,"href":"https:\/\/wizardly-davinci.82-223-8-23.plesk.page\/en\/wp-json\/wp\/v2\/product_cat?post=60600"},{"taxonomy":"product_tag","embeddable":true,"href":"https:\/\/wizardly-davinci.82-223-8-23.plesk.page\/en\/wp-json\/wp\/v2\/product_tag?post=60600"},{"taxonomy":"edicion","embeddable":true,"href":"https:\/\/wizardly-davinci.82-223-8-23.plesk.page\/en\/wp-json\/wp\/v2\/edicion?post=60600"},{"taxonomy":"editoriales","embeddable":true,"href":"https:\/\/wizardly-davinci.82-223-8-23.plesk.page\/en\/wp-json\/wp\/v2\/editoriales?post=60600"},{"taxonomy":"tienda","embeddable":true,"href":"https:\/\/wizardly-davinci.82-223-8-23.plesk.page\/en\/wp-json\/wp\/v2\/tienda?post=60600"},{"taxonomy":"autor_id","embeddable":true,"href":"https:\/\/wizardly-davinci.82-223-8-23.plesk.page\/en\/wp-json\/wp\/v2\/autor_id?post=60600"},{"taxonomy":"universidades_coeditoras","embeddable":true,"href":"https:\/\/wizardly-davinci.82-223-8-23.plesk.page\/en\/wp-json\/wp\/v2\/universidades_coeditoras?post=60600"},{"taxonomy":"palabras_clave","embeddable":true,"href":"https:\/\/wizardly-davinci.82-223-8-23.plesk.page\/en\/wp-json\/wp\/v2\/palabras_clave?post=60600"},{"taxonomy":"listado_alfabetico","embeddable":true,"href":"https:\/\/wizardly-davinci.82-223-8-23.plesk.page\/en\/wp-json\/wp\/v2\/listado_alfabetico?post=60600"}],"curies":[{"name":"wp","href":"https:\/\/api.w.org\/{rel}","templated":true}]}}