{"id":60671,"date":"2022-09-05T17:45:02","date_gmt":"2022-09-05T15:45:02","guid":{"rendered":"https:\/\/octaedro.com\/?post_type=product&#038;p=60671"},"modified":"2023-03-08T18:04:18","modified_gmt":"2023-03-08T17:04:18","slug":"la-influencia-de-la-tecnologia-en-la-investigacion-educativa-pospandemia","status":"publish","type":"product","link":"https:\/\/wizardly-davinci.82-223-8-23.plesk.page\/en\/producto\/la-influencia-de-la-tecnologia-en-la-investigacion-educativa-pospandemia\/","title":{"rendered":"La influencia de la tecnolog\u00eda en la investigaci\u00f3n educativa pospandemia"},"content":{"rendered":"<p>El libro surge en un contexto de incertidumbre derivada de la situaci\u00f3n de pandemia vivida estos \u00faltimos a\u00f1os, en el cual la presencia de determinadas tecnolog\u00edas se ha incrementado y estas han pasado a utilizarse en escenarios antes impensables. De hecho, las circunstancias han impulsado enormemente el acercamiento y el uso de las tecnolog\u00edas digitales tanto en el aula como en el entorno de la ense\u00f1anza no presencial. De ah\u00ed la implementaci\u00f3n y consolidaci\u00f3n de nuevas modalidades de ense\u00f1anza. Este amoldamiento imperativo a un nuevo modelo de ense\u00f1anza virtual ha evidenciado, en muchos casos, la falta de recursos y de formaci\u00f3n a la hora de desenvolvernos dentro del nuevo paradigma educativo. Por ello, nos hemos visto obligados a aplicar nuevas estrategias de organizaci\u00f3n y gesti\u00f3n de la actividad acad\u00e9mica, a poner en marcha nuevas pol\u00edticas en el \u00e1rea formativa y a planificar actuaciones novedosas, en todos los niveles, orientadas a la dotaci\u00f3n de recursos, a la provisi\u00f3n de medios e instalaciones y al dise\u00f1o de programas formativos relacionados con la adquisici\u00f3n de competencias digitales significativas y ajustadas al contexto.<\/p>\n<p>Esta obra pretende promover la reflexi\u00f3n y el an\u00e1lisis en torno a los cambios exigidos en el \u00e1mbito de las Ciencias de la Educaci\u00f3n, as\u00ed como a su pr\u00e1ctica en todos los niveles. Los cap\u00edtulos que la componen adoptan diversos enfoques y abordan variados desaf\u00edos, con el objetivo de ofrecer propuestas que puedan dar respuesta a las necesidades de adaptaci\u00f3n mencionadas y de que seamos capaces, en definitiva, de afrontar con \u00e9xito los retos actuales.<\/p>\n","protected":false},"excerpt":{"rendered":"<p>El libro surge en un contexto de incertidumbre derivada de la situaci\u00f3n de pandemia vivida estos \u00faltimos a\u00f1os, en el cual la presencia de determinadas tecnolog\u00edas se ha incrementado y estas han pasado a utilizarse en escenarios antes impensables. De hecho, las circunstancias han impulsado enormemente el acercamiento y el uso de las tecnolog\u00edas digitales tanto en el aula como en el entorno de la ense\u00f1anza no presencial. De ah\u00ed la implementaci\u00f3n y consolidaci\u00f3n de nuevas modalidades de ense\u00f1anza. Este amoldamiento imperativo a un nuevo modelo de ense\u00f1anza virtual ha evidenciado, en muchos casos, la falta de recursos y de formaci\u00f3n a la hora de desenvolvernos dentro del nuevo paradigma educativo. Por ello, nos hemos visto obligados a aplicar nuevas estrategias de organizaci\u00f3n y gesti\u00f3n de la actividad acad\u00e9mica, a poner en marcha nuevas pol\u00edticas en el \u00e1rea formativa y a planificar actuaciones novedosas, en todos los niveles, orientadas a la dotaci\u00f3n de recursos, a la provisi\u00f3n de medios e instalaciones y al dise\u00f1o de programas formativos relacionados con la adquisici\u00f3n de competencias digitales significativas y ajustadas al contexto.<\/p>\n<p>Esta obra pretende promover la reflexi\u00f3n y el an\u00e1lisis en torno a los cambios exigidos en el \u00e1mbito de las Ciencias de la Educaci\u00f3n, as\u00ed como a su pr\u00e1ctica en todos los niveles. Los cap\u00edtulos que la componen adoptan diversos enfoques y abordan variados desaf\u00edos, con el objetivo de ofrecer propuestas que puedan dar respuesta a las necesidades de adaptaci\u00f3n mencionadas y de que seamos capaces, en definitiva, de afrontar con \u00e9xito los retos actuales.<\/p>\n","protected":false},"featured_media":60672,"comment_status":"open","ping_status":"closed","template":"","meta":{"_et_pb_use_builder":"","_et_pb_old_content":"","_et_gb_content_width":""},"product_cat":[2606,6673],"product_tag":[2605],"edicion":[1084],"editoriales":[1160],"tienda":[],"autor_id":[22613,22610,22608,22618,22616,22605,22612],"universidades_coeditoras":[],"palabras_clave":[],"listado_alfabetico":[],"acf":[],"_links":{"self":[{"href":"https:\/\/wizardly-davinci.82-223-8-23.plesk.page\/en\/wp-json\/wp\/v2\/product\/60671"}],"collection":[{"href":"https:\/\/wizardly-davinci.82-223-8-23.plesk.page\/en\/wp-json\/wp\/v2\/product"}],"about":[{"href":"https:\/\/wizardly-davinci.82-223-8-23.plesk.page\/en\/wp-json\/wp\/v2\/types\/product"}],"replies":[{"embeddable":true,"href":"https:\/\/wizardly-davinci.82-223-8-23.plesk.page\/en\/wp-json\/wp\/v2\/comments?post=60671"}],"wp:featuredmedia":[{"embeddable":true,"href":"https:\/\/wizardly-davinci.82-223-8-23.plesk.page\/en\/wp-json\/wp\/v2\/media\/60672"}],"wp:attachment":[{"href":"https:\/\/wizardly-davinci.82-223-8-23.plesk.page\/en\/wp-json\/wp\/v2\/media?parent=60671"}],"wp:term":[{"taxonomy":"product_cat","embeddable":true,"href":"https:\/\/wizardly-davinci.82-223-8-23.plesk.page\/en\/wp-json\/wp\/v2\/product_cat?post=60671"},{"taxonomy":"product_tag","embeddable":true,"href":"https:\/\/wizardly-davinci.82-223-8-23.plesk.page\/en\/wp-json\/wp\/v2\/product_tag?post=60671"},{"taxonomy":"edicion","embeddable":true,"href":"https:\/\/wizardly-davinci.82-223-8-23.plesk.page\/en\/wp-json\/wp\/v2\/edicion?post=60671"},{"taxonomy":"editoriales","embeddable":true,"href":"https:\/\/wizardly-davinci.82-223-8-23.plesk.page\/en\/wp-json\/wp\/v2\/editoriales?post=60671"},{"taxonomy":"tienda","embeddable":true,"href":"https:\/\/wizardly-davinci.82-223-8-23.plesk.page\/en\/wp-json\/wp\/v2\/tienda?post=60671"},{"taxonomy":"autor_id","embeddable":true,"href":"https:\/\/wizardly-davinci.82-223-8-23.plesk.page\/en\/wp-json\/wp\/v2\/autor_id?post=60671"},{"taxonomy":"universidades_coeditoras","embeddable":true,"href":"https:\/\/wizardly-davinci.82-223-8-23.plesk.page\/en\/wp-json\/wp\/v2\/universidades_coeditoras?post=60671"},{"taxonomy":"palabras_clave","embeddable":true,"href":"https:\/\/wizardly-davinci.82-223-8-23.plesk.page\/en\/wp-json\/wp\/v2\/palabras_clave?post=60671"},{"taxonomy":"listado_alfabetico","embeddable":true,"href":"https:\/\/wizardly-davinci.82-223-8-23.plesk.page\/en\/wp-json\/wp\/v2\/listado_alfabetico?post=60671"}],"curies":[{"name":"wp","href":"https:\/\/api.w.org\/{rel}","templated":true}]}}