{"id":60744,"date":"2022-10-29T18:01:57","date_gmt":"2022-10-29T16:01:57","guid":{"rendered":"https:\/\/octaedro.com\/?post_type=product&#038;p=60744"},"modified":"2022-12-12T15:59:05","modified_gmt":"2022-12-12T14:59:05","slug":"yoga-para-el-corazon","status":"publish","type":"product","link":"https:\/\/wizardly-davinci.82-223-8-23.plesk.page\/en\/producto\/yoga-para-el-corazon\/","title":{"rendered":"Yoga para el coraz\u00f3n"},"content":{"rendered":"<p>Obra destinada tanto a profesores como a practicantes de yoga. Su contenido detalla las claves profundas de la pr\u00e1ctica y se centra en las aplicaciones del yoga para personas con signos o riesgos de cardiopat\u00eda vascular. Una gu\u00eda al servicio de todo practicante que quiera aprender a adaptar su necesidad a la pr\u00e1ctica personal de yoga.<\/p>\n<p>\u201cLa mejor sugerencia es abordar la lectura de este libro como un reto. El reto de estar en la presencia de un maestro que te est\u00e1 mostrando lo que necesitas saber en este momento de tu aprendizaje. Leer cada palabra como una ense\u00f1anza directa a tu coraz\u00f3n y como una puerta a descubrirte. Cada mensaje como una instrucci\u00f3n para practicar en tu vida, con tu familia, con tus amigos, con tus compa\u00f1eros. Hubo otros libros en tu vida, y habr\u00e1 muchos m\u00e1s en el futuro, pero eres t\u00fa quien hace que el libro est\u00e9 vivo. Encarnando la ense\u00f1anza te unes a los maestros y contribuyes a la evoluci\u00f3n de toda la humanidad.\u00bb (Del Pr\u00f3logo de Juan Manzanera)<\/p>\n","protected":false},"excerpt":{"rendered":"<p>Obra destinada tanto a profesores como a practicantes de yoga. Su contenido detalla las claves profundas de la pr\u00e1ctica y se centra en las aplicaciones del yoga para personas con signos o riesgos de cardiopat\u00eda vascular. Una gu\u00eda al servicio de todo practicante que quiera aprender a adaptar su necesidad a la pr\u00e1ctica personal de yoga.<\/p>\n<p>\u201cLa mejor sugerencia es abordar la lectura de este libro como un reto. El reto de estar en la presencia de un maestro que te est\u00e1 mostrando lo que necesitas saber en este momento de tu aprendizaje. Leer cada palabra como una ense\u00f1anza directa a tu coraz\u00f3n y como una puerta a descubrirte. Cada mensaje como una instrucci\u00f3n para practicar en tu vida, con tu familia, con tus amigos, con tus compa\u00f1eros. Hubo otros libros en tu vida, y habr\u00e1 muchos m\u00e1s en el futuro, pero eres t\u00fa quien hace que el libro est\u00e9 vivo. Encarnando la ense\u00f1anza te unes a los maestros y contribuyes a la evoluci\u00f3n de toda la humanidad.\u00bb (Del Pr\u00f3logo de Juan Manzanera)<\/p>\n","protected":false},"featured_media":60745,"comment_status":"open","ping_status":"closed","template":"","meta":{"_et_pb_use_builder":"","_et_pb_old_content":"","_et_gb_content_width":""},"product_cat":[2606,6674,6675],"product_tag":[2608],"edicion":[1085,1083],"editoriales":[1160],"tienda":[],"autor_id":[22620],"universidades_coeditoras":[],"palabras_clave":[],"listado_alfabetico":[],"acf":[],"_links":{"self":[{"href":"https:\/\/wizardly-davinci.82-223-8-23.plesk.page\/en\/wp-json\/wp\/v2\/product\/60744"}],"collection":[{"href":"https:\/\/wizardly-davinci.82-223-8-23.plesk.page\/en\/wp-json\/wp\/v2\/product"}],"about":[{"href":"https:\/\/wizardly-davinci.82-223-8-23.plesk.page\/en\/wp-json\/wp\/v2\/types\/product"}],"replies":[{"embeddable":true,"href":"https:\/\/wizardly-davinci.82-223-8-23.plesk.page\/en\/wp-json\/wp\/v2\/comments?post=60744"}],"wp:featuredmedia":[{"embeddable":true,"href":"https:\/\/wizardly-davinci.82-223-8-23.plesk.page\/en\/wp-json\/wp\/v2\/media\/60745"}],"wp:attachment":[{"href":"https:\/\/wizardly-davinci.82-223-8-23.plesk.page\/en\/wp-json\/wp\/v2\/media?parent=60744"}],"wp:term":[{"taxonomy":"product_cat","embeddable":true,"href":"https:\/\/wizardly-davinci.82-223-8-23.plesk.page\/en\/wp-json\/wp\/v2\/product_cat?post=60744"},{"taxonomy":"product_tag","embeddable":true,"href":"https:\/\/wizardly-davinci.82-223-8-23.plesk.page\/en\/wp-json\/wp\/v2\/product_tag?post=60744"},{"taxonomy":"edicion","embeddable":true,"href":"https:\/\/wizardly-davinci.82-223-8-23.plesk.page\/en\/wp-json\/wp\/v2\/edicion?post=60744"},{"taxonomy":"editoriales","embeddable":true,"href":"https:\/\/wizardly-davinci.82-223-8-23.plesk.page\/en\/wp-json\/wp\/v2\/editoriales?post=60744"},{"taxonomy":"tienda","embeddable":true,"href":"https:\/\/wizardly-davinci.82-223-8-23.plesk.page\/en\/wp-json\/wp\/v2\/tienda?post=60744"},{"taxonomy":"autor_id","embeddable":true,"href":"https:\/\/wizardly-davinci.82-223-8-23.plesk.page\/en\/wp-json\/wp\/v2\/autor_id?post=60744"},{"taxonomy":"universidades_coeditoras","embeddable":true,"href":"https:\/\/wizardly-davinci.82-223-8-23.plesk.page\/en\/wp-json\/wp\/v2\/universidades_coeditoras?post=60744"},{"taxonomy":"palabras_clave","embeddable":true,"href":"https:\/\/wizardly-davinci.82-223-8-23.plesk.page\/en\/wp-json\/wp\/v2\/palabras_clave?post=60744"},{"taxonomy":"listado_alfabetico","embeddable":true,"href":"https:\/\/wizardly-davinci.82-223-8-23.plesk.page\/en\/wp-json\/wp\/v2\/listado_alfabetico?post=60744"}],"curies":[{"name":"wp","href":"https:\/\/api.w.org\/{rel}","templated":true}]}}