{"id":60789,"date":"2022-09-21T19:58:09","date_gmt":"2022-09-21T17:58:09","guid":{"rendered":"https:\/\/octaedro.com\/?post_type=product&#038;p=60789"},"modified":"2023-02-24T18:44:33","modified_gmt":"2023-02-24T17:44:33","slug":"transformando-el-extremismo-violento","status":"publish","type":"product","link":"https:\/\/wizardly-davinci.82-223-8-23.plesk.page\/en\/producto\/transformando-el-extremismo-violento\/","title":{"rendered":"Transformando el extremismo violento"},"content":{"rendered":"<p><em>Transformando el extremismo violento<\/em> es una gu\u00eda para el profesorado y la ciudadan\u00eda, redactada para apoyar los esfuerzos de quienes trabajan en entornos educativos formales y no formales, dot\u00e1ndolos de un instrumento que les permite organizar sus ideas y desarrollar pedagog\u00edas transformativas para prevenir y actuar ante cualquier signo de extremismo violento, tanto en su vertiente cognitiva como conductual.<\/p>\n<p>El texto aborda el concepto de extremismo violento, defini\u00e9ndolo y relacion\u00e1ndolo con otras violencias \u2013cultural y estructural\u2013. Se sit\u00faa en el \u00e1mbito educativo, y se ofrecen ejemplos para detectar manifestaciones globales y locales de extremismo violento. Para transformarlo, se revisan algunos proyectos comunitarios transversales desarrollados en la Uni\u00f3n Europea, en Espa\u00f1a y en el \u00e1mbito local, destacando la necesidad de trabajar la inteligencia emocional con los grupos de pares, las familias y en el ciberespacio. Tambi\u00e9n se ofrece una gu\u00eda para que profesoras y profesores puedan manejar la situaci\u00f3n en clase, deteni\u00e9ndose en los objetivos, la preparaci\u00f3n de la clase y la discusi\u00f3n. Se aportan ejemplos de temas para abordar y se propone c\u00f3mo realizar la evaluaci\u00f3n de la discusi\u00f3n y el seguimiento en el aula. En la \u00faltima parte de la gu\u00eda se relatan los valores implicados en la transformaci\u00f3n del extremismo violento: la empat\u00eda, la solidaridad, el respeto a la diversidad, la convivencia y el compromiso. Al final se recogen algunos recursos electr\u00f3nicos que permiten ampliar y profundizar en esta propuesta.<\/p>\n<p><strong>AUTOR\u00cdA<\/strong><\/p>\n<p>La autor\u00eda de la obra forma parte del grupo interdisciplinar Investigaci\u00f3n Internacional Comparada de la Universidad de Almer\u00eda. <em>Pilar Rodr\u00edguez Mart\u00ednez<\/em> es profesora titular de Sociolog\u00eda y Directora del grupo. <em>Antonio Segura S\u00e1nchez<\/em> es profesor de Trabajo Social. <em>Mar\u00eda Carmen L\u00f3pez Berlanga<\/em> y <em>Ana Mar\u00eda Mart\u00ednez Mart\u00ednez<\/em> son profesoras del \u00e1rea de Teor\u00eda de la Educaci\u00f3n. Este libro se ha gestado en el marco del proyecto \u00abDiagn\u00f3stico e intervenci\u00f3n en adolescentes en riesgo de radicalizaci\u00f3n violenta en la zona del poniente almeriense: hacia una cultura de la paz\u00bb (UAL FEDER 2020), por lo que el resto de investigadoras\/es del equipo de investigaci\u00f3n y de trabajo (as\u00ed como algunos miembros de los equipos de direcci\u00f3n y profesorado de los centros de Secundaria del poniente almeriense) tambi\u00e9n han participado, de un modo u otro, en la elaboraci\u00f3n de la propuesta. Agradecemos particularmente el patrocinio de la Facultad de Ciencias de la Educaci\u00f3n de la Universidad de Almer\u00eda, y especialmente a Isabel Mar\u00eda Mercader Rubio, por su compromiso con una educaci\u00f3n de calidad, que instituye el ant\u00eddoto primordial para transformar el extremismo violento.<\/p>\n","protected":false},"excerpt":{"rendered":"<p><em>Transformando el extremismo violento<\/em> es una gu\u00eda para el profesorado y la ciudadan\u00eda, redactada para apoyar los esfuerzos de quienes trabajan en entornos educativos formales y no formales, dot\u00e1ndolos de un instrumento que les permite organizar sus ideas y desarrollar pedagog\u00edas transformativas para prevenir y actuar ante cualquier signo de extremismo violento, tanto en su vertiente cognitiva como conductual.<\/p>\n<p>El texto aborda el concepto de extremismo violento, defini\u00e9ndolo y relacion\u00e1ndolo con otras violencias \u2013cultural y estructural\u2013. Se sit\u00faa en el \u00e1mbito educativo, y se ofrecen ejemplos para detectar manifestaciones globales y locales de extremismo violento. Para transformarlo, se revisan algunos proyectos comunitarios transversales desarrollados en la Uni\u00f3n Europea, en Espa\u00f1a y en el \u00e1mbito local, destacando la necesidad de trabajar la inteligencia emocional con los grupos de pares, las familias y en el ciberespacio. Tambi\u00e9n se ofrece una gu\u00eda para que profesoras y profesores puedan manejar la situaci\u00f3n en clase, deteni\u00e9ndose en los objetivos, la preparaci\u00f3n de la clase y la discusi\u00f3n. Se aportan ejemplos de temas para abordar y se propone c\u00f3mo realizar la evaluaci\u00f3n de la discusi\u00f3n y el seguimiento en el aula. En la \u00faltima parte de la gu\u00eda se relatan los valores implicados en la transformaci\u00f3n del extremismo violento: la empat\u00eda, la solidaridad, el respeto a la diversidad, la convivencia y el compromiso. Al final se recogen algunos recursos electr\u00f3nicos que permiten ampliar y profundizar en esta propuesta.<\/p>\n<p><strong>AUTOR\u00cdA<\/strong><\/p>\n<p>La autor\u00eda de la obra forma parte del grupo interdisciplinar Investigaci\u00f3n Internacional Comparada de la Universidad de Almer\u00eda. <em>Pilar Rodr\u00edguez Mart\u00ednez<\/em> es profesora titular de Sociolog\u00eda y Directora del grupo. <em>Antonio Segura S\u00e1nchez<\/em> es profesor de Trabajo Social. <em>Mar\u00eda Carmen L\u00f3pez Berlanga<\/em> y <em>Ana Mar\u00eda Mart\u00ednez Mart\u00ednez<\/em> son profesoras del \u00e1rea de Teor\u00eda de la Educaci\u00f3n. Este libro se ha gestado en el marco del proyecto \u00abDiagn\u00f3stico e intervenci\u00f3n en adolescentes en riesgo de radicalizaci\u00f3n violenta en la zona del poniente almeriense: hacia una cultura de la paz\u00bb (UAL FEDER 2020), por lo que el resto de investigadoras\/es del equipo de investigaci\u00f3n y de trabajo (as\u00ed como algunos miembros de los equipos de direcci\u00f3n y profesorado de los centros de Secundaria del poniente almeriense) tambi\u00e9n han participado, de un modo u otro, en la elaboraci\u00f3n de la propuesta. Agradecemos particularmente el patrocinio de la Facultad de Ciencias de la Educaci\u00f3n de la Universidad de Almer\u00eda, y especialmente a Isabel Mar\u00eda Mercader Rubio, por su compromiso con una educaci\u00f3n de calidad, que instituye el ant\u00eddoto primordial para transformar el extremismo violento.<\/p>\n","protected":false},"featured_media":60796,"comment_status":"open","ping_status":"closed","template":"","meta":{"_et_pb_use_builder":"","_et_pb_old_content":"","_et_gb_content_width":""},"product_cat":[2606,6936,6674,6675],"product_tag":[2608],"edicion":[1085,1083],"editoriales":[1160],"tienda":[],"autor_id":[22630,22629,22634,22633],"universidades_coeditoras":[],"palabras_clave":[],"listado_alfabetico":[],"acf":[],"_links":{"self":[{"href":"https:\/\/wizardly-davinci.82-223-8-23.plesk.page\/en\/wp-json\/wp\/v2\/product\/60789"}],"collection":[{"href":"https:\/\/wizardly-davinci.82-223-8-23.plesk.page\/en\/wp-json\/wp\/v2\/product"}],"about":[{"href":"https:\/\/wizardly-davinci.82-223-8-23.plesk.page\/en\/wp-json\/wp\/v2\/types\/product"}],"replies":[{"embeddable":true,"href":"https:\/\/wizardly-davinci.82-223-8-23.plesk.page\/en\/wp-json\/wp\/v2\/comments?post=60789"}],"wp:featuredmedia":[{"embeddable":true,"href":"https:\/\/wizardly-davinci.82-223-8-23.plesk.page\/en\/wp-json\/wp\/v2\/media\/60796"}],"wp:attachment":[{"href":"https:\/\/wizardly-davinci.82-223-8-23.plesk.page\/en\/wp-json\/wp\/v2\/media?parent=60789"}],"wp:term":[{"taxonomy":"product_cat","embeddable":true,"href":"https:\/\/wizardly-davinci.82-223-8-23.plesk.page\/en\/wp-json\/wp\/v2\/product_cat?post=60789"},{"taxonomy":"product_tag","embeddable":true,"href":"https:\/\/wizardly-davinci.82-223-8-23.plesk.page\/en\/wp-json\/wp\/v2\/product_tag?post=60789"},{"taxonomy":"edicion","embeddable":true,"href":"https:\/\/wizardly-davinci.82-223-8-23.plesk.page\/en\/wp-json\/wp\/v2\/edicion?post=60789"},{"taxonomy":"editoriales","embeddable":true,"href":"https:\/\/wizardly-davinci.82-223-8-23.plesk.page\/en\/wp-json\/wp\/v2\/editoriales?post=60789"},{"taxonomy":"tienda","embeddable":true,"href":"https:\/\/wizardly-davinci.82-223-8-23.plesk.page\/en\/wp-json\/wp\/v2\/tienda?post=60789"},{"taxonomy":"autor_id","embeddable":true,"href":"https:\/\/wizardly-davinci.82-223-8-23.plesk.page\/en\/wp-json\/wp\/v2\/autor_id?post=60789"},{"taxonomy":"universidades_coeditoras","embeddable":true,"href":"https:\/\/wizardly-davinci.82-223-8-23.plesk.page\/en\/wp-json\/wp\/v2\/universidades_coeditoras?post=60789"},{"taxonomy":"palabras_clave","embeddable":true,"href":"https:\/\/wizardly-davinci.82-223-8-23.plesk.page\/en\/wp-json\/wp\/v2\/palabras_clave?post=60789"},{"taxonomy":"listado_alfabetico","embeddable":true,"href":"https:\/\/wizardly-davinci.82-223-8-23.plesk.page\/en\/wp-json\/wp\/v2\/listado_alfabetico?post=60789"}],"curies":[{"name":"wp","href":"https:\/\/api.w.org\/{rel}","templated":true}]}}