{"id":60870,"date":"2022-09-16T17:25:57","date_gmt":"2022-09-16T15:25:57","guid":{"rendered":"https:\/\/octaedro.com\/?post_type=product&#038;p=60870"},"modified":"2022-10-27T13:34:46","modified_gmt":"2022-10-27T11:34:46","slug":"prevencion-del-fracaso-academico-y-del-abandono-escolar","status":"publish","type":"product","link":"https:\/\/wizardly-davinci.82-223-8-23.plesk.page\/en\/producto\/prevencion-del-fracaso-academico-y-del-abandono-escolar\/","title":{"rendered":"Prevenci\u00f3n del fracaso acad\u00e9mico y del abandono escolar"},"content":{"rendered":"<p>Tanto el fracaso escolar como el abandono acad\u00e9mico son dos fen\u00f3menos que requieren ser analizados y estudiados en profundidad para comprender su alcance y, sobre todo, su g\u00e9nesis. Es preciso, por tanto, abordar los elementos implicados en este desencadenante de manera que las personas docentes no solo tengan una perspectiva clara de su papel en el proceso, sino tambi\u00e9n de los signos de alerta que pueden estar presentes durante el proceso de ense\u00f1anza-aprendizaje.<\/p>\n<p>Este libro es el resultado de la colaboraci\u00f3n internacional de acad\u00e9micos, investigadores y profesionales en torno al Proyecto Erasmus+ KA 204 \u00abOltre il Giardino-Social Inclusion Observatory\u00bb, financiado por la Uni\u00f3n Europea y en el que han participado instituciones de Portugal, Italia, Grecia y Espa\u00f1a, bajo el liderazgo y coordinaci\u00f3n de la Associazione per Boboli y el Istituto di Ricerca Innovativa Me We.<\/p>\n","protected":false},"excerpt":{"rendered":"<p>Tanto el fracaso escolar como el abandono acad\u00e9mico son dos fen\u00f3menos que requieren ser analizados y estudiados en profundidad para comprender su alcance y, sobre todo, su g\u00e9nesis. Es preciso, por tanto, abordar los elementos implicados en este desencadenante de manera que las personas docentes no solo tengan una perspectiva clara de su papel en el proceso, sino tambi\u00e9n de los signos de alerta que pueden estar presentes durante el proceso de ense\u00f1anza-aprendizaje.<\/p>\n<p>Este libro es el resultado de la colaboraci\u00f3n internacional de acad\u00e9micos, investigadores y profesionales en torno al Proyecto Erasmus+ KA 204 \u00abOltre il Giardino-Social Inclusion Observatory\u00bb, financiado por la Uni\u00f3n Europea y en el que han participado instituciones de Portugal, Italia, Grecia y Espa\u00f1a, bajo el liderazgo y coordinaci\u00f3n de la Associazione per Boboli y el Istituto di Ricerca Innovativa Me We.<\/p>\n","protected":false},"featured_media":60871,"comment_status":"open","ping_status":"closed","template":"","meta":{"_et_pb_use_builder":"","_et_pb_old_content":"","_et_gb_content_width":""},"product_cat":[2606,2873,6673],"product_tag":[7559],"edicion":[1084],"editoriales":[1160],"tienda":[],"autor_id":[22559,22654,22649,22656],"universidades_coeditoras":[],"palabras_clave":[],"listado_alfabetico":[],"acf":[],"_links":{"self":[{"href":"https:\/\/wizardly-davinci.82-223-8-23.plesk.page\/en\/wp-json\/wp\/v2\/product\/60870"}],"collection":[{"href":"https:\/\/wizardly-davinci.82-223-8-23.plesk.page\/en\/wp-json\/wp\/v2\/product"}],"about":[{"href":"https:\/\/wizardly-davinci.82-223-8-23.plesk.page\/en\/wp-json\/wp\/v2\/types\/product"}],"replies":[{"embeddable":true,"href":"https:\/\/wizardly-davinci.82-223-8-23.plesk.page\/en\/wp-json\/wp\/v2\/comments?post=60870"}],"wp:featuredmedia":[{"embeddable":true,"href":"https:\/\/wizardly-davinci.82-223-8-23.plesk.page\/en\/wp-json\/wp\/v2\/media\/60871"}],"wp:attachment":[{"href":"https:\/\/wizardly-davinci.82-223-8-23.plesk.page\/en\/wp-json\/wp\/v2\/media?parent=60870"}],"wp:term":[{"taxonomy":"product_cat","embeddable":true,"href":"https:\/\/wizardly-davinci.82-223-8-23.plesk.page\/en\/wp-json\/wp\/v2\/product_cat?post=60870"},{"taxonomy":"product_tag","embeddable":true,"href":"https:\/\/wizardly-davinci.82-223-8-23.plesk.page\/en\/wp-json\/wp\/v2\/product_tag?post=60870"},{"taxonomy":"edicion","embeddable":true,"href":"https:\/\/wizardly-davinci.82-223-8-23.plesk.page\/en\/wp-json\/wp\/v2\/edicion?post=60870"},{"taxonomy":"editoriales","embeddable":true,"href":"https:\/\/wizardly-davinci.82-223-8-23.plesk.page\/en\/wp-json\/wp\/v2\/editoriales?post=60870"},{"taxonomy":"tienda","embeddable":true,"href":"https:\/\/wizardly-davinci.82-223-8-23.plesk.page\/en\/wp-json\/wp\/v2\/tienda?post=60870"},{"taxonomy":"autor_id","embeddable":true,"href":"https:\/\/wizardly-davinci.82-223-8-23.plesk.page\/en\/wp-json\/wp\/v2\/autor_id?post=60870"},{"taxonomy":"universidades_coeditoras","embeddable":true,"href":"https:\/\/wizardly-davinci.82-223-8-23.plesk.page\/en\/wp-json\/wp\/v2\/universidades_coeditoras?post=60870"},{"taxonomy":"palabras_clave","embeddable":true,"href":"https:\/\/wizardly-davinci.82-223-8-23.plesk.page\/en\/wp-json\/wp\/v2\/palabras_clave?post=60870"},{"taxonomy":"listado_alfabetico","embeddable":true,"href":"https:\/\/wizardly-davinci.82-223-8-23.plesk.page\/en\/wp-json\/wp\/v2\/listado_alfabetico?post=60870"}],"curies":[{"name":"wp","href":"https:\/\/api.w.org\/{rel}","templated":true}]}}