{"id":60934,"date":"2022-09-23T19:30:44","date_gmt":"2022-09-23T17:30:44","guid":{"rendered":"https:\/\/octaedro.com\/?post_type=product&#038;p=60934"},"modified":"2022-10-27T13:35:06","modified_gmt":"2022-10-27T11:35:06","slug":"te-lo-cuentan-las-matematicas","status":"publish","type":"product","link":"https:\/\/wizardly-davinci.82-223-8-23.plesk.page\/en\/producto\/te-lo-cuentan-las-matematicas\/","title":{"rendered":"Te lo cuentan las matem\u00e1ticas"},"content":{"rendered":"<p><em>Te lo cuentan las matem\u00e1ticas<\/em> es una obra dedicada a la divulgaci\u00f3n de las matem\u00e1ticas en la \u00faltima etapa de Educaci\u00f3n Primaria y los primeros a\u00f1os de Educaci\u00f3n Secundaria. Con ella se pretende fomentar la utilidad social y econ\u00f3mica de las matem\u00e1ticas desde un punto de vista cient\u00edfico y funcional, promoviendo el gusto e inter\u00e9s por ellas, con el fin \u00faltimo de generar vocaciones matem\u00e1ticas, en especial entre las ni\u00f1as.<\/p>\n<p>Los logros cient\u00edficos de tres mujeres matem\u00e1ticas y las aplicaciones de las matem\u00e1ticas en la comunicaci\u00f3n cifrada, la descripci\u00f3n del movimiento de los astros y las rutas de los aviones son el punto de partida para el desarrollo de contenidos y actividades relacionadas con: criptograf\u00eda (<em>Te lo cuenta una esp\u00eda<\/em>), c\u00f3nicas (<em>Te lo cuenta una astr\u00f3noma<\/em>) y mapas (<em>Te lo cuenta una piloto<\/em>). En el libro se incluyen talleres con recursos manipulativos y tecnol\u00f3gicos, con acceso a presentaciones y fichas para realizarlos. Adem\u00e1s se presentan breves biograf\u00edas de Ada Lovelace, Hipatia de Alejandr\u00eda y Maryam Mirzakhani que se completan con informaci\u00f3n sobre recursos did\u00e1cticos para profundizar en el estudio de su figura.<\/p>\n","protected":false},"excerpt":{"rendered":"<p><em>Te lo cuentan las matem\u00e1ticas<\/em> es una obra dedicada a la divulgaci\u00f3n de las matem\u00e1ticas en la \u00faltima etapa de Educaci\u00f3n Primaria y los primeros a\u00f1os de Educaci\u00f3n Secundaria. Con ella se pretende fomentar la utilidad social y econ\u00f3mica de las matem\u00e1ticas desde un punto de vista cient\u00edfico y funcional, promoviendo el gusto e inter\u00e9s por ellas, con el fin \u00faltimo de generar vocaciones matem\u00e1ticas, en especial entre las ni\u00f1as.<\/p>\n<p>Los logros cient\u00edficos de tres mujeres matem\u00e1ticas y las aplicaciones de las matem\u00e1ticas en la comunicaci\u00f3n cifrada, la descripci\u00f3n del movimiento de los astros y las rutas de los aviones son el punto de partida para el desarrollo de contenidos y actividades relacionadas con: criptograf\u00eda (<em>Te lo cuenta una esp\u00eda<\/em>), c\u00f3nicas (<em>Te lo cuenta una astr\u00f3noma<\/em>) y mapas (<em>Te lo cuenta una piloto<\/em>). En el libro se incluyen talleres con recursos manipulativos y tecnol\u00f3gicos, con acceso a presentaciones y fichas para realizarlos. Adem\u00e1s se presentan breves biograf\u00edas de Ada Lovelace, Hipatia de Alejandr\u00eda y Maryam Mirzakhani que se completan con informaci\u00f3n sobre recursos did\u00e1cticos para profundizar en el estudio de su figura.<\/p>\n","protected":false},"featured_media":60935,"comment_status":"open","ping_status":"closed","template":"","meta":{"_et_pb_use_builder":"","_et_pb_old_content":"","_et_gb_content_width":""},"product_cat":[1512,6675,6673],"product_tag":[2604],"edicion":[1084,1083],"editoriales":[1160],"tienda":[],"autor_id":[22668,22667,22665],"universidades_coeditoras":[],"palabras_clave":[],"listado_alfabetico":[],"acf":[],"_links":{"self":[{"href":"https:\/\/wizardly-davinci.82-223-8-23.plesk.page\/en\/wp-json\/wp\/v2\/product\/60934"}],"collection":[{"href":"https:\/\/wizardly-davinci.82-223-8-23.plesk.page\/en\/wp-json\/wp\/v2\/product"}],"about":[{"href":"https:\/\/wizardly-davinci.82-223-8-23.plesk.page\/en\/wp-json\/wp\/v2\/types\/product"}],"replies":[{"embeddable":true,"href":"https:\/\/wizardly-davinci.82-223-8-23.plesk.page\/en\/wp-json\/wp\/v2\/comments?post=60934"}],"wp:featuredmedia":[{"embeddable":true,"href":"https:\/\/wizardly-davinci.82-223-8-23.plesk.page\/en\/wp-json\/wp\/v2\/media\/60935"}],"wp:attachment":[{"href":"https:\/\/wizardly-davinci.82-223-8-23.plesk.page\/en\/wp-json\/wp\/v2\/media?parent=60934"}],"wp:term":[{"taxonomy":"product_cat","embeddable":true,"href":"https:\/\/wizardly-davinci.82-223-8-23.plesk.page\/en\/wp-json\/wp\/v2\/product_cat?post=60934"},{"taxonomy":"product_tag","embeddable":true,"href":"https:\/\/wizardly-davinci.82-223-8-23.plesk.page\/en\/wp-json\/wp\/v2\/product_tag?post=60934"},{"taxonomy":"edicion","embeddable":true,"href":"https:\/\/wizardly-davinci.82-223-8-23.plesk.page\/en\/wp-json\/wp\/v2\/edicion?post=60934"},{"taxonomy":"editoriales","embeddable":true,"href":"https:\/\/wizardly-davinci.82-223-8-23.plesk.page\/en\/wp-json\/wp\/v2\/editoriales?post=60934"},{"taxonomy":"tienda","embeddable":true,"href":"https:\/\/wizardly-davinci.82-223-8-23.plesk.page\/en\/wp-json\/wp\/v2\/tienda?post=60934"},{"taxonomy":"autor_id","embeddable":true,"href":"https:\/\/wizardly-davinci.82-223-8-23.plesk.page\/en\/wp-json\/wp\/v2\/autor_id?post=60934"},{"taxonomy":"universidades_coeditoras","embeddable":true,"href":"https:\/\/wizardly-davinci.82-223-8-23.plesk.page\/en\/wp-json\/wp\/v2\/universidades_coeditoras?post=60934"},{"taxonomy":"palabras_clave","embeddable":true,"href":"https:\/\/wizardly-davinci.82-223-8-23.plesk.page\/en\/wp-json\/wp\/v2\/palabras_clave?post=60934"},{"taxonomy":"listado_alfabetico","embeddable":true,"href":"https:\/\/wizardly-davinci.82-223-8-23.plesk.page\/en\/wp-json\/wp\/v2\/listado_alfabetico?post=60934"}],"curies":[{"name":"wp","href":"https:\/\/api.w.org\/{rel}","templated":true}]}}