{"id":60984,"date":"2022-05-01T14:43:55","date_gmt":"2022-05-01T12:43:55","guid":{"rendered":"https:\/\/octaedro.com\/?post_type=product&#038;p=60984"},"modified":"2022-10-27T13:35:15","modified_gmt":"2022-10-27T11:35:15","slug":"la-pedagogia-del-projecte","status":"publish","type":"product","link":"https:\/\/wizardly-davinci.82-223-8-23.plesk.page\/en\/producto\/la-pedagogia-del-projecte\/","title":{"rendered":"La pedagogia del projecte"},"content":{"rendered":"<p>Aquest llibre explica els or\u00edgens del m\u00e8tode del projecte \u2013una metodologia activa i globalitzada\u2013 als Estats Units i alguns dels precedents al nostre pa\u00eds. Parla de quina ha de ser l\u2019actitud del docent que vulgui treballar amb aquest sistema i de l\u2019avaluaci\u00f3 formativa com un dels eixos del m\u00e8tode. La pedagogia del projecte. La mirada al cel i els peus a terra tamb\u00e9 narra, sobretot, la seva aplicaci\u00f3 a l\u2019escola p\u00fablica de Boadella i les Escaules, a l\u2019Alt Empord\u00e0, i detalla setze exemples de projectes realitzats en aquest centre. El llibre est\u00e0 pnsat perqu\u00e8 serveixi d\u2019inspiraci\u00f3 i no pas per copiar-ne mim\u00e8ticament les experi\u00e8ncies ja que, tal com afirma John Dewey, no hi ha m\u00e8todes tancats i envasats d\u2019una manera completa per tal de ser transferits de manera autom\u00e0tica a la pr\u00e0ctica escolar.<\/p>\n","protected":false},"excerpt":{"rendered":"<p>Aquest llibre explica els or\u00edgens del m\u00e8tode del projecte \u2013una metodologia activa i globalitzada\u2013 als Estats Units i alguns dels precedents al nostre pa\u00eds. Parla de quina ha de ser l\u2019actitud del docent que vulgui treballar amb aquest sistema i de l\u2019avaluaci\u00f3 formativa com un dels eixos del m\u00e8tode. La pedagogia del projecte. La mirada al cel i els peus a terra tamb\u00e9 narra, sobretot, la seva aplicaci\u00f3 a l\u2019escola p\u00fablica de Boadella i les Escaules, a l\u2019Alt Empord\u00e0, i detalla setze exemples de projectes realitzats en aquest centre. El llibre est\u00e0 pnsat perqu\u00e8 serveixi d\u2019inspiraci\u00f3 i no pas per copiar-ne mim\u00e8ticament les experi\u00e8ncies ja que, tal com afirma John Dewey, no hi ha m\u00e8todes tancats i envasats d\u2019una manera completa per tal de ser transferits de manera autom\u00e0tica a la pr\u00e0ctica escolar.<\/p>\n","protected":false},"featured_media":60985,"comment_status":"open","ping_status":"closed","template":"","meta":{"_et_pb_use_builder":"","_et_pb_old_content":"","_et_gb_content_width":""},"product_cat":[2614,6675],"product_tag":[2602],"edicion":[1083],"editoriales":[1163],"tienda":[],"autor_id":[22701,22699],"universidades_coeditoras":[],"palabras_clave":[],"listado_alfabetico":[],"acf":[],"_links":{"self":[{"href":"https:\/\/wizardly-davinci.82-223-8-23.plesk.page\/en\/wp-json\/wp\/v2\/product\/60984"}],"collection":[{"href":"https:\/\/wizardly-davinci.82-223-8-23.plesk.page\/en\/wp-json\/wp\/v2\/product"}],"about":[{"href":"https:\/\/wizardly-davinci.82-223-8-23.plesk.page\/en\/wp-json\/wp\/v2\/types\/product"}],"replies":[{"embeddable":true,"href":"https:\/\/wizardly-davinci.82-223-8-23.plesk.page\/en\/wp-json\/wp\/v2\/comments?post=60984"}],"wp:featuredmedia":[{"embeddable":true,"href":"https:\/\/wizardly-davinci.82-223-8-23.plesk.page\/en\/wp-json\/wp\/v2\/media\/60985"}],"wp:attachment":[{"href":"https:\/\/wizardly-davinci.82-223-8-23.plesk.page\/en\/wp-json\/wp\/v2\/media?parent=60984"}],"wp:term":[{"taxonomy":"product_cat","embeddable":true,"href":"https:\/\/wizardly-davinci.82-223-8-23.plesk.page\/en\/wp-json\/wp\/v2\/product_cat?post=60984"},{"taxonomy":"product_tag","embeddable":true,"href":"https:\/\/wizardly-davinci.82-223-8-23.plesk.page\/en\/wp-json\/wp\/v2\/product_tag?post=60984"},{"taxonomy":"edicion","embeddable":true,"href":"https:\/\/wizardly-davinci.82-223-8-23.plesk.page\/en\/wp-json\/wp\/v2\/edicion?post=60984"},{"taxonomy":"editoriales","embeddable":true,"href":"https:\/\/wizardly-davinci.82-223-8-23.plesk.page\/en\/wp-json\/wp\/v2\/editoriales?post=60984"},{"taxonomy":"tienda","embeddable":true,"href":"https:\/\/wizardly-davinci.82-223-8-23.plesk.page\/en\/wp-json\/wp\/v2\/tienda?post=60984"},{"taxonomy":"autor_id","embeddable":true,"href":"https:\/\/wizardly-davinci.82-223-8-23.plesk.page\/en\/wp-json\/wp\/v2\/autor_id?post=60984"},{"taxonomy":"universidades_coeditoras","embeddable":true,"href":"https:\/\/wizardly-davinci.82-223-8-23.plesk.page\/en\/wp-json\/wp\/v2\/universidades_coeditoras?post=60984"},{"taxonomy":"palabras_clave","embeddable":true,"href":"https:\/\/wizardly-davinci.82-223-8-23.plesk.page\/en\/wp-json\/wp\/v2\/palabras_clave?post=60984"},{"taxonomy":"listado_alfabetico","embeddable":true,"href":"https:\/\/wizardly-davinci.82-223-8-23.plesk.page\/en\/wp-json\/wp\/v2\/listado_alfabetico?post=60984"}],"curies":[{"name":"wp","href":"https:\/\/api.w.org\/{rel}","templated":true}]}}