{"id":61096,"date":"2022-09-29T17:44:25","date_gmt":"2022-09-29T15:44:25","guid":{"rendered":"https:\/\/octaedro.com\/?post_type=product&#038;p=61096"},"modified":"2023-03-10T17:15:41","modified_gmt":"2023-03-10T16:15:41","slug":"materiales-y-recursos-didacticos-en-pedagogia-hospitalaria","status":"publish","type":"product","link":"https:\/\/wizardly-davinci.82-223-8-23.plesk.page\/en\/producto\/materiales-y-recursos-didacticos-en-pedagogia-hospitalaria\/","title":{"rendered":"Materiales y recursos did\u00e1cticos en Pedagog\u00eda Hospitalaria"},"content":{"rendered":"<p>El papel de los materiales y los recursos did\u00e1cticos en la Pedagog\u00eda Hospitalaria es esencial, ya que son los medios a trav\u00e9s de los cuales se concretan los objetivos educativos de los proyectos o programas de intervenci\u00f3n en las aulas hospitalarias, los contextos sanitarios u otros espacios socioeducativos donde se trabaja con la salud, la hospitalizaci\u00f3n, las emociones, la atenci\u00f3n a la diversidad, etc.<\/p>\n<p>Esta obra busca compartir un conjunto de propuestas de materiales y recursos que impulse el conocimiento y la difusi\u00f3n de experiencias e iniciativas innovadoras y que ponga a disposici\u00f3n de los profesionales de este \u00e1mbito herramientas elaboradas espec\u00edficamente para estos contextos de intervenci\u00f3n vinculados a la Pedagog\u00eda Hospitalaria. En la selecci\u00f3n realizada, hemos apostado por experiencias, nacionales e internacionales, que destacan por la originalidad y la calidad de sus recursos, as\u00ed como por los resultados obtenidos tras su aplicaci\u00f3n y utilizaci\u00f3n en la intervenci\u00f3n educativa. Son propuestas transferibles a diferentes realidades y escenarios en los que se trabaje con personas en situaci\u00f3n de enfermedad y\/o hospitalizaci\u00f3n, de modo que se mejore su calidad de vida en estos procesos.<\/p>\n<p>Los coordinadores de esta obra, junto con otros docentes, llevan desarrollando desde 2019 el proyecto de aprendizaje-servicio \u00abLa maleta de emergencias pedag\u00f3gicas\u00bb, reconocido recientemente con el 1.<sup>er<\/sup> Premio Educacompostela de Materiales y Recursos Educativos.<\/p>\n","protected":false},"excerpt":{"rendered":"<p>El papel de los materiales y los recursos did\u00e1cticos en la Pedagog\u00eda Hospitalaria es esencial, ya que son los medios a trav\u00e9s de los cuales se concretan los objetivos educativos de los proyectos o programas de intervenci\u00f3n en las aulas hospitalarias, los contextos sanitarios u otros espacios socioeducativos donde se trabaja con la salud, la hospitalizaci\u00f3n, las emociones, la atenci\u00f3n a la diversidad, etc.<\/p>\n<p>Esta obra busca compartir un conjunto de propuestas de materiales y recursos que impulse el conocimiento y la difusi\u00f3n de experiencias e iniciativas innovadoras y que ponga a disposici\u00f3n de los profesionales de este \u00e1mbito herramientas elaboradas espec\u00edficamente para estos contextos de intervenci\u00f3n vinculados a la Pedagog\u00eda Hospitalaria. En la selecci\u00f3n realizada, hemos apostado por experiencias, nacionales e internacionales, que destacan por la originalidad y la calidad de sus recursos, as\u00ed como por los resultados obtenidos tras su aplicaci\u00f3n y utilizaci\u00f3n en la intervenci\u00f3n educativa. Son propuestas transferibles a diferentes realidades y escenarios en los que se trabaje con personas en situaci\u00f3n de enfermedad y\/o hospitalizaci\u00f3n, de modo que se mejore su calidad de vida en estos procesos.<\/p>\n<p>Los coordinadores de esta obra, junto con otros docentes, llevan desarrollando desde 2019 el proyecto de aprendizaje-servicio \u00abLa maleta de emergencias pedag\u00f3gicas\u00bb, reconocido recientemente con el 1.<sup>er<\/sup> Premio Educacompostela de Materiales y Recursos Educativos.<\/p>\n","protected":false},"featured_media":61103,"comment_status":"open","ping_status":"closed","template":"","meta":{"_et_pb_use_builder":"","_et_pb_old_content":"","_et_gb_content_width":""},"product_cat":[1512,6674,6675],"product_tag":[2608],"edicion":[1085,1083],"editoriales":[1160],"tienda":[],"autor_id":[18883,22704],"universidades_coeditoras":[],"palabras_clave":[],"listado_alfabetico":[],"acf":[],"_links":{"self":[{"href":"https:\/\/wizardly-davinci.82-223-8-23.plesk.page\/en\/wp-json\/wp\/v2\/product\/61096"}],"collection":[{"href":"https:\/\/wizardly-davinci.82-223-8-23.plesk.page\/en\/wp-json\/wp\/v2\/product"}],"about":[{"href":"https:\/\/wizardly-davinci.82-223-8-23.plesk.page\/en\/wp-json\/wp\/v2\/types\/product"}],"replies":[{"embeddable":true,"href":"https:\/\/wizardly-davinci.82-223-8-23.plesk.page\/en\/wp-json\/wp\/v2\/comments?post=61096"}],"wp:featuredmedia":[{"embeddable":true,"href":"https:\/\/wizardly-davinci.82-223-8-23.plesk.page\/en\/wp-json\/wp\/v2\/media\/61103"}],"wp:attachment":[{"href":"https:\/\/wizardly-davinci.82-223-8-23.plesk.page\/en\/wp-json\/wp\/v2\/media?parent=61096"}],"wp:term":[{"taxonomy":"product_cat","embeddable":true,"href":"https:\/\/wizardly-davinci.82-223-8-23.plesk.page\/en\/wp-json\/wp\/v2\/product_cat?post=61096"},{"taxonomy":"product_tag","embeddable":true,"href":"https:\/\/wizardly-davinci.82-223-8-23.plesk.page\/en\/wp-json\/wp\/v2\/product_tag?post=61096"},{"taxonomy":"edicion","embeddable":true,"href":"https:\/\/wizardly-davinci.82-223-8-23.plesk.page\/en\/wp-json\/wp\/v2\/edicion?post=61096"},{"taxonomy":"editoriales","embeddable":true,"href":"https:\/\/wizardly-davinci.82-223-8-23.plesk.page\/en\/wp-json\/wp\/v2\/editoriales?post=61096"},{"taxonomy":"tienda","embeddable":true,"href":"https:\/\/wizardly-davinci.82-223-8-23.plesk.page\/en\/wp-json\/wp\/v2\/tienda?post=61096"},{"taxonomy":"autor_id","embeddable":true,"href":"https:\/\/wizardly-davinci.82-223-8-23.plesk.page\/en\/wp-json\/wp\/v2\/autor_id?post=61096"},{"taxonomy":"universidades_coeditoras","embeddable":true,"href":"https:\/\/wizardly-davinci.82-223-8-23.plesk.page\/en\/wp-json\/wp\/v2\/universidades_coeditoras?post=61096"},{"taxonomy":"palabras_clave","embeddable":true,"href":"https:\/\/wizardly-davinci.82-223-8-23.plesk.page\/en\/wp-json\/wp\/v2\/palabras_clave?post=61096"},{"taxonomy":"listado_alfabetico","embeddable":true,"href":"https:\/\/wizardly-davinci.82-223-8-23.plesk.page\/en\/wp-json\/wp\/v2\/listado_alfabetico?post=61096"}],"curies":[{"name":"wp","href":"https:\/\/api.w.org\/{rel}","templated":true}]}}