{"id":61143,"date":"2022-10-03T19:26:12","date_gmt":"2022-10-03T17:26:12","guid":{"rendered":"https:\/\/octaedro.com\/?post_type=product&#038;p=61143"},"modified":"2023-03-10T17:16:08","modified_gmt":"2023-03-10T16:16:08","slug":"buenas-practicas-inclusivas-en-la-respuesta-al-alumnado-con-enfermedades-raras","status":"publish","type":"product","link":"https:\/\/wizardly-davinci.82-223-8-23.plesk.page\/en\/producto\/buenas-practicas-inclusivas-en-la-respuesta-al-alumnado-con-enfermedades-raras\/","title":{"rendered":"Buenas pr\u00e1cticas inclusivas en la respuesta al alumnado con enfermedades raras"},"content":{"rendered":"<p>La inclusi\u00f3n educativa sigue siendo un reto pendiente de nuestros sistemas educativos. A pesar de los avances realizados, son muchos los obst\u00e1culos a los que se debe enfrentarse el alumnado con enfermedades raras y sus familias para conseguir entornos en los que puedan sentirse una persona m\u00e1s y donde se garantice su derecho a una educaci\u00f3n de calidad.<\/p>\n<p>En este libro se presentan buenas pr\u00e1cticas inclusivas, desde la propia voz de los y las profesionales del \u00e1mbito educativo y de las familias con hijas e hijos con enfermedades raras en edad escolar, que est\u00e1n aportando una respuesta exitosa a las necesidades del alumnado con enfermedades raras. Por <em>buenas pr\u00e1cticas inclusivas<\/em> se entienden aquellas que son \u00abinnovadoras-creativas, sostenibles en el tiempo, sistematizables a otros entornos, que fomentan el trabajo colaborativo y en red, impulsando la presencia, participaci\u00f3n y logro de todo el alumnado y ayudando a la mejora de la calidad de vida del mismo\u00bb.<\/p>\n<p>Estas pr\u00e1cticas se han identificado en nueve comunidades aut\u00f3nomas gracias a un trabajo de investigaci\u00f3n realizado de manera colaborativa entre diez universidades del Estado espa\u00f1ol en el marco de un proyecto de investigaci\u00f3n Universidad-Empresa-Sociedad de la Universidad del Pa\u00eds Vasco titulado <em>Sistematizaci\u00f3n de buenas pr\u00e1cticas inclusivas en la respuesta educativa al alumnado con enfermedades raras<\/em> (US18\/33) y liderado por el grupo de investigaci\u00f3n INKLUNI. La investigaci\u00f3n tambi\u00e9n ha destacado por emplear una metodolog\u00eda inclusiva, con un equipo asesor en cada comunidad para contrastar todas las fases de la investigaci\u00f3n y asesorar en la b\u00fasqueda y sistematizaci\u00f3n de buenas pr\u00e1cticas educativas inclusivas. As\u00ed, se ha desarrollado una investigaci\u00f3n que ha partido \u00abjunto con\u00bb las personas y no \u00absobre\u00bb o \u00abhacia\u00bb las personas.<\/p>\n","protected":false},"excerpt":{"rendered":"<p>La inclusi\u00f3n educativa sigue siendo un reto pendiente de nuestros sistemas educativos. A pesar de los avances realizados, son muchos los obst\u00e1culos a los que se debe enfrentarse el alumnado con enfermedades raras y sus familias para conseguir entornos en los que puedan sentirse una persona m\u00e1s y donde se garantice su derecho a una educaci\u00f3n de calidad.<\/p>\n<p>En este libro se presentan buenas pr\u00e1cticas inclusivas, desde la propia voz de los y las profesionales del \u00e1mbito educativo y de las familias con hijas e hijos con enfermedades raras en edad escolar, que est\u00e1n aportando una respuesta exitosa a las necesidades del alumnado con enfermedades raras. Por <em>buenas pr\u00e1cticas inclusivas<\/em> se entienden aquellas que son \u00abinnovadoras-creativas, sostenibles en el tiempo, sistematizables a otros entornos, que fomentan el trabajo colaborativo y en red, impulsando la presencia, participaci\u00f3n y logro de todo el alumnado y ayudando a la mejora de la calidad de vida del mismo\u00bb.<\/p>\n<p>Estas pr\u00e1cticas se han identificado en nueve comunidades aut\u00f3nomas gracias a un trabajo de investigaci\u00f3n realizado de manera colaborativa entre diez universidades del Estado espa\u00f1ol en el marco de un proyecto de investigaci\u00f3n Universidad-Empresa-Sociedad de la Universidad del Pa\u00eds Vasco titulado <em>Sistematizaci\u00f3n de buenas pr\u00e1cticas inclusivas en la respuesta educativa al alumnado con enfermedades raras<\/em> (US18\/33) y liderado por el grupo de investigaci\u00f3n INKLUNI. La investigaci\u00f3n tambi\u00e9n ha destacado por emplear una metodolog\u00eda inclusiva, con un equipo asesor en cada comunidad para contrastar todas las fases de la investigaci\u00f3n y asesorar en la b\u00fasqueda y sistematizaci\u00f3n de buenas pr\u00e1cticas educativas inclusivas. As\u00ed, se ha desarrollado una investigaci\u00f3n que ha partido \u00abjunto con\u00bb las personas y no \u00absobre\u00bb o \u00abhacia\u00bb las personas.<\/p>\n","protected":false},"featured_media":61144,"comment_status":"open","ping_status":"closed","template":"","meta":{"_et_pb_use_builder":"","_et_pb_old_content":"","_et_gb_content_width":""},"product_cat":[1512,6675,6673],"product_tag":[2604],"edicion":[1084,1083],"editoriales":[1160],"tienda":[],"autor_id":[22716,22719,22715],"universidades_coeditoras":[],"palabras_clave":[],"listado_alfabetico":[],"acf":[],"_links":{"self":[{"href":"https:\/\/wizardly-davinci.82-223-8-23.plesk.page\/en\/wp-json\/wp\/v2\/product\/61143"}],"collection":[{"href":"https:\/\/wizardly-davinci.82-223-8-23.plesk.page\/en\/wp-json\/wp\/v2\/product"}],"about":[{"href":"https:\/\/wizardly-davinci.82-223-8-23.plesk.page\/en\/wp-json\/wp\/v2\/types\/product"}],"replies":[{"embeddable":true,"href":"https:\/\/wizardly-davinci.82-223-8-23.plesk.page\/en\/wp-json\/wp\/v2\/comments?post=61143"}],"wp:featuredmedia":[{"embeddable":true,"href":"https:\/\/wizardly-davinci.82-223-8-23.plesk.page\/en\/wp-json\/wp\/v2\/media\/61144"}],"wp:attachment":[{"href":"https:\/\/wizardly-davinci.82-223-8-23.plesk.page\/en\/wp-json\/wp\/v2\/media?parent=61143"}],"wp:term":[{"taxonomy":"product_cat","embeddable":true,"href":"https:\/\/wizardly-davinci.82-223-8-23.plesk.page\/en\/wp-json\/wp\/v2\/product_cat?post=61143"},{"taxonomy":"product_tag","embeddable":true,"href":"https:\/\/wizardly-davinci.82-223-8-23.plesk.page\/en\/wp-json\/wp\/v2\/product_tag?post=61143"},{"taxonomy":"edicion","embeddable":true,"href":"https:\/\/wizardly-davinci.82-223-8-23.plesk.page\/en\/wp-json\/wp\/v2\/edicion?post=61143"},{"taxonomy":"editoriales","embeddable":true,"href":"https:\/\/wizardly-davinci.82-223-8-23.plesk.page\/en\/wp-json\/wp\/v2\/editoriales?post=61143"},{"taxonomy":"tienda","embeddable":true,"href":"https:\/\/wizardly-davinci.82-223-8-23.plesk.page\/en\/wp-json\/wp\/v2\/tienda?post=61143"},{"taxonomy":"autor_id","embeddable":true,"href":"https:\/\/wizardly-davinci.82-223-8-23.plesk.page\/en\/wp-json\/wp\/v2\/autor_id?post=61143"},{"taxonomy":"universidades_coeditoras","embeddable":true,"href":"https:\/\/wizardly-davinci.82-223-8-23.plesk.page\/en\/wp-json\/wp\/v2\/universidades_coeditoras?post=61143"},{"taxonomy":"palabras_clave","embeddable":true,"href":"https:\/\/wizardly-davinci.82-223-8-23.plesk.page\/en\/wp-json\/wp\/v2\/palabras_clave?post=61143"},{"taxonomy":"listado_alfabetico","embeddable":true,"href":"https:\/\/wizardly-davinci.82-223-8-23.plesk.page\/en\/wp-json\/wp\/v2\/listado_alfabetico?post=61143"}],"curies":[{"name":"wp","href":"https:\/\/api.w.org\/{rel}","templated":true}]}}