{"id":61218,"date":"2022-10-06T18:35:31","date_gmt":"2022-10-06T16:35:31","guid":{"rendered":"https:\/\/octaedro.com\/?post_type=product&#038;p=61218"},"modified":"2023-04-13T15:49:27","modified_gmt":"2023-04-13T13:49:27","slug":"una-preso-educadora","status":"publish","type":"product","link":"https:\/\/wizardly-davinci.82-223-8-23.plesk.page\/en\/producto\/una-preso-educadora\/","title":{"rendered":"Una pres\u00f3 educadora"},"content":{"rendered":"<p>La pres\u00f3 \u00e9s aquella instituci\u00f3 de la qual totes i tots hem sentit a parlar, per\u00f2 de la qual ben pocs sabem qu\u00e8 passa murs endins. El cinema, la televisi\u00f3 o la premsa ens la presenten plena de conflictes, baralles\u2026, una escola de delinq\u00fc\u00e8ncia, farcida d\u2019indesitjables que no n\u2019han de poder sortir. Per\u00f2, per poc que traguem el cap per sobre els seus murs, dins no hi ha m\u00e9s que persones. Persones que, sens dubte, han com\u00e8s delictes. Alguns per necessitat, d\u2019altres per voluntat i la majoria, per circumst\u00e0ncies de la vida que no sempre han triat. I, envoltats d\u2019aquest formig\u00f3 vertical, si mirem b\u00e9, a banda de persones internes trobem professionals que hi treballen, que acompanyen, que s\u2019esforcen per possibilitar canvis que afavoreixin el retorn a la comunitat en condicions. La pres\u00f3 \u00e9s, i ha de ser, una escola, per\u00f2 no de delinq\u00fc\u00e8ncia, sin\u00f3 de ciutadania, de noves oportunitats. Perqu\u00e8 totes i tots, fins i tot els qui han com\u00e8s un delicte, formen part de la comunitat. I aquesta \u00e9s la funci\u00f3 de les presons: motivar i promoure canvis que ens ajudin a no caure de nou en la comissi\u00f3 de fets delictius. Aix\u00f2 \u00e9s el que veureu si mireu per sobre els murs de les nostres presons.<\/p>\n<p>Aquest \u00e9s un llibre escrit des del cor, per\u00f2 tamb\u00e9 des de la realitat. Els seus dos autors, educadors socials de professi\u00f3 i vocaci\u00f3, han donat veu a interns i professionals. Una veu extreta d\u2019experi\u00e8ncies reals i que contribueixen a il\u00b7lustrar unes emocions que, al seu torn, ens permeten entendre i viure la complexitat de l\u2019execuci\u00f3 penal en privaci\u00f3 de llibertat. S\u00f3n p\u00e0gines que dialoguen entre la pr\u00e0ctica i el sentit acad\u00e8mic de la praxi educativa.<\/p>\n","protected":false},"excerpt":{"rendered":"<p>La pres\u00f3 \u00e9s aquella instituci\u00f3 de la qual totes i tots hem sentit a parlar, per\u00f2 de la qual ben pocs sabem qu\u00e8 passa murs endins. El cinema, la televisi\u00f3 o la premsa ens la presenten plena de conflictes, baralles\u2026, una escola de delinq\u00fc\u00e8ncia, farcida d\u2019indesitjables que no n\u2019han de poder sortir. Per\u00f2, per poc que traguem el cap per sobre els seus murs, dins no hi ha m\u00e9s que persones. Persones que, sens dubte, han com\u00e8s delictes. Alguns per necessitat, d\u2019altres per voluntat i la majoria, per circumst\u00e0ncies de la vida que no sempre han triat. I, envoltats d\u2019aquest formig\u00f3 vertical, si mirem b\u00e9, a banda de persones internes trobem professionals que hi treballen, que acompanyen, que s\u2019esforcen per possibilitar canvis que afavoreixin el retorn a la comunitat en condicions. La pres\u00f3 \u00e9s, i ha de ser, una escola, per\u00f2 no de delinq\u00fc\u00e8ncia, sin\u00f3 de ciutadania, de noves oportunitats. Perqu\u00e8 totes i tots, fins i tot els qui han com\u00e8s un delicte, formen part de la comunitat. I aquesta \u00e9s la funci\u00f3 de les presons: motivar i promoure canvis que ens ajudin a no caure de nou en la comissi\u00f3 de fets delictius. Aix\u00f2 \u00e9s el que veureu si mireu per sobre els murs de les nostres presons.<\/p>\n<p>Aquest \u00e9s un llibre escrit des del cor, per\u00f2 tamb\u00e9 des de la realitat. Els seus dos autors, educadors socials de professi\u00f3 i vocaci\u00f3, han donat veu a interns i professionals. Una veu extreta d\u2019experi\u00e8ncies reals i que contribueixen a il\u00b7lustrar unes emocions que, al seu torn, ens permeten entendre i viure la complexitat de l\u2019execuci\u00f3 penal en privaci\u00f3 de llibertat. S\u00f3n p\u00e0gines que dialoguen entre la pr\u00e0ctica i el sentit acad\u00e8mic de la praxi educativa.<\/p>\n","protected":false},"featured_media":61219,"comment_status":"open","ping_status":"closed","template":"","meta":{"_et_pb_use_builder":"","_et_pb_old_content":"","_et_gb_content_width":""},"product_cat":[1512,6675],"product_tag":[2602],"edicion":[1083],"editoriales":[1157],"tienda":[],"autor_id":[22731,22732],"universidades_coeditoras":[],"palabras_clave":[],"listado_alfabetico":[],"acf":[],"_links":{"self":[{"href":"https:\/\/wizardly-davinci.82-223-8-23.plesk.page\/en\/wp-json\/wp\/v2\/product\/61218"}],"collection":[{"href":"https:\/\/wizardly-davinci.82-223-8-23.plesk.page\/en\/wp-json\/wp\/v2\/product"}],"about":[{"href":"https:\/\/wizardly-davinci.82-223-8-23.plesk.page\/en\/wp-json\/wp\/v2\/types\/product"}],"replies":[{"embeddable":true,"href":"https:\/\/wizardly-davinci.82-223-8-23.plesk.page\/en\/wp-json\/wp\/v2\/comments?post=61218"}],"wp:featuredmedia":[{"embeddable":true,"href":"https:\/\/wizardly-davinci.82-223-8-23.plesk.page\/en\/wp-json\/wp\/v2\/media\/61219"}],"wp:attachment":[{"href":"https:\/\/wizardly-davinci.82-223-8-23.plesk.page\/en\/wp-json\/wp\/v2\/media?parent=61218"}],"wp:term":[{"taxonomy":"product_cat","embeddable":true,"href":"https:\/\/wizardly-davinci.82-223-8-23.plesk.page\/en\/wp-json\/wp\/v2\/product_cat?post=61218"},{"taxonomy":"product_tag","embeddable":true,"href":"https:\/\/wizardly-davinci.82-223-8-23.plesk.page\/en\/wp-json\/wp\/v2\/product_tag?post=61218"},{"taxonomy":"edicion","embeddable":true,"href":"https:\/\/wizardly-davinci.82-223-8-23.plesk.page\/en\/wp-json\/wp\/v2\/edicion?post=61218"},{"taxonomy":"editoriales","embeddable":true,"href":"https:\/\/wizardly-davinci.82-223-8-23.plesk.page\/en\/wp-json\/wp\/v2\/editoriales?post=61218"},{"taxonomy":"tienda","embeddable":true,"href":"https:\/\/wizardly-davinci.82-223-8-23.plesk.page\/en\/wp-json\/wp\/v2\/tienda?post=61218"},{"taxonomy":"autor_id","embeddable":true,"href":"https:\/\/wizardly-davinci.82-223-8-23.plesk.page\/en\/wp-json\/wp\/v2\/autor_id?post=61218"},{"taxonomy":"universidades_coeditoras","embeddable":true,"href":"https:\/\/wizardly-davinci.82-223-8-23.plesk.page\/en\/wp-json\/wp\/v2\/universidades_coeditoras?post=61218"},{"taxonomy":"palabras_clave","embeddable":true,"href":"https:\/\/wizardly-davinci.82-223-8-23.plesk.page\/en\/wp-json\/wp\/v2\/palabras_clave?post=61218"},{"taxonomy":"listado_alfabetico","embeddable":true,"href":"https:\/\/wizardly-davinci.82-223-8-23.plesk.page\/en\/wp-json\/wp\/v2\/listado_alfabetico?post=61218"}],"curies":[{"name":"wp","href":"https:\/\/api.w.org\/{rel}","templated":true}]}}