{"id":61241,"date":"2022-10-10T18:56:07","date_gmt":"2022-10-10T16:56:07","guid":{"rendered":"https:\/\/octaedro.com\/?post_type=product&#038;p=61241"},"modified":"2023-06-20T18:17:54","modified_gmt":"2023-06-20T16:17:54","slug":"la-coeducacion-secuestrada","status":"publish","type":"product","link":"https:\/\/wizardly-davinci.82-223-8-23.plesk.page\/en\/producto\/la-coeducacion-secuestrada\/","title":{"rendered":"La coeducaci\u00f3n secuestrada"},"content":{"rendered":"<p>La coeducaci\u00f3n, la herramienta feminista clave para luchar desde la escuela contra el patriarcado que persiste a pesar de las leyes que nos declaran iguales, ha sido secuestrada.<\/p>\n<p>Lo que parec\u00eda un renovado inter\u00e9s por la coeducaci\u00f3n por parte de gobiernos de todo signo es en realidad una suplantaci\u00f3n para introducir las ideas transgeneristas reaccionarias en todas las etapas educativas. Inspiradas en la teor\u00eda queer y aparentando una intenci\u00f3n transgresora y liberadora, sostienen la existencia de una infancia y una adolescencia trans, que se basa en otra ficci\u00f3n transmitida ahora desde la propia escuela: la idea de que se puede cambiar de sexo, que se puede nacer en un cuerpo equivocado y que ser mujer u hombre es un sentimiento. En las comunidades aut\u00f3nomas se han ido aprobando normativas que convierten la ideolog\u00eda transgenerista en la nueva verdad y establecen sanciones para el profesorado y las familias que dudan o discrepan del \u00abautodiagn\u00f3stico\u00bb infantil y adolescente y de sus \u00abidentidades sentidas\u00bb. Cuando otros pa\u00edses ya dan marcha atr\u00e1s, en Espa\u00f1a aumenta el da\u00f1o irreversible con tratamientos hormonales y cirug\u00edas a un n\u00famero creciente de menores, especialmente chicas, que se declaran trans tras su exposici\u00f3n a estas ideas, y se convierten en dependientes de la industria farmac\u00e9utica.<\/p>\n<p>Pero las autoras van m\u00e1s all\u00e1. Argumentan que esto no es una moda ni obedece solamente a intereses econ\u00f3micos inmediatos: forma parte de un proyecto para el cual los derechos de la ciudadan\u00eda y, m\u00e1s a\u00fan, los derechos de las mujeres y de la infancia, son un estorbo. La abrumadora propaganda que difunde y apoya el transgenerismo y la exclusi\u00f3n de las voces cr\u00edticas en los medios resulta, como m\u00ednimo, inquietante.<\/p>\n","protected":false},"excerpt":{"rendered":"<p>La coeducaci\u00f3n, la herramienta feminista clave para luchar desde la escuela contra el patriarcado que persiste a pesar de las leyes que nos declaran iguales, ha sido secuestrada.<\/p>\n<p>Lo que parec\u00eda un renovado inter\u00e9s por la coeducaci\u00f3n por parte de gobiernos de todo signo es en realidad una suplantaci\u00f3n para introducir las ideas transgeneristas reaccionarias en todas las etapas educativas. Inspiradas en la teor\u00eda queer y aparentando una intenci\u00f3n transgresora y liberadora, sostienen la existencia de una infancia y una adolescencia trans, que se basa en otra ficci\u00f3n transmitida ahora desde la propia escuela: la idea de que se puede cambiar de sexo, que se puede nacer en un cuerpo equivocado y que ser mujer u hombre es un sentimiento. En las comunidades aut\u00f3nomas se han ido aprobando normativas que convierten la ideolog\u00eda transgenerista en la nueva verdad y establecen sanciones para el profesorado y las familias que dudan o discrepan del \u00abautodiagn\u00f3stico\u00bb infantil y adolescente y de sus \u00abidentidades sentidas\u00bb. Cuando otros pa\u00edses ya dan marcha atr\u00e1s, en Espa\u00f1a aumenta el da\u00f1o irreversible con tratamientos hormonales y cirug\u00edas a un n\u00famero creciente de menores, especialmente chicas, que se declaran trans tras su exposici\u00f3n a estas ideas, y se convierten en dependientes de la industria farmac\u00e9utica.<\/p>\n<p>Pero las autoras van m\u00e1s all\u00e1. Argumentan que esto no es una moda ni obedece solamente a intereses econ\u00f3micos inmediatos: forma parte de un proyecto para el cual los derechos de la ciudadan\u00eda y, m\u00e1s a\u00fan, los derechos de las mujeres y de la infancia, son un estorbo. La abrumadora propaganda que difunde y apoya el transgenerismo y la exclusi\u00f3n de las voces cr\u00edticas en los medios resulta, como m\u00ednimo, inquietante.<\/p>\n","protected":false},"featured_media":64719,"comment_status":"open","ping_status":"closed","template":"","meta":{"_et_pb_use_builder":"","_et_pb_old_content":"","_et_gb_content_width":""},"product_cat":[1512,6674,6675],"product_tag":[2608],"edicion":[1085,1083],"editoriales":[1160],"tienda":[],"autor_id":[22747,22744,22742,22741],"universidades_coeditoras":[],"palabras_clave":[],"listado_alfabetico":[],"acf":[],"_links":{"self":[{"href":"https:\/\/wizardly-davinci.82-223-8-23.plesk.page\/en\/wp-json\/wp\/v2\/product\/61241"}],"collection":[{"href":"https:\/\/wizardly-davinci.82-223-8-23.plesk.page\/en\/wp-json\/wp\/v2\/product"}],"about":[{"href":"https:\/\/wizardly-davinci.82-223-8-23.plesk.page\/en\/wp-json\/wp\/v2\/types\/product"}],"replies":[{"embeddable":true,"href":"https:\/\/wizardly-davinci.82-223-8-23.plesk.page\/en\/wp-json\/wp\/v2\/comments?post=61241"}],"wp:featuredmedia":[{"embeddable":true,"href":"https:\/\/wizardly-davinci.82-223-8-23.plesk.page\/en\/wp-json\/wp\/v2\/media\/64719"}],"wp:attachment":[{"href":"https:\/\/wizardly-davinci.82-223-8-23.plesk.page\/en\/wp-json\/wp\/v2\/media?parent=61241"}],"wp:term":[{"taxonomy":"product_cat","embeddable":true,"href":"https:\/\/wizardly-davinci.82-223-8-23.plesk.page\/en\/wp-json\/wp\/v2\/product_cat?post=61241"},{"taxonomy":"product_tag","embeddable":true,"href":"https:\/\/wizardly-davinci.82-223-8-23.plesk.page\/en\/wp-json\/wp\/v2\/product_tag?post=61241"},{"taxonomy":"edicion","embeddable":true,"href":"https:\/\/wizardly-davinci.82-223-8-23.plesk.page\/en\/wp-json\/wp\/v2\/edicion?post=61241"},{"taxonomy":"editoriales","embeddable":true,"href":"https:\/\/wizardly-davinci.82-223-8-23.plesk.page\/en\/wp-json\/wp\/v2\/editoriales?post=61241"},{"taxonomy":"tienda","embeddable":true,"href":"https:\/\/wizardly-davinci.82-223-8-23.plesk.page\/en\/wp-json\/wp\/v2\/tienda?post=61241"},{"taxonomy":"autor_id","embeddable":true,"href":"https:\/\/wizardly-davinci.82-223-8-23.plesk.page\/en\/wp-json\/wp\/v2\/autor_id?post=61241"},{"taxonomy":"universidades_coeditoras","embeddable":true,"href":"https:\/\/wizardly-davinci.82-223-8-23.plesk.page\/en\/wp-json\/wp\/v2\/universidades_coeditoras?post=61241"},{"taxonomy":"palabras_clave","embeddable":true,"href":"https:\/\/wizardly-davinci.82-223-8-23.plesk.page\/en\/wp-json\/wp\/v2\/palabras_clave?post=61241"},{"taxonomy":"listado_alfabetico","embeddable":true,"href":"https:\/\/wizardly-davinci.82-223-8-23.plesk.page\/en\/wp-json\/wp\/v2\/listado_alfabetico?post=61241"}],"curies":[{"name":"wp","href":"https:\/\/api.w.org\/{rel}","templated":true}]}}