{"id":61273,"date":"2022-10-10T18:38:49","date_gmt":"2022-10-10T16:38:49","guid":{"rendered":"https:\/\/octaedro.com\/?post_type=product&#038;p=61273"},"modified":"2023-03-14T18:05:48","modified_gmt":"2023-03-14T17:05:48","slug":"educar-para-la-sostenibilidad-de-la-vida","status":"publish","type":"product","link":"https:\/\/wizardly-davinci.82-223-8-23.plesk.page\/en\/producto\/educar-para-la-sostenibilidad-de-la-vida\/","title":{"rendered":"Educar para la sostenibilidad de la vida"},"content":{"rendered":"<p>Hoy, los seres humanos atravesamos la emergencia planetaria en la que est\u00e1 en juego la supervivencia en condiciones dignas de la mayor\u00eda. El cambio clim\u00e1tico, la superaci\u00f3n de los l\u00edmites biof\u00edsicos del planeta, el empobrecimiento y la profundizaci\u00f3n de las desigualdades, las migraciones forzosas, las violencias de diversa \u00edndole, las guerras, la vulneraci\u00f3n de los derechos\u2026<\/p>\n<p>\u00bfSon conscientes nuestros sistemas educativos del momento hist\u00f3rico que atravesamos? \u00bfSaben que la vida humana y la no humana est\u00e1n amenazadas? \u00bfPreparan para comprender el contexto en el que se desenvuelve y se va a desenvolver la vida de quienes hoy se educan en las escuelas? \u00bfAyudan a prefigurar un futuro viable, justo y deseable? \u00bfCapacitan para el di\u00e1logo, la b\u00fasqueda de consensos, el abordaje de los conflictos y la posibilidad de transformaci\u00f3n? \u00bfO simplemente reproducen conocimientos, creencias y valores que est\u00e1n en el origen de la crisis de civilizaci\u00f3n?<\/p>\n<p>Puede que, en contra de sus propios prop\u00f3sitos, la educaci\u00f3n se haya convertido en una estrategia inadaptativa, en un problema. Si no se vislumbra ninguna posibilidad de transformaci\u00f3n, el presente es incomprensible y el futuro es oscuro, \u00abla educaci\u00f3n se vuelve dist\u00f3pica\u00bb.<\/p>\n<p>Este libro expone una propuesta educativa desde el enfoque de la sostenibilidad de la vida. Las miradas ecofeministas pretenden aterrizar en la Tierra y en las condiciones materiales y culturales de la existencia humana. Un conocimiento y pr\u00e1ctica que intenta comprender el momento en que vivimos y proyecta el presente y el futuro, priorizando rotundamente la sostenibilidad de todas las formas de vida; que estimula la adquisici\u00f3n de saberes y capacidades que deber\u00edan ser extendidos y asumidos por el conjunto de las personas e instituciones p\u00fablicas y privadas; entre ellas, especialmente, las educativas, para tratar de evitar el m\u00e1s que previsible colapso ecol\u00f3gico y social si no cambia el rumbo de la historia.<\/p>\n","protected":false},"excerpt":{"rendered":"<p>Hoy, los seres humanos atravesamos la emergencia planetaria en la que est\u00e1 en juego la supervivencia en condiciones dignas de la mayor\u00eda. El cambio clim\u00e1tico, la superaci\u00f3n de los l\u00edmites biof\u00edsicos del planeta, el empobrecimiento y la profundizaci\u00f3n de las desigualdades, las migraciones forzosas, las violencias de diversa \u00edndole, las guerras, la vulneraci\u00f3n de los derechos\u2026<\/p>\n<p>\u00bfSon conscientes nuestros sistemas educativos del momento hist\u00f3rico que atravesamos? \u00bfSaben que la vida humana y la no humana est\u00e1n amenazadas? \u00bfPreparan para comprender el contexto en el que se desenvuelve y se va a desenvolver la vida de quienes hoy se educan en las escuelas? \u00bfAyudan a prefigurar un futuro viable, justo y deseable? \u00bfCapacitan para el di\u00e1logo, la b\u00fasqueda de consensos, el abordaje de los conflictos y la posibilidad de transformaci\u00f3n? \u00bfO simplemente reproducen conocimientos, creencias y valores que est\u00e1n en el origen de la crisis de civilizaci\u00f3n?<\/p>\n<p>Puede que, en contra de sus propios prop\u00f3sitos, la educaci\u00f3n se haya convertido en una estrategia inadaptativa, en un problema. Si no se vislumbra ninguna posibilidad de transformaci\u00f3n, el presente es incomprensible y el futuro es oscuro, \u00abla educaci\u00f3n se vuelve dist\u00f3pica\u00bb.<\/p>\n<p>Este libro expone una propuesta educativa desde el enfoque de la sostenibilidad de la vida. Las miradas ecofeministas pretenden aterrizar en la Tierra y en las condiciones materiales y culturales de la existencia humana. Un conocimiento y pr\u00e1ctica que intenta comprender el momento en que vivimos y proyecta el presente y el futuro, priorizando rotundamente la sostenibilidad de todas las formas de vida; que estimula la adquisici\u00f3n de saberes y capacidades que deber\u00edan ser extendidos y asumidos por el conjunto de las personas e instituciones p\u00fablicas y privadas; entre ellas, especialmente, las educativas, para tratar de evitar el m\u00e1s que previsible colapso ecol\u00f3gico y social si no cambia el rumbo de la historia.<\/p>\n","protected":false},"featured_media":61274,"comment_status":"open","ping_status":"closed","template":"","meta":{"_et_pb_use_builder":"","_et_pb_old_content":"","_et_gb_content_width":""},"product_cat":[1512,6674,6675],"product_tag":[2608],"edicion":[1085,1083],"editoriales":[1160],"tienda":[],"autor_id":[15679],"universidades_coeditoras":[],"palabras_clave":[],"listado_alfabetico":[],"acf":[],"_links":{"self":[{"href":"https:\/\/wizardly-davinci.82-223-8-23.plesk.page\/en\/wp-json\/wp\/v2\/product\/61273"}],"collection":[{"href":"https:\/\/wizardly-davinci.82-223-8-23.plesk.page\/en\/wp-json\/wp\/v2\/product"}],"about":[{"href":"https:\/\/wizardly-davinci.82-223-8-23.plesk.page\/en\/wp-json\/wp\/v2\/types\/product"}],"replies":[{"embeddable":true,"href":"https:\/\/wizardly-davinci.82-223-8-23.plesk.page\/en\/wp-json\/wp\/v2\/comments?post=61273"}],"wp:featuredmedia":[{"embeddable":true,"href":"https:\/\/wizardly-davinci.82-223-8-23.plesk.page\/en\/wp-json\/wp\/v2\/media\/61274"}],"wp:attachment":[{"href":"https:\/\/wizardly-davinci.82-223-8-23.plesk.page\/en\/wp-json\/wp\/v2\/media?parent=61273"}],"wp:term":[{"taxonomy":"product_cat","embeddable":true,"href":"https:\/\/wizardly-davinci.82-223-8-23.plesk.page\/en\/wp-json\/wp\/v2\/product_cat?post=61273"},{"taxonomy":"product_tag","embeddable":true,"href":"https:\/\/wizardly-davinci.82-223-8-23.plesk.page\/en\/wp-json\/wp\/v2\/product_tag?post=61273"},{"taxonomy":"edicion","embeddable":true,"href":"https:\/\/wizardly-davinci.82-223-8-23.plesk.page\/en\/wp-json\/wp\/v2\/edicion?post=61273"},{"taxonomy":"editoriales","embeddable":true,"href":"https:\/\/wizardly-davinci.82-223-8-23.plesk.page\/en\/wp-json\/wp\/v2\/editoriales?post=61273"},{"taxonomy":"tienda","embeddable":true,"href":"https:\/\/wizardly-davinci.82-223-8-23.plesk.page\/en\/wp-json\/wp\/v2\/tienda?post=61273"},{"taxonomy":"autor_id","embeddable":true,"href":"https:\/\/wizardly-davinci.82-223-8-23.plesk.page\/en\/wp-json\/wp\/v2\/autor_id?post=61273"},{"taxonomy":"universidades_coeditoras","embeddable":true,"href":"https:\/\/wizardly-davinci.82-223-8-23.plesk.page\/en\/wp-json\/wp\/v2\/universidades_coeditoras?post=61273"},{"taxonomy":"palabras_clave","embeddable":true,"href":"https:\/\/wizardly-davinci.82-223-8-23.plesk.page\/en\/wp-json\/wp\/v2\/palabras_clave?post=61273"},{"taxonomy":"listado_alfabetico","embeddable":true,"href":"https:\/\/wizardly-davinci.82-223-8-23.plesk.page\/en\/wp-json\/wp\/v2\/listado_alfabetico?post=61273"}],"curies":[{"name":"wp","href":"https:\/\/api.w.org\/{rel}","templated":true}]}}