{"id":61377,"date":"2022-10-01T18:12:11","date_gmt":"2022-10-01T16:12:11","guid":{"rendered":"https:\/\/octaedro.com\/?post_type=product&#038;p=61377"},"modified":"2023-03-08T17:38:12","modified_gmt":"2023-03-08T16:38:12","slug":"el-profesorado-eje-fundamental-de-la-transformacion-de-la-docencia-universitaria","status":"publish","type":"product","link":"https:\/\/wizardly-davinci.82-223-8-23.plesk.page\/en\/producto\/el-profesorado-eje-fundamental-de-la-transformacion-de-la-docencia-universitaria\/","title":{"rendered":"El profesorado, eje fundamental de la transformaci\u00f3n de la docencia universitaria"},"content":{"rendered":"<p>El Instituto de Ciencias de la Educaci\u00f3n presenta en este volumen los mejores trabajos de investigaci\u00f3n educativa, tras una minuciosa revisi\u00f3n por pares llevada a cabo por especialistas de diversas universidades. En esta ocasi\u00f3n, el director de orquesta es el profesorado, art\u00edfice de llevar la batuta en el proceso de transformaci\u00f3n de la docencia universitaria.<\/p>\n<p>La obra consta de 46 cap\u00edtulos, organizados en diversas tem\u00e1ticas: 6 aportaciones muestran <em>Estrategias y metodolog\u00edas enfocadas a la transferencia del conocimiento y resultados de investigaci\u00f3n sobre docencia en la Educaci\u00f3n Superior<\/em>; 12 est\u00e1n dedicados a <em>Acciones educativas innovadoras en la Educaci\u00f3n Superior<\/em>; 1 describe <em>Experiencias educativas derivadas de la evaluaci\u00f3n y de los indicadores de la calidad docente en la Educaci\u00f3n Superior<\/em>; 11 textos tratan sobre <em>Metodolog\u00edas innovadoras basadas en el uso de las tecnolog\u00edas (TIC o TAC) en la Educaci\u00f3n Superior;<\/em> 11 trabajos est\u00e1n dedicados a la <em>Innovaci\u00f3n docente en la Educaci\u00f3n Superior en torno a la educaci\u00f3n inclusiva, accesibilidad, g\u00e9nero y educaci\u00f3n para el desarrollo sostenible; <\/em>y 5 textos detallan <em>Acciones de apoyo, orientaci\u00f3n y refuerzo al alumnado para la mejora de la formaci\u00f3n y de los resultados en la Educaci\u00f3n Superior.<\/em><\/p>\n","protected":false},"excerpt":{"rendered":"<p>El Instituto de Ciencias de la Educaci\u00f3n presenta en este volumen los mejores trabajos de investigaci\u00f3n educativa, tras una minuciosa revisi\u00f3n por pares llevada a cabo por especialistas de diversas universidades. En esta ocasi\u00f3n, el director de orquesta es el profesorado, art\u00edfice de llevar la batuta en el proceso de transformaci\u00f3n de la docencia universitaria.<\/p>\n<p>La obra consta de 46 cap\u00edtulos, organizados en diversas tem\u00e1ticas: 6 aportaciones muestran <em>Estrategias y metodolog\u00edas enfocadas a la transferencia del conocimiento y resultados de investigaci\u00f3n sobre docencia en la Educaci\u00f3n Superior<\/em>; 12 est\u00e1n dedicados a <em>Acciones educativas innovadoras en la Educaci\u00f3n Superior<\/em>; 1 describe <em>Experiencias educativas derivadas de la evaluaci\u00f3n y de los indicadores de la calidad docente en la Educaci\u00f3n Superior<\/em>; 11 textos tratan sobre <em>Metodolog\u00edas innovadoras basadas en el uso de las tecnolog\u00edas (TIC o TAC) en la Educaci\u00f3n Superior;<\/em> 11 trabajos est\u00e1n dedicados a la <em>Innovaci\u00f3n docente en la Educaci\u00f3n Superior en torno a la educaci\u00f3n inclusiva, accesibilidad, g\u00e9nero y educaci\u00f3n para el desarrollo sostenible; <\/em>y 5 textos detallan <em>Acciones de apoyo, orientaci\u00f3n y refuerzo al alumnado para la mejora de la formaci\u00f3n y de los resultados en la Educaci\u00f3n Superior.<\/em><\/p>\n","protected":false},"featured_media":61378,"comment_status":"open","ping_status":"closed","template":"","meta":{"_et_pb_use_builder":"","_et_pb_old_content":"","_et_gb_content_width":""},"product_cat":[2606,2873,6673],"product_tag":[7559],"edicion":[1084],"editoriales":[1160],"tienda":[],"autor_id":[15617],"universidades_coeditoras":[],"palabras_clave":[],"listado_alfabetico":[],"acf":[],"_links":{"self":[{"href":"https:\/\/wizardly-davinci.82-223-8-23.plesk.page\/en\/wp-json\/wp\/v2\/product\/61377"}],"collection":[{"href":"https:\/\/wizardly-davinci.82-223-8-23.plesk.page\/en\/wp-json\/wp\/v2\/product"}],"about":[{"href":"https:\/\/wizardly-davinci.82-223-8-23.plesk.page\/en\/wp-json\/wp\/v2\/types\/product"}],"replies":[{"embeddable":true,"href":"https:\/\/wizardly-davinci.82-223-8-23.plesk.page\/en\/wp-json\/wp\/v2\/comments?post=61377"}],"wp:featuredmedia":[{"embeddable":true,"href":"https:\/\/wizardly-davinci.82-223-8-23.plesk.page\/en\/wp-json\/wp\/v2\/media\/61378"}],"wp:attachment":[{"href":"https:\/\/wizardly-davinci.82-223-8-23.plesk.page\/en\/wp-json\/wp\/v2\/media?parent=61377"}],"wp:term":[{"taxonomy":"product_cat","embeddable":true,"href":"https:\/\/wizardly-davinci.82-223-8-23.plesk.page\/en\/wp-json\/wp\/v2\/product_cat?post=61377"},{"taxonomy":"product_tag","embeddable":true,"href":"https:\/\/wizardly-davinci.82-223-8-23.plesk.page\/en\/wp-json\/wp\/v2\/product_tag?post=61377"},{"taxonomy":"edicion","embeddable":true,"href":"https:\/\/wizardly-davinci.82-223-8-23.plesk.page\/en\/wp-json\/wp\/v2\/edicion?post=61377"},{"taxonomy":"editoriales","embeddable":true,"href":"https:\/\/wizardly-davinci.82-223-8-23.plesk.page\/en\/wp-json\/wp\/v2\/editoriales?post=61377"},{"taxonomy":"tienda","embeddable":true,"href":"https:\/\/wizardly-davinci.82-223-8-23.plesk.page\/en\/wp-json\/wp\/v2\/tienda?post=61377"},{"taxonomy":"autor_id","embeddable":true,"href":"https:\/\/wizardly-davinci.82-223-8-23.plesk.page\/en\/wp-json\/wp\/v2\/autor_id?post=61377"},{"taxonomy":"universidades_coeditoras","embeddable":true,"href":"https:\/\/wizardly-davinci.82-223-8-23.plesk.page\/en\/wp-json\/wp\/v2\/universidades_coeditoras?post=61377"},{"taxonomy":"palabras_clave","embeddable":true,"href":"https:\/\/wizardly-davinci.82-223-8-23.plesk.page\/en\/wp-json\/wp\/v2\/palabras_clave?post=61377"},{"taxonomy":"listado_alfabetico","embeddable":true,"href":"https:\/\/wizardly-davinci.82-223-8-23.plesk.page\/en\/wp-json\/wp\/v2\/listado_alfabetico?post=61377"}],"curies":[{"name":"wp","href":"https:\/\/api.w.org\/{rel}","templated":true}]}}