{"id":61419,"date":"2022-10-20T16:50:41","date_gmt":"2022-10-20T14:50:41","guid":{"rendered":"https:\/\/octaedro.com\/?post_type=product&#038;p=61419"},"modified":"2022-11-02T16:13:47","modified_gmt":"2022-11-02T15:13:47","slug":"etica-desarrollo-sostenible-y-ciudadania-global","status":"publish","type":"product","link":"https:\/\/wizardly-davinci.82-223-8-23.plesk.page\/en\/producto\/etica-desarrollo-sostenible-y-ciudadania-global\/","title":{"rendered":"\u00c9tica, desarrollo sostenible y ciudadan\u00eda global"},"content":{"rendered":"<p>Este libro proporciona herramientas para dise\u00f1ar proyectos de aprendizaje-servicio que integran los Objetivos de Desarrollo Sostenible (ODS) en los dinamismos pedag\u00f3gicos de dicha metodolog\u00eda. Combinar la Agenda 2030, y la metodolog\u00eda de aprendizaje-servicio en un \u00fanico proyecto educativo favorece la adquisici\u00f3n de competencias del alumnado al mismo tiempo que promueve la ciudadan\u00eda global. Ante un mundo plural y diverso, es un desaf\u00edo aplicar metodolog\u00edas activas que den respuesta a necesidades y que integren investigaci\u00f3n-reflexi\u00f3n-acci\u00f3n. La pedagog\u00eda de la realidad y del encuentro, en la que se apoya el aprendizaje-servicio, contribuye a formar una ciudadan\u00eda cr\u00edtica, solidaria y responsable.<\/p>\n","protected":false},"excerpt":{"rendered":"<p>Este libro proporciona herramientas para dise\u00f1ar proyectos de aprendizaje-servicio que integran los Objetivos de Desarrollo Sostenible (ODS) en los dinamismos pedag\u00f3gicos de dicha metodolog\u00eda. Combinar la Agenda 2030, y la metodolog\u00eda de aprendizaje-servicio en un \u00fanico proyecto educativo favorece la adquisici\u00f3n de competencias del alumnado al mismo tiempo que promueve la ciudadan\u00eda global. Ante un mundo plural y diverso, es un desaf\u00edo aplicar metodolog\u00edas activas que den respuesta a necesidades y que integren investigaci\u00f3n-reflexi\u00f3n-acci\u00f3n. La pedagog\u00eda de la realidad y del encuentro, en la que se apoya el aprendizaje-servicio, contribuye a formar una ciudadan\u00eda cr\u00edtica, solidaria y responsable.<\/p>\n","protected":false},"featured_media":61420,"comment_status":"open","ping_status":"closed","template":"","meta":{"_et_pb_use_builder":"","_et_pb_old_content":"","_et_gb_content_width":""},"product_cat":[2606,6673],"product_tag":[2605],"edicion":[1084],"editoriales":[1160],"tienda":[],"autor_id":[22770],"universidades_coeditoras":[],"palabras_clave":[],"listado_alfabetico":[],"acf":[],"_links":{"self":[{"href":"https:\/\/wizardly-davinci.82-223-8-23.plesk.page\/en\/wp-json\/wp\/v2\/product\/61419"}],"collection":[{"href":"https:\/\/wizardly-davinci.82-223-8-23.plesk.page\/en\/wp-json\/wp\/v2\/product"}],"about":[{"href":"https:\/\/wizardly-davinci.82-223-8-23.plesk.page\/en\/wp-json\/wp\/v2\/types\/product"}],"replies":[{"embeddable":true,"href":"https:\/\/wizardly-davinci.82-223-8-23.plesk.page\/en\/wp-json\/wp\/v2\/comments?post=61419"}],"wp:featuredmedia":[{"embeddable":true,"href":"https:\/\/wizardly-davinci.82-223-8-23.plesk.page\/en\/wp-json\/wp\/v2\/media\/61420"}],"wp:attachment":[{"href":"https:\/\/wizardly-davinci.82-223-8-23.plesk.page\/en\/wp-json\/wp\/v2\/media?parent=61419"}],"wp:term":[{"taxonomy":"product_cat","embeddable":true,"href":"https:\/\/wizardly-davinci.82-223-8-23.plesk.page\/en\/wp-json\/wp\/v2\/product_cat?post=61419"},{"taxonomy":"product_tag","embeddable":true,"href":"https:\/\/wizardly-davinci.82-223-8-23.plesk.page\/en\/wp-json\/wp\/v2\/product_tag?post=61419"},{"taxonomy":"edicion","embeddable":true,"href":"https:\/\/wizardly-davinci.82-223-8-23.plesk.page\/en\/wp-json\/wp\/v2\/edicion?post=61419"},{"taxonomy":"editoriales","embeddable":true,"href":"https:\/\/wizardly-davinci.82-223-8-23.plesk.page\/en\/wp-json\/wp\/v2\/editoriales?post=61419"},{"taxonomy":"tienda","embeddable":true,"href":"https:\/\/wizardly-davinci.82-223-8-23.plesk.page\/en\/wp-json\/wp\/v2\/tienda?post=61419"},{"taxonomy":"autor_id","embeddable":true,"href":"https:\/\/wizardly-davinci.82-223-8-23.plesk.page\/en\/wp-json\/wp\/v2\/autor_id?post=61419"},{"taxonomy":"universidades_coeditoras","embeddable":true,"href":"https:\/\/wizardly-davinci.82-223-8-23.plesk.page\/en\/wp-json\/wp\/v2\/universidades_coeditoras?post=61419"},{"taxonomy":"palabras_clave","embeddable":true,"href":"https:\/\/wizardly-davinci.82-223-8-23.plesk.page\/en\/wp-json\/wp\/v2\/palabras_clave?post=61419"},{"taxonomy":"listado_alfabetico","embeddable":true,"href":"https:\/\/wizardly-davinci.82-223-8-23.plesk.page\/en\/wp-json\/wp\/v2\/listado_alfabetico?post=61419"}],"curies":[{"name":"wp","href":"https:\/\/api.w.org\/{rel}","templated":true}]}}