{"id":61547,"date":"2022-10-29T17:09:55","date_gmt":"2022-10-29T15:09:55","guid":{"rendered":"https:\/\/octaedro.com\/?post_type=product&#038;p=61547"},"modified":"2022-12-13T17:11:16","modified_gmt":"2022-12-13T16:11:16","slug":"mujer-educacion-e-inclusion-laboral","status":"publish","type":"product","link":"https:\/\/wizardly-davinci.82-223-8-23.plesk.page\/en\/producto\/mujer-educacion-e-inclusion-laboral\/","title":{"rendered":"Mujer, educaci\u00f3n e inclusi\u00f3n laboral"},"content":{"rendered":"<p>Este libro est\u00e1 destinado a destapar algunos mecanismos que dificultan que las mujeres puedan conseguir la igualdad real que reivindican como cuesti\u00f3n de justicia. Impedimentos costosos de detectar, porque, con frecuencia, van m\u00e1s all\u00e1 de las leyes, decretos y circulares que emanan de distintas administraciones. Trabas que se introducen en el lugar m\u00e1s dif\u00edcil de penetrar, la propia conciencia de los hombres y mujeres, sometida durante a\u00f1os a la recepci\u00f3n de mensajes que invitan a la consideraci\u00f3n de espacios, actitudes, gustos, expectativas\u2026 desiguales para uno y otro sexo, fruto de una socializaci\u00f3n diferenciada. Discursos, verbales o ic\u00f3nicos, que los invitan a crear identidades personales y profesionales determinadas no por las preferencias propias de la diversidad que caracteriza a la especie humana, sino por el hecho no elegido de haber nacido con unos \u00f3rganos sexuales espec\u00edficos.<\/p>\n<p>Esta obra pretende contribuir al desvelamiento de algunos de esos discursos dirigidos a las mujeres dentro del terreno de la educaci\u00f3n formal. Para ello, se ha realizado un an\u00e1lisis exhaustivo de, probablemente, su recurso did\u00e1ctico protagonista: el libro de texto, instrumento socializador con un poder relevante en la conformaci\u00f3n de las identidades personales y, por consiguiente, con potencial influencia en la transmisi\u00f3n y configuraci\u00f3n de una cultura sociolaboral sesgada por g\u00e9nero. La \u00e9poca elegida ha sido la Espa\u00f1a democr\u00e1tica que comienza tras el fin de la dictadura franquista, en 1975, y se prolonga hasta nuestros d\u00edas. Los resultados dar\u00e1n mucho que pensar al p\u00fablico lector y lo concienciar\u00e1n del camino que hay que recorrer para el logro de una sociedad m\u00e1s justa para toda la ciudadan\u00eda.<\/p>\n","protected":false},"excerpt":{"rendered":"<p>Este libro est\u00e1 destinado a destapar algunos mecanismos que dificultan que las mujeres puedan conseguir la igualdad real que reivindican como cuesti\u00f3n de justicia. Impedimentos costosos de detectar, porque, con frecuencia, van m\u00e1s all\u00e1 de las leyes, decretos y circulares que emanan de distintas administraciones. Trabas que se introducen en el lugar m\u00e1s dif\u00edcil de penetrar, la propia conciencia de los hombres y mujeres, sometida durante a\u00f1os a la recepci\u00f3n de mensajes que invitan a la consideraci\u00f3n de espacios, actitudes, gustos, expectativas\u2026 desiguales para uno y otro sexo, fruto de una socializaci\u00f3n diferenciada. Discursos, verbales o ic\u00f3nicos, que los invitan a crear identidades personales y profesionales determinadas no por las preferencias propias de la diversidad que caracteriza a la especie humana, sino por el hecho no elegido de haber nacido con unos \u00f3rganos sexuales espec\u00edficos.<\/p>\n<p>Esta obra pretende contribuir al desvelamiento de algunos de esos discursos dirigidos a las mujeres dentro del terreno de la educaci\u00f3n formal. Para ello, se ha realizado un an\u00e1lisis exhaustivo de, probablemente, su recurso did\u00e1ctico protagonista: el libro de texto, instrumento socializador con un poder relevante en la conformaci\u00f3n de las identidades personales y, por consiguiente, con potencial influencia en la transmisi\u00f3n y configuraci\u00f3n de una cultura sociolaboral sesgada por g\u00e9nero. La \u00e9poca elegida ha sido la Espa\u00f1a democr\u00e1tica que comienza tras el fin de la dictadura franquista, en 1975, y se prolonga hasta nuestros d\u00edas. Los resultados dar\u00e1n mucho que pensar al p\u00fablico lector y lo concienciar\u00e1n del camino que hay que recorrer para el logro de una sociedad m\u00e1s justa para toda la ciudadan\u00eda.<\/p>\n","protected":false},"featured_media":61548,"comment_status":"open","ping_status":"closed","template":"","meta":{"_et_pb_use_builder":"","_et_pb_old_content":"","_et_gb_content_width":""},"product_cat":[2606,6936,6674,6675],"product_tag":[2608],"edicion":[1085,1083],"editoriales":[1160],"tienda":[],"autor_id":[],"universidades_coeditoras":[],"palabras_clave":[],"listado_alfabetico":[],"acf":[],"_links":{"self":[{"href":"https:\/\/wizardly-davinci.82-223-8-23.plesk.page\/en\/wp-json\/wp\/v2\/product\/61547"}],"collection":[{"href":"https:\/\/wizardly-davinci.82-223-8-23.plesk.page\/en\/wp-json\/wp\/v2\/product"}],"about":[{"href":"https:\/\/wizardly-davinci.82-223-8-23.plesk.page\/en\/wp-json\/wp\/v2\/types\/product"}],"replies":[{"embeddable":true,"href":"https:\/\/wizardly-davinci.82-223-8-23.plesk.page\/en\/wp-json\/wp\/v2\/comments?post=61547"}],"wp:featuredmedia":[{"embeddable":true,"href":"https:\/\/wizardly-davinci.82-223-8-23.plesk.page\/en\/wp-json\/wp\/v2\/media\/61548"}],"wp:attachment":[{"href":"https:\/\/wizardly-davinci.82-223-8-23.plesk.page\/en\/wp-json\/wp\/v2\/media?parent=61547"}],"wp:term":[{"taxonomy":"product_cat","embeddable":true,"href":"https:\/\/wizardly-davinci.82-223-8-23.plesk.page\/en\/wp-json\/wp\/v2\/product_cat?post=61547"},{"taxonomy":"product_tag","embeddable":true,"href":"https:\/\/wizardly-davinci.82-223-8-23.plesk.page\/en\/wp-json\/wp\/v2\/product_tag?post=61547"},{"taxonomy":"edicion","embeddable":true,"href":"https:\/\/wizardly-davinci.82-223-8-23.plesk.page\/en\/wp-json\/wp\/v2\/edicion?post=61547"},{"taxonomy":"editoriales","embeddable":true,"href":"https:\/\/wizardly-davinci.82-223-8-23.plesk.page\/en\/wp-json\/wp\/v2\/editoriales?post=61547"},{"taxonomy":"tienda","embeddable":true,"href":"https:\/\/wizardly-davinci.82-223-8-23.plesk.page\/en\/wp-json\/wp\/v2\/tienda?post=61547"},{"taxonomy":"autor_id","embeddable":true,"href":"https:\/\/wizardly-davinci.82-223-8-23.plesk.page\/en\/wp-json\/wp\/v2\/autor_id?post=61547"},{"taxonomy":"universidades_coeditoras","embeddable":true,"href":"https:\/\/wizardly-davinci.82-223-8-23.plesk.page\/en\/wp-json\/wp\/v2\/universidades_coeditoras?post=61547"},{"taxonomy":"palabras_clave","embeddable":true,"href":"https:\/\/wizardly-davinci.82-223-8-23.plesk.page\/en\/wp-json\/wp\/v2\/palabras_clave?post=61547"},{"taxonomy":"listado_alfabetico","embeddable":true,"href":"https:\/\/wizardly-davinci.82-223-8-23.plesk.page\/en\/wp-json\/wp\/v2\/listado_alfabetico?post=61547"}],"curies":[{"name":"wp","href":"https:\/\/api.w.org\/{rel}","templated":true}]}}