{"id":61638,"date":"2022-11-04T17:59:25","date_gmt":"2022-11-04T16:59:25","guid":{"rendered":"https:\/\/octaedro.com\/?post_type=product&#038;p=61638"},"modified":"2022-11-21T16:33:22","modified_gmt":"2022-11-21T15:33:22","slug":"nos-estrenamos-en-la-escuela-infantil","status":"publish","type":"product","link":"https:\/\/wizardly-davinci.82-223-8-23.plesk.page\/en\/producto\/nos-estrenamos-en-la-escuela-infantil\/","title":{"rendered":"Nos estrenamos en la escuela infantil"},"content":{"rendered":"<p>Cuando una familia lleva a su hijo o hija a la escuela infantil, de 0 a 3 a\u00f1os, todo el mundo se estrena, ni\u00f1os y adultos. El libro ofrece una gu\u00eda b\u00e1sica sobre la escuela infantil que informa sobre las preguntas que se generan cuando se ha de tomar esta decisi\u00f3n. El texto gira en torno a Eva, una ni\u00f1a de 18 meses. En la primera parte de la obra se exponen los cimientos te\u00f3ricos de la pedagog\u00eda de la educaci\u00f3n infantil. Se pone el \u00e9nfasis en las aportaciones de los grandes autores cl\u00e1sicos, desde Rousseau hasta Loris Malaguzzi, as\u00ed como en las teor\u00edas de pedagogos y psic\u00f3logos sobre los rasgos y el desarrollo de la infancia. Se describe el sentido de la escuela infantil y se explican sus objetivos de acuerdo con los nuevos modelos familiares.<\/p>\n<p>La segunda parte es una larga conversaci\u00f3n entre Marta, directora de la escuela infantil, y el padre y la madre de Eva. Se atiende a las inquietudes de las familias a la hora de matricular a sus hijos en la escuela infantil: los horarios, qu\u00e9 comen, c\u00f3mo duermen, qu\u00e9 actividades hacen, qu\u00e9 aprenden, cu\u00e1les son sus rutinas, c\u00f3mo funciona la escuela, c\u00f3mo juegan, bailan y experimentan, c\u00f3mo crecen, c\u00f3mo informan y se comunican con las familias, c\u00f3mo manejan los lloros, qu\u00e9 fiestas celebran, c\u00f3mo se organizan las educadoras&#8230; Un di\u00e1logo \u00e1gil y fresco, basado en preguntas habituales, que informa sobre la escuela infantil y que resuelve las dudas de las familias.<\/p>\n","protected":false},"excerpt":{"rendered":"<p>Cuando una familia lleva a su hijo o hija a la escuela infantil, de 0 a 3 a\u00f1os, todo el mundo se estrena, ni\u00f1os y adultos. El libro ofrece una gu\u00eda b\u00e1sica sobre la escuela infantil que informa sobre las preguntas que se generan cuando se ha de tomar esta decisi\u00f3n. El texto gira en torno a Eva, una ni\u00f1a de 18 meses. En la primera parte de la obra se exponen los cimientos te\u00f3ricos de la pedagog\u00eda de la educaci\u00f3n infantil. Se pone el \u00e9nfasis en las aportaciones de los grandes autores cl\u00e1sicos, desde Rousseau hasta Loris Malaguzzi, as\u00ed como en las teor\u00edas de pedagogos y psic\u00f3logos sobre los rasgos y el desarrollo de la infancia. Se describe el sentido de la escuela infantil y se explican sus objetivos de acuerdo con los nuevos modelos familiares.<\/p>\n<p>La segunda parte es una larga conversaci\u00f3n entre Marta, directora de la escuela infantil, y el padre y la madre de Eva. Se atiende a las inquietudes de las familias a la hora de matricular a sus hijos en la escuela infantil: los horarios, qu\u00e9 comen, c\u00f3mo duermen, qu\u00e9 actividades hacen, qu\u00e9 aprenden, cu\u00e1les son sus rutinas, c\u00f3mo funciona la escuela, c\u00f3mo juegan, bailan y experimentan, c\u00f3mo crecen, c\u00f3mo informan y se comunican con las familias, c\u00f3mo manejan los lloros, qu\u00e9 fiestas celebran, c\u00f3mo se organizan las educadoras&#8230; Un di\u00e1logo \u00e1gil y fresco, basado en preguntas habituales, que informa sobre la escuela infantil y que resuelve las dudas de las familias.<\/p>\n","protected":false},"featured_media":61639,"comment_status":"open","ping_status":"closed","template":"","meta":{"_et_pb_use_builder":"","_et_pb_old_content":"","_et_gb_content_width":""},"product_cat":[1512,6675],"product_tag":[2602],"edicion":[1083],"editoriales":[1160],"tienda":[],"autor_id":[20512,5662],"universidades_coeditoras":[],"palabras_clave":[],"listado_alfabetico":[],"acf":[],"_links":{"self":[{"href":"https:\/\/wizardly-davinci.82-223-8-23.plesk.page\/en\/wp-json\/wp\/v2\/product\/61638"}],"collection":[{"href":"https:\/\/wizardly-davinci.82-223-8-23.plesk.page\/en\/wp-json\/wp\/v2\/product"}],"about":[{"href":"https:\/\/wizardly-davinci.82-223-8-23.plesk.page\/en\/wp-json\/wp\/v2\/types\/product"}],"replies":[{"embeddable":true,"href":"https:\/\/wizardly-davinci.82-223-8-23.plesk.page\/en\/wp-json\/wp\/v2\/comments?post=61638"}],"wp:featuredmedia":[{"embeddable":true,"href":"https:\/\/wizardly-davinci.82-223-8-23.plesk.page\/en\/wp-json\/wp\/v2\/media\/61639"}],"wp:attachment":[{"href":"https:\/\/wizardly-davinci.82-223-8-23.plesk.page\/en\/wp-json\/wp\/v2\/media?parent=61638"}],"wp:term":[{"taxonomy":"product_cat","embeddable":true,"href":"https:\/\/wizardly-davinci.82-223-8-23.plesk.page\/en\/wp-json\/wp\/v2\/product_cat?post=61638"},{"taxonomy":"product_tag","embeddable":true,"href":"https:\/\/wizardly-davinci.82-223-8-23.plesk.page\/en\/wp-json\/wp\/v2\/product_tag?post=61638"},{"taxonomy":"edicion","embeddable":true,"href":"https:\/\/wizardly-davinci.82-223-8-23.plesk.page\/en\/wp-json\/wp\/v2\/edicion?post=61638"},{"taxonomy":"editoriales","embeddable":true,"href":"https:\/\/wizardly-davinci.82-223-8-23.plesk.page\/en\/wp-json\/wp\/v2\/editoriales?post=61638"},{"taxonomy":"tienda","embeddable":true,"href":"https:\/\/wizardly-davinci.82-223-8-23.plesk.page\/en\/wp-json\/wp\/v2\/tienda?post=61638"},{"taxonomy":"autor_id","embeddable":true,"href":"https:\/\/wizardly-davinci.82-223-8-23.plesk.page\/en\/wp-json\/wp\/v2\/autor_id?post=61638"},{"taxonomy":"universidades_coeditoras","embeddable":true,"href":"https:\/\/wizardly-davinci.82-223-8-23.plesk.page\/en\/wp-json\/wp\/v2\/universidades_coeditoras?post=61638"},{"taxonomy":"palabras_clave","embeddable":true,"href":"https:\/\/wizardly-davinci.82-223-8-23.plesk.page\/en\/wp-json\/wp\/v2\/palabras_clave?post=61638"},{"taxonomy":"listado_alfabetico","embeddable":true,"href":"https:\/\/wizardly-davinci.82-223-8-23.plesk.page\/en\/wp-json\/wp\/v2\/listado_alfabetico?post=61638"}],"curies":[{"name":"wp","href":"https:\/\/api.w.org\/{rel}","templated":true}]}}