{"id":61673,"date":"2023-04-06T14:03:34","date_gmt":"2023-04-06T12:03:34","guid":{"rendered":"https:\/\/octaedro.com\/?post_type=product&#038;p=61673"},"modified":"2023-04-17T18:20:15","modified_gmt":"2023-04-17T16:20:15","slug":"investigar-e-innovar-en-la-era-digital","status":"publish","type":"product","link":"https:\/\/wizardly-davinci.82-223-8-23.plesk.page\/en\/producto\/investigar-e-innovar-en-la-era-digital\/","title":{"rendered":"Investigar e innovar en la era digital"},"content":{"rendered":"","protected":false},"excerpt":{"rendered":"<p>En este libro se presenta el trabajo desarrollado por 64 expertos en tecnolog\u00eda educativa de 19 pa\u00edses, constituidos en diez grupos de trabajo. Cada uno aborda, desde la revisi\u00f3n te\u00f3rica, la reflexi\u00f3n y la pr\u00e1ctica profesional, los aspectos clave para poder investigar e innovar en la era digital con una perspectiva de lo que considera que ser\u00e1 relevante en el horizonte de los pr\u00f3ximos cinco a\u00f1os.<\/p>\n<p>La obra trata cuestiones como las pol\u00edticas educativas, la construcci\u00f3n del conocimiento, los escenarios de aprendizaje, la formaci\u00f3n de formadores, la innovaci\u00f3n, la cultura, las competencias clave, la \u00e9tica, la inclusi\u00f3n, la cohesi\u00f3n social, o las redes y la participaci\u00f3n ciudadana, todas ellas desde la mirada de la investigaci\u00f3n y la innovaci\u00f3n en tecnolog\u00eda educativa.<\/p>\n<p>Este trabajo toma como punto de partida las conclusiones del F\u00f3rum Internacional de Educaci\u00f3n y Tecnolog\u00eda celebrado en 2014 en la Universitat Rovira i Virgili (URV), al cual se ha dado continuidad con la segunda edici\u00f3n de 2021, que se realiz\u00f3 en l\u00ednea.<\/p>\n","protected":false},"featured_media":61674,"comment_status":"open","ping_status":"closed","template":"","meta":{"_et_pb_use_builder":"","_et_pb_old_content":"","_et_gb_content_width":""},"product_cat":[2606,6674,6675],"product_tag":[2608],"edicion":[1085,1083],"editoriales":[1160],"tienda":[],"autor_id":[5444,5595,5849],"universidades_coeditoras":[],"palabras_clave":[],"listado_alfabetico":[],"acf":[],"_links":{"self":[{"href":"https:\/\/wizardly-davinci.82-223-8-23.plesk.page\/en\/wp-json\/wp\/v2\/product\/61673"}],"collection":[{"href":"https:\/\/wizardly-davinci.82-223-8-23.plesk.page\/en\/wp-json\/wp\/v2\/product"}],"about":[{"href":"https:\/\/wizardly-davinci.82-223-8-23.plesk.page\/en\/wp-json\/wp\/v2\/types\/product"}],"replies":[{"embeddable":true,"href":"https:\/\/wizardly-davinci.82-223-8-23.plesk.page\/en\/wp-json\/wp\/v2\/comments?post=61673"}],"wp:featuredmedia":[{"embeddable":true,"href":"https:\/\/wizardly-davinci.82-223-8-23.plesk.page\/en\/wp-json\/wp\/v2\/media\/61674"}],"wp:attachment":[{"href":"https:\/\/wizardly-davinci.82-223-8-23.plesk.page\/en\/wp-json\/wp\/v2\/media?parent=61673"}],"wp:term":[{"taxonomy":"product_cat","embeddable":true,"href":"https:\/\/wizardly-davinci.82-223-8-23.plesk.page\/en\/wp-json\/wp\/v2\/product_cat?post=61673"},{"taxonomy":"product_tag","embeddable":true,"href":"https:\/\/wizardly-davinci.82-223-8-23.plesk.page\/en\/wp-json\/wp\/v2\/product_tag?post=61673"},{"taxonomy":"edicion","embeddable":true,"href":"https:\/\/wizardly-davinci.82-223-8-23.plesk.page\/en\/wp-json\/wp\/v2\/edicion?post=61673"},{"taxonomy":"editoriales","embeddable":true,"href":"https:\/\/wizardly-davinci.82-223-8-23.plesk.page\/en\/wp-json\/wp\/v2\/editoriales?post=61673"},{"taxonomy":"tienda","embeddable":true,"href":"https:\/\/wizardly-davinci.82-223-8-23.plesk.page\/en\/wp-json\/wp\/v2\/tienda?post=61673"},{"taxonomy":"autor_id","embeddable":true,"href":"https:\/\/wizardly-davinci.82-223-8-23.plesk.page\/en\/wp-json\/wp\/v2\/autor_id?post=61673"},{"taxonomy":"universidades_coeditoras","embeddable":true,"href":"https:\/\/wizardly-davinci.82-223-8-23.plesk.page\/en\/wp-json\/wp\/v2\/universidades_coeditoras?post=61673"},{"taxonomy":"palabras_clave","embeddable":true,"href":"https:\/\/wizardly-davinci.82-223-8-23.plesk.page\/en\/wp-json\/wp\/v2\/palabras_clave?post=61673"},{"taxonomy":"listado_alfabetico","embeddable":true,"href":"https:\/\/wizardly-davinci.82-223-8-23.plesk.page\/en\/wp-json\/wp\/v2\/listado_alfabetico?post=61673"}],"curies":[{"name":"wp","href":"https:\/\/api.w.org\/{rel}","templated":true}]}}