{"id":61731,"date":"2022-12-15T18:23:08","date_gmt":"2022-12-15T17:23:08","guid":{"rendered":"https:\/\/octaedro.com\/?post_type=product&#038;p=61731"},"modified":"2023-01-11T16:56:26","modified_gmt":"2023-01-11T15:56:26","slug":"orientacion-educativa-y-universidad","status":"publish","type":"product","link":"https:\/\/wizardly-davinci.82-223-8-23.plesk.page\/en\/producto\/orientacion-educativa-y-universidad\/","title":{"rendered":"Orientaci\u00f3n educativa y universidad"},"content":{"rendered":"","protected":false},"excerpt":{"rendered":"<p>La Orientaci\u00f3n educativa universitaria es un distintivo de calidad universitaria, como demuestra la larga tradici\u00f3n existente en las universidades m\u00e1s prestigiosas de Europa y EE. UU.<\/p>\n<p>El apoyo y la orientaci\u00f3n que ofrece un tutor y\/o mentor al alumnado facilitan su integraci\u00f3n personal, social y acad\u00e9mica en la universidad, y, como consecuencia, llevan aparejada una disminuci\u00f3n del abandono universitario. Este proceso de apoyo y orientaci\u00f3n se debe iniciar antes del ingreso del estudiante en la universidad y tiene que proseguir durante su permanencia y despu\u00e9s de su egreso.<\/p>\n<p>Con este libro se inicia la serie \u00abOrientaci\u00f3n Educativa Universitaria\u00bb, cuyo objetivo es contribuir a la mejora de la orientaci\u00f3n educativa. El contenido de los cap\u00edtulos de este volumen se centra en la normativa de la Orientaci\u00f3n educativa en Espa\u00f1a; el asesoramiento psicoeducativo en los procesos de ense\u00f1anza-aprendizaje; la Orientaci\u00f3n educativa universitaria en la educaci\u00f3n presencial y en la educaci\u00f3n a distancia; la formaci\u00f3n del profesorado relativa al desarrollo de las competencias vinculadas a la funci\u00f3n tutorial; la orientaci\u00f3n de estudiantes egresados desde Alumni en las universidades espa\u00f1olas, y la orientaci\u00f3n acad\u00e9mico-profesional a estudiantes egresados.<\/p>\n<p>La Orientaci\u00f3n educativa de calidad ayudar\u00e1 a la consecuci\u00f3n del ODS 4 \u00abEducaci\u00f3n de calidad\u00bb, favoreciendo la educaci\u00f3n inclusiva y equitativa y promoviendo oportunidades de aprendizaje a lo largo de toda la vida para todas las personas.<\/p>\n","protected":false},"featured_media":61732,"comment_status":"open","ping_status":"closed","template":"","meta":{"_et_pb_use_builder":"","_et_pb_old_content":"","_et_gb_content_width":""},"product_cat":[2606,6936,6674,6675],"product_tag":[2608],"edicion":[1085,1083],"editoriales":[1160],"tienda":[],"autor_id":[22798],"universidades_coeditoras":[],"palabras_clave":[],"listado_alfabetico":[],"acf":[],"_links":{"self":[{"href":"https:\/\/wizardly-davinci.82-223-8-23.plesk.page\/en\/wp-json\/wp\/v2\/product\/61731"}],"collection":[{"href":"https:\/\/wizardly-davinci.82-223-8-23.plesk.page\/en\/wp-json\/wp\/v2\/product"}],"about":[{"href":"https:\/\/wizardly-davinci.82-223-8-23.plesk.page\/en\/wp-json\/wp\/v2\/types\/product"}],"replies":[{"embeddable":true,"href":"https:\/\/wizardly-davinci.82-223-8-23.plesk.page\/en\/wp-json\/wp\/v2\/comments?post=61731"}],"wp:featuredmedia":[{"embeddable":true,"href":"https:\/\/wizardly-davinci.82-223-8-23.plesk.page\/en\/wp-json\/wp\/v2\/media\/61732"}],"wp:attachment":[{"href":"https:\/\/wizardly-davinci.82-223-8-23.plesk.page\/en\/wp-json\/wp\/v2\/media?parent=61731"}],"wp:term":[{"taxonomy":"product_cat","embeddable":true,"href":"https:\/\/wizardly-davinci.82-223-8-23.plesk.page\/en\/wp-json\/wp\/v2\/product_cat?post=61731"},{"taxonomy":"product_tag","embeddable":true,"href":"https:\/\/wizardly-davinci.82-223-8-23.plesk.page\/en\/wp-json\/wp\/v2\/product_tag?post=61731"},{"taxonomy":"edicion","embeddable":true,"href":"https:\/\/wizardly-davinci.82-223-8-23.plesk.page\/en\/wp-json\/wp\/v2\/edicion?post=61731"},{"taxonomy":"editoriales","embeddable":true,"href":"https:\/\/wizardly-davinci.82-223-8-23.plesk.page\/en\/wp-json\/wp\/v2\/editoriales?post=61731"},{"taxonomy":"tienda","embeddable":true,"href":"https:\/\/wizardly-davinci.82-223-8-23.plesk.page\/en\/wp-json\/wp\/v2\/tienda?post=61731"},{"taxonomy":"autor_id","embeddable":true,"href":"https:\/\/wizardly-davinci.82-223-8-23.plesk.page\/en\/wp-json\/wp\/v2\/autor_id?post=61731"},{"taxonomy":"universidades_coeditoras","embeddable":true,"href":"https:\/\/wizardly-davinci.82-223-8-23.plesk.page\/en\/wp-json\/wp\/v2\/universidades_coeditoras?post=61731"},{"taxonomy":"palabras_clave","embeddable":true,"href":"https:\/\/wizardly-davinci.82-223-8-23.plesk.page\/en\/wp-json\/wp\/v2\/palabras_clave?post=61731"},{"taxonomy":"listado_alfabetico","embeddable":true,"href":"https:\/\/wizardly-davinci.82-223-8-23.plesk.page\/en\/wp-json\/wp\/v2\/listado_alfabetico?post=61731"}],"curies":[{"name":"wp","href":"https:\/\/api.w.org\/{rel}","templated":true}]}}